{"id":419,"date":"2024-03-16T20:58:10","date_gmt":"2024-03-16T19:58:10","guid":{"rendered":"http:\/\/saab-car-museum.local\/?page_id=419"},"modified":"2024-04-10T11:43:58","modified_gmt":"2024-04-10T10:43:58","slug":"saabs-historia","status":"publish","type":"page","link":"https:\/\/saabcarmuseum.se\/en\/saabs-historia\/","title":{"rendered":"The story of Saab"},"content":{"rendered":"<div data-elementor-type=\"wp-page\" data-elementor-id=\"419\" class=\"elementor elementor-419\" data-elementor-post-type=\"page\">\n\t\t\t\t<div class=\"elementor-element elementor-element-f6fde83 e-flex e-con-boxed e-con e-parent\" data-id=\"f6fde83\" data-element_type=\"container\" data-e-type=\"container\" data-settings=\"{&quot;background_background&quot;:&quot;classic&quot;}\">\n\t\t\t\t\t<div class=\"e-con-inner\">\n\t\t\t\t<div class=\"elementor-element elementor-element-40f1a79 elementor-widget elementor-widget-heading\" data-id=\"40f1a79\" data-element_type=\"widget\" data-e-type=\"widget\" data-widget_type=\"heading.default\">\n\t\t\t\t\t<h1 class=\"elementor-heading-title elementor-size-default\">The story of Saab<\/h1>\t\t\t\t<\/div>\n\t\t\t\t\t<\/div>\n\t\t\t\t<\/div>\n\t\t<div class=\"elementor-element elementor-element-33be2b9 e-flex e-con-boxed e-con e-parent\" data-id=\"33be2b9\" data-element_type=\"container\" data-e-type=\"container\">\n\t\t\t\t\t<div class=\"e-con-inner\">\n\t\t<div class=\"elementor-element elementor-element-ee552e0 e-con-full e-flex e-con e-child\" data-id=\"ee552e0\" data-element_type=\"container\" data-e-type=\"container\">\n\t\t\t\t<div class=\"elementor-element elementor-element-dbd7431 elementor-widget elementor-widget-heading\" data-id=\"dbd7431\" data-element_type=\"widget\" data-e-type=\"widget\" data-widget_type=\"heading.default\">\n\t\t\t\t\t<h1 class=\"elementor-heading-title elementor-size-default\">1947<\/h1>\t\t\t\t<\/div>\n\t\t\t\t<div class=\"elementor-element elementor-element-ae152cf elementor-widget elementor-widget-heading\" data-id=\"ae152cf\" data-element_type=\"widget\" data-e-type=\"widget\" data-widget_type=\"heading.default\">\n\t\t\t\t\t<h2 class=\"elementor-heading-title elementor-size-default\">It started with aeroplanes<\/h2>\t\t\t\t<\/div>\n\t\t\t\t<div class=\"elementor-element elementor-element-ec80faf elementor-widget elementor-widget-text-editor\" data-id=\"ec80faf\" data-element_type=\"widget\" data-e-type=\"widget\" data-widget_type=\"text-editor.default\">\n\t\t\t\t\t\t\t\t\t<p>One June 10th 1947 the aircraft manufacturer Saab \u2013 Svenska Aeroplan Aktiebolaget \u2013 presented its first car, the Saab 92. On December 12 1949, production began in Trollh\u00e4ttan.<\/p><p>By model year 1956, the Saab 92 had become the Saab 93. The Saab 96 and the Saab 95, the estate car, came in 1960. The Saab V4 came 1966.<\/p>\t\t\t\t\t\t\t\t<\/div>\n\t\t\t\t<div class=\"elementor-element elementor-element-d514ff9 elementor-widget elementor-widget-image\" data-id=\"d514ff9\" data-element_type=\"widget\" data-e-type=\"widget\" data-widget_type=\"image.default\">\n\t\t\t\t\t\t\t\t\t\t\t\t\t\t\t<img decoding=\"async\" width=\"440\" height=\"63\" src=\"https:\/\/saabcarmuseum.se\/wp-content\/uploads\/2024\/03\/timeline01.svg\" class=\"attachment-large size-large wp-image-453\" alt=\"\" \/>\t\t\t\t\t\t\t\t\t\t\t\t\t\t\t<\/div>\n\t\t\t\t<\/div>\n\t\t<div class=\"elementor-element elementor-element-c87f8e5 e-con-full e-flex e-con e-child\" data-id=\"c87f8e5\" data-element_type=\"container\" data-e-type=\"container\">\n\t\t\t\t<div class=\"elementor-element elementor-element-3b74d89 elementor-invisible elementor-widget elementor-widget-image\" data-id=\"3b74d89\" data-element_type=\"widget\" data-e-type=\"widget\" data-settings=\"{&quot;_animation&quot;:&quot;slideInRight&quot;}\" data-widget_type=\"image.default\">\n\t\t\t\t\t\t\t\t\t\t\t\t\t\t\t<img fetchpriority=\"high\" decoding=\"async\" width=\"600\" height=\"223\" src=\"https:\/\/saabcarmuseum.se\/wp-content\/uploads\/2024\/04\/lutz01.png\" class=\"attachment-full size-full wp-image-2278\" alt=\"\" srcset=\"https:\/\/saabcarmuseum.se\/wp-content\/uploads\/2024\/04\/lutz01.png 600w, https:\/\/saabcarmuseum.se\/wp-content\/uploads\/2024\/04\/lutz01-18x7.png 18w\" sizes=\"(max-width: 600px) 100vw, 600px\" \/>\t\t\t\t\t\t\t\t\t\t\t\t\t\t\t<\/div>\n\t\t\t\t<\/div>\n\t\t\t\t\t<\/div>\n\t\t\t\t<\/div>\n\t\t<div class=\"elementor-element elementor-element-e6bfec9 e-con-full e-flex e-con e-parent\" data-id=\"e6bfec9\" data-element_type=\"container\" data-e-type=\"container\">\n\t\t\t\t<div class=\"elementor-element elementor-element-7734c37 elementor-widget elementor-widget-image\" data-id=\"7734c37\" data-element_type=\"widget\" data-e-type=\"widget\" data-widget_type=\"image.default\">\n\t\t\t\t\t\t\t\t\t\t\t\t\t\t\t<img decoding=\"async\" width=\"1920\" height=\"600\" src=\"https:\/\/saabcarmuseum.se\/wp-content\/uploads\/2024\/03\/timeline01.jpg\" class=\"attachment-full size-full wp-image-425\" alt=\"\" srcset=\"https:\/\/saabcarmuseum.se\/wp-content\/uploads\/2024\/03\/timeline01.jpg 1920w, https:\/\/saabcarmuseum.se\/wp-content\/uploads\/2024\/03\/timeline01-768x240.jpg 768w, https:\/\/saabcarmuseum.se\/wp-content\/uploads\/2024\/03\/timeline01-1536x480.jpg 1536w\" sizes=\"(max-width: 1920px) 100vw, 1920px\" \/>\t\t\t\t\t\t\t\t\t\t\t\t\t\t\t<\/div>\n\t\t\t\t<\/div>\n\t\t<div class=\"elementor-element elementor-element-9603bcf e-flex e-con-boxed e-con e-parent\" data-id=\"9603bcf\" data-element_type=\"container\" data-e-type=\"container\">\n\t\t\t\t\t<div class=\"e-con-inner\">\n\t\t<div class=\"elementor-element elementor-element-32361d2 e-con-full e-flex e-con e-child\" data-id=\"32361d2\" data-element_type=\"container\" data-e-type=\"container\">\n\t\t\t\t<div class=\"elementor-element elementor-element-18eaae3 elementor-widget elementor-widget-heading\" data-id=\"18eaae3\" data-element_type=\"widget\" data-e-type=\"widget\" data-widget_type=\"heading.default\">\n\t\t\t\t\t<h1 class=\"elementor-heading-title elementor-size-default\">1967<\/h1>\t\t\t\t<\/div>\n\t\t\t\t<div class=\"elementor-element elementor-element-634fc0d elementor-widget elementor-widget-heading\" data-id=\"634fc0d\" data-element_type=\"widget\" data-e-type=\"widget\" data-widget_type=\"heading.default\">\n\t\t\t\t\t<h2 class=\"elementor-heading-title elementor-size-default\">Modern times<\/h2>\t\t\t\t<\/div>\n\t\t\t\t<div class=\"elementor-element elementor-element-d1d81e2 elementor-widget elementor-widget-text-editor\" data-id=\"d1d81e2\" data-element_type=\"widget\" data-e-type=\"widget\" data-widget_type=\"text-editor.default\">\n\t\t\t\t\t\t\t\t\t<p>On November 22nd 1967 the Saab 99 had its premiere. Sales began in model year 1969, the same year Saab-Scania was established.<\/p>\t\t\t\t\t\t\t\t<\/div>\n\t\t\t\t<div class=\"elementor-element elementor-element-e85694a elementor-widget elementor-widget-image\" data-id=\"e85694a\" data-element_type=\"widget\" data-e-type=\"widget\" data-widget_type=\"image.default\">\n\t\t\t\t\t\t\t\t\t\t\t\t\t\t\t<img loading=\"lazy\" decoding=\"async\" width=\"440\" height=\"63\" src=\"https:\/\/saabcarmuseum.se\/wp-content\/uploads\/2024\/03\/timeline02.svg\" class=\"attachment-large size-large wp-image-454\" alt=\"\" \/>\t\t\t\t\t\t\t\t\t\t\t\t\t\t\t<\/div>\n\t\t\t\t<\/div>\n\t\t<div class=\"elementor-element elementor-element-97cf411 e-con-full e-flex e-con e-child\" data-id=\"97cf411\" data-element_type=\"container\" data-e-type=\"container\">\n\t\t\t\t<div class=\"elementor-element elementor-element-aa3a061 elementor-invisible elementor-widget elementor-widget-image\" data-id=\"aa3a061\" data-element_type=\"widget\" data-e-type=\"widget\" data-settings=\"{&quot;_animation&quot;:&quot;slideInRight&quot;}\" data-widget_type=\"image.default\">\n\t\t\t\t\t\t\t\t\t\t\t\t\t\t\t<img loading=\"lazy\" decoding=\"async\" width=\"600\" height=\"319\" src=\"https:\/\/saabcarmuseum.se\/wp-content\/uploads\/2024\/04\/Lutz03.png\" class=\"attachment-full size-full wp-image-2279\" alt=\"\" srcset=\"https:\/\/saabcarmuseum.se\/wp-content\/uploads\/2024\/04\/Lutz03.png 600w, https:\/\/saabcarmuseum.se\/wp-content\/uploads\/2024\/04\/Lutz03-18x10.png 18w\" sizes=\"(max-width: 600px) 100vw, 600px\" \/>\t\t\t\t\t\t\t\t\t\t\t\t\t\t\t<\/div>\n\t\t\t\t<\/div>\n\t\t\t\t\t<\/div>\n\t\t\t\t<\/div>\n\t\t<div class=\"elementor-element elementor-element-48be4e7 e-con-full e-flex e-con e-parent\" data-id=\"48be4e7\" data-element_type=\"container\" data-e-type=\"container\">\n\t\t\t\t<div class=\"elementor-element elementor-element-4d0e215 elementor-widget elementor-widget-image\" data-id=\"4d0e215\" data-element_type=\"widget\" data-e-type=\"widget\" data-widget_type=\"image.default\">\n\t\t\t\t\t\t\t\t\t\t\t\t\t\t\t<img loading=\"lazy\" decoding=\"async\" width=\"1920\" height=\"600\" src=\"https:\/\/saabcarmuseum.se\/wp-content\/uploads\/2024\/03\/timeline02.jpg\" class=\"attachment-full size-full wp-image-426\" alt=\"\" srcset=\"https:\/\/saabcarmuseum.se\/wp-content\/uploads\/2024\/03\/timeline02.jpg 1920w, https:\/\/saabcarmuseum.se\/wp-content\/uploads\/2024\/03\/timeline02-768x240.jpg 768w, https:\/\/saabcarmuseum.se\/wp-content\/uploads\/2024\/03\/timeline02-1536x480.jpg 1536w\" sizes=\"(max-width: 1920px) 100vw, 1920px\" \/>\t\t\t\t\t\t\t\t\t\t\t\t\t\t\t<\/div>\n\t\t\t\t<\/div>\n\t\t<div class=\"elementor-element elementor-element-793617d e-flex e-con-boxed e-con e-parent\" data-id=\"793617d\" data-element_type=\"container\" data-e-type=\"container\">\n\t\t\t\t\t<div class=\"e-con-inner\">\n\t\t<div class=\"elementor-element elementor-element-15188c0 e-con-full e-flex e-con e-child\" data-id=\"15188c0\" data-element_type=\"container\" data-e-type=\"container\">\n\t\t\t\t<div class=\"elementor-element elementor-element-ce59706 elementor-widget elementor-widget-heading\" data-id=\"ce59706\" data-element_type=\"widget\" data-e-type=\"widget\" data-widget_type=\"heading.default\">\n\t\t\t\t\t<h1 class=\"elementor-heading-title elementor-size-default\">1977<\/h1>\t\t\t\t<\/div>\n\t\t\t\t<div class=\"elementor-element elementor-element-56162df elementor-widget elementor-widget-heading\" data-id=\"56162df\" data-element_type=\"widget\" data-e-type=\"widget\" data-widget_type=\"heading.default\">\n\t\t\t\t\t<h2 class=\"elementor-heading-title elementor-size-default\">Looking to the future<\/h2>\t\t\t\t<\/div>\n\t\t\t\t<div class=\"elementor-element elementor-element-b75c697 elementor-widget elementor-widget-text-editor\" data-id=\"b75c697\" data-element_type=\"widget\" data-e-type=\"widget\" data-widget_type=\"text-editor.default\">\n\t\t\t\t\t\t\t\t\t<p>The Saab 99 Turbo had its premiere at the Frankfurt motor show in september 1977. The Saab 900 was presented in May 1978, and sales started in the autumn as year model 1979. The Saab 900 Turbo 16 Aero (SPG on the US market) came in 1984, with a 16 valve turbo-motor.<\/p>\t\t\t\t\t\t\t\t<\/div>\n\t\t\t\t<div class=\"elementor-element elementor-element-51f481e elementor-widget elementor-widget-image\" data-id=\"51f481e\" data-element_type=\"widget\" data-e-type=\"widget\" data-widget_type=\"image.default\">\n\t\t\t\t\t\t\t\t\t\t\t\t\t\t\t<img loading=\"lazy\" decoding=\"async\" width=\"440\" height=\"63\" src=\"https:\/\/saabcarmuseum.se\/wp-content\/uploads\/2024\/03\/timeline03.svg\" class=\"attachment-large size-large wp-image-455\" alt=\"\" \/>\t\t\t\t\t\t\t\t\t\t\t\t\t\t\t<\/div>\n\t\t\t\t<\/div>\n\t\t<div class=\"elementor-element elementor-element-2fbe6a1 e-con-full e-flex e-con e-child\" data-id=\"2fbe6a1\" data-element_type=\"container\" data-e-type=\"container\">\n\t\t\t\t<div class=\"elementor-element elementor-element-39144f3 elementor-invisible elementor-widget elementor-widget-image\" data-id=\"39144f3\" data-element_type=\"widget\" data-e-type=\"widget\" data-settings=\"{&quot;_animation&quot;:&quot;slideInRight&quot;}\" data-widget_type=\"image.default\">\n\t\t\t\t\t\t\t\t\t\t\t\t\t\t\t<img loading=\"lazy\" decoding=\"async\" width=\"600\" height=\"273\" src=\"https:\/\/saabcarmuseum.se\/wp-content\/uploads\/2024\/04\/lutz02.png\" class=\"attachment-full size-full wp-image-2280\" alt=\"\" srcset=\"https:\/\/saabcarmuseum.se\/wp-content\/uploads\/2024\/04\/lutz02.png 600w, https:\/\/saabcarmuseum.se\/wp-content\/uploads\/2024\/04\/lutz02-18x8.png 18w\" sizes=\"(max-width: 600px) 100vw, 600px\" \/>\t\t\t\t\t\t\t\t\t\t\t\t\t\t\t<\/div>\n\t\t\t\t<\/div>\n\t\t\t\t\t<\/div>\n\t\t\t\t<\/div>\n\t\t<div class=\"elementor-element elementor-element-18195bb e-con-full e-flex e-con e-parent\" data-id=\"18195bb\" data-element_type=\"container\" data-e-type=\"container\">\n\t\t\t\t<div class=\"elementor-element elementor-element-ba82fe6 elementor-widget elementor-widget-image\" data-id=\"ba82fe6\" data-element_type=\"widget\" data-e-type=\"widget\" data-widget_type=\"image.default\">\n\t\t\t\t\t\t\t\t\t\t\t\t\t\t\t<img loading=\"lazy\" decoding=\"async\" width=\"1920\" height=\"600\" src=\"https:\/\/saabcarmuseum.se\/wp-content\/uploads\/2024\/03\/timeline03.jpg\" class=\"attachment-full size-full wp-image-427\" alt=\"\" srcset=\"https:\/\/saabcarmuseum.se\/wp-content\/uploads\/2024\/03\/timeline03.jpg 1920w, https:\/\/saabcarmuseum.se\/wp-content\/uploads\/2024\/03\/timeline03-768x240.jpg 768w, https:\/\/saabcarmuseum.se\/wp-content\/uploads\/2024\/03\/timeline03-1536x480.jpg 1536w\" sizes=\"(max-width: 1920px) 100vw, 1920px\" \/>\t\t\t\t\t\t\t\t\t\t\t\t\t\t\t<\/div>\n\t\t\t\t<\/div>\n\t\t<div class=\"elementor-element elementor-element-16abb27 e-flex e-con-boxed e-con e-parent\" data-id=\"16abb27\" data-element_type=\"container\" data-e-type=\"container\">\n\t\t\t\t\t<div class=\"e-con-inner\">\n\t\t<div class=\"elementor-element elementor-element-ea87a23 e-con-full e-flex e-con e-child\" data-id=\"ea87a23\" data-element_type=\"container\" data-e-type=\"container\">\n\t\t\t\t<div class=\"elementor-element elementor-element-558d7d9 elementor-widget elementor-widget-heading\" data-id=\"558d7d9\" data-element_type=\"widget\" data-e-type=\"widget\" data-widget_type=\"heading.default\">\n\t\t\t\t\t<h1 class=\"elementor-heading-title elementor-size-default\">Today<\/h1>\t\t\t\t<\/div>\n\t\t\t\t<div class=\"elementor-element elementor-element-c818090 elementor-widget elementor-widget-heading\" data-id=\"c818090\" data-element_type=\"widget\" data-e-type=\"widget\" data-widget_type=\"heading.default\">\n\t\t\t\t\t<h2 class=\"elementor-heading-title elementor-size-default\">Visit Saab Car Museum in Trollh\u00e4ttan<\/h2>\t\t\t\t<\/div>\n\t\t\t\t<div class=\"elementor-element elementor-element-b6e5ace elementor-widget elementor-widget-text-editor\" data-id=\"b6e5ace\" data-element_type=\"widget\" data-e-type=\"widget\" data-widget_type=\"text-editor.default\">\n\t\t\t\t\t\t\t\t\t<p>In our exhibition you will find cars from 1947 and up to the latest models, concept cars, rally history and much more.<\/p><p>Welcome to Saab Car Museum and Trollh\u00e4ttan!<\/p>\t\t\t\t\t\t\t\t<\/div>\n\t\t\t\t<div class=\"elementor-element elementor-element-7371286 elementor-widget elementor-widget-image\" data-id=\"7371286\" data-element_type=\"widget\" data-e-type=\"widget\" data-widget_type=\"image.default\">\n\t\t\t\t\t\t\t\t\t\t\t\t\t\t\t<img loading=\"lazy\" decoding=\"async\" width=\"440\" height=\"63\" src=\"https:\/\/saabcarmuseum.se\/wp-content\/uploads\/2024\/03\/timeline04.svg\" class=\"attachment-full size-full wp-image-456\" alt=\"\" \/>\t\t\t\t\t\t\t\t\t\t\t\t\t\t\t<\/div>\n\t\t\t\t<\/div>\n\t\t<div class=\"elementor-element elementor-element-4254d50 e-con-full e-flex e-con e-child\" data-id=\"4254d50\" data-element_type=\"container\" data-e-type=\"container\">\n\t\t\t\t<div class=\"elementor-element elementor-element-174672e elementor-widget elementor-widget-image\" data-id=\"174672e\" data-element_type=\"widget\" data-e-type=\"widget\" data-widget_type=\"image.default\">\n\t\t\t\t\t\t\t\t\t\t\t\t\t\t\t\t<a href=\"https:\/\/saabcarmuseum.se\/wp-content\/uploads\/2024\/03\/exterior-1920x1080-1.jpg\" data-elementor-open-lightbox=\"yes\" data-e-action-hash=\"#elementor-action%3Aaction%3Dlightbox%26settings%3DeyJpZCI6Mjg2LCJ1cmwiOiJodHRwczpcL1wvc2FhYmNhcm11c2V1bS5zZVwvd3AtY29udGVudFwvdXBsb2Fkc1wvMjAyNFwvMDNcL2V4dGVyaW9yLTE5MjB4MTA4MC0xLmpwZyJ9\">\n\t\t\t\t\t\t\t<img loading=\"lazy\" decoding=\"async\" width=\"1920\" height=\"1080\" src=\"https:\/\/saabcarmuseum.se\/wp-content\/uploads\/2024\/03\/exterior-1920x1080-1.jpg\" class=\"attachment-large size-large wp-image-286\" alt=\"\" srcset=\"https:\/\/saabcarmuseum.se\/wp-content\/uploads\/2024\/03\/exterior-1920x1080-1.jpg 1920w, https:\/\/saabcarmuseum.se\/wp-content\/uploads\/2024\/03\/exterior-1920x1080-1-768x432.jpg 768w, https:\/\/saabcarmuseum.se\/wp-content\/uploads\/2024\/03\/exterior-1920x1080-1-1536x864.jpg 1536w\" sizes=\"(max-width: 1920px) 100vw, 1920px\" \/>\t\t\t\t\t\t\t\t<\/a>\n\t\t\t\t\t\t\t\t\t\t\t\t\t\t\t<\/div>\n\t\t\t\t<\/div>\n\t\t\t\t\t<\/div>\n\t\t\t\t<\/div>\n\t\t\t\t<\/div>","protected":false},"excerpt":{"rendered":"<p>Saabs historia 1947 Det b\u00f6rjade med flygplan Den 10 juni 1947 presenterade flygplanstillverkaren Saab \u2013 Svenska Aeroplan Aktiebolaget \u2013 sin f\u00f6rsta bil, Saab 92. Den 12 december 1949 startade serieproduktionen i Trollh\u00e4ttan. Saab 92 blev Saab 93 till modell\u00e5ret 1956. 1960 kom Saab 96 och herrg\u00e5rdsvagnen Saab 95. 1966 kom Saab V4. 1967 Moderna tider [&hellip;]<\/p>\n","protected":false},"author":1,"featured_media":0,"parent":0,"menu_order":0,"comment_status":"closed","ping_status":"closed","template":"","meta":{"footnotes":""},"class_list":["post-419","page","type-page","status-publish","hentry"],"_links":{"self":[{"href":"https:\/\/saabcarmuseum.se\/en\/wp-json\/wp\/v2\/pages\/419","targetHints":{"allow":["GET"]}}],"collection":[{"href":"https:\/\/saabcarmuseum.se\/en\/wp-json\/wp\/v2\/pages"}],"about":[{"href":"https:\/\/saabcarmuseum.se\/en\/wp-json\/wp\/v2\/types\/page"}],"author":[{"embeddable":true,"href":"https:\/\/saabcarmuseum.se\/en\/wp-json\/wp\/v2\/users\/1"}],"replies":[{"embeddable":true,"href":"https:\/\/saabcarmuseum.se\/en\/wp-json\/wp\/v2\/comments?post=419"}],"version-history":[{"count":3,"href":"https:\/\/saabcarmuseum.se\/en\/wp-json\/wp\/v2\/pages\/419\/revisions"}],"predecessor-version":[{"id":2332,"href":"https:\/\/saabcarmuseum.se\/en\/wp-json\/wp\/v2\/pages\/419\/revisions\/2332"}],"wp:attachment":[{"href":"https:\/\/saabcarmuseum.se\/en\/wp-json\/wp\/v2\/media?parent=419"}],"curies":[{"name":"wp","href":"https:\/\/api.w.org\/{rel}","templated":true}]}}