{"id":372,"date":"2024-03-16T20:26:17","date_gmt":"2024-03-16T19:26:17","guid":{"rendered":"http:\/\/saab-car-museum.local\/?page_id=372"},"modified":"2024-04-10T12:10:08","modified_gmt":"2024-04-10T11:10:08","slug":"museets-historia","status":"publish","type":"page","link":"https:\/\/saabcarmuseum.se\/en\/museets-historia\/","title":{"rendered":"The history of the museum"},"content":{"rendered":"<div data-elementor-type=\"wp-page\" data-elementor-id=\"372\" class=\"elementor elementor-372\" data-elementor-post-type=\"page\">\n\t\t\t\t<div class=\"elementor-element elementor-element-69116ad e-flex e-con-boxed e-con e-parent\" data-id=\"69116ad\" data-element_type=\"container\" data-e-type=\"container\" data-settings=\"{&quot;background_background&quot;:&quot;classic&quot;}\">\n\t\t\t\t\t<div class=\"e-con-inner\">\n\t\t\t\t<div class=\"elementor-element elementor-element-4967065 elementor-widget elementor-widget-heading\" data-id=\"4967065\" data-element_type=\"widget\" data-e-type=\"widget\" data-widget_type=\"heading.default\">\n\t\t\t\t\t<h1 class=\"elementor-heading-title elementor-size-default\">The history of the museum<\/h1>\t\t\t\t<\/div>\n\t\t\t\t\t<\/div>\n\t\t\t\t<\/div>\n\t\t<div class=\"elementor-element elementor-element-557382c e-flex e-con-boxed e-con e-parent\" data-id=\"557382c\" data-element_type=\"container\" data-e-type=\"container\" data-settings=\"{&quot;background_background&quot;:&quot;classic&quot;}\">\n\t\t\t\t\t<div class=\"e-con-inner\">\n\t\t\t\t<div class=\"elementor-element elementor-element-a39c338 elementor-widget elementor-widget-heading\" data-id=\"a39c338\" data-element_type=\"widget\" data-e-type=\"widget\" data-widget_type=\"heading.default\">\n\t\t\t\t\t<h2 class=\"elementor-heading-title elementor-size-default\">The museum opens<\/h2>\t\t\t\t<\/div>\n\t\t\t\t<div class=\"elementor-element elementor-element-2d69fff elementor-widget elementor-widget-image\" data-id=\"2d69fff\" data-element_type=\"widget\" data-e-type=\"widget\" data-widget_type=\"image.default\">\n\t\t\t\t\t\t\t\t\t\t\t\t\t\t\t\t<a href=\"https:\/\/saabcarmuseum.se\/wp-content\/uploads\/2024\/03\/h04.jpg\" data-elementor-open-lightbox=\"yes\" data-e-action-hash=\"#elementor-action%3Aaction%3Dlightbox%26settings%3DeyJpZCI6MzgyLCJ1cmwiOiJodHRwczpcL1wvc2FhYmNhcm11c2V1bS5zZVwvd3AtY29udGVudFwvdXBsb2Fkc1wvMjAyNFwvMDNcL2gwNC5qcGcifQ%3D%3D\">\n\t\t\t\t\t\t\t<img fetchpriority=\"high\" decoding=\"async\" width=\"1920\" height=\"1080\" src=\"https:\/\/saabcarmuseum.se\/wp-content\/uploads\/2024\/03\/h04.jpg\" class=\"attachment-full size-full wp-image-382\" alt=\"\" srcset=\"https:\/\/saabcarmuseum.se\/wp-content\/uploads\/2024\/03\/h04.jpg 1920w, https:\/\/saabcarmuseum.se\/wp-content\/uploads\/2024\/03\/h04-768x432.jpg 768w, https:\/\/saabcarmuseum.se\/wp-content\/uploads\/2024\/03\/h04-1536x864.jpg 1536w\" sizes=\"(max-width: 1920px) 100vw, 1920px\" \/>\t\t\t\t\t\t\t\t<\/a>\n\t\t\t\t\t\t\t\t\t\t\t\t\t\t\t<\/div>\n\t\t\t\t<div class=\"elementor-element elementor-element-4d5fc19 elementor-widget elementor-widget-text-editor\" data-id=\"4d5fc19\" data-element_type=\"widget\" data-e-type=\"widget\" data-widget_type=\"text-editor.default\">\n\t\t\t\t\t\t\t\t\tSaab Car Museum first opened its doors in 1975. The initiator was Albert Trommer, a legendary manager of the activities for visitors at the then Saab-Scania division.\t\t\t\t\t\t\t\t<\/div>\n\t\t\t\t<div class=\"elementor-element elementor-element-519e90f elementor-widget elementor-widget-text-editor\" data-id=\"519e90f\" data-element_type=\"widget\" data-e-type=\"widget\" data-widget_type=\"text-editor.default\">\n\t\t\t\t\t\t\t\t\t<p>The first museum premises were somewhat modest. Situated in the cellar, under the old Saab-ANA retailer facility, the museum was not at all easy to find. Many visitors found themselves at Saabs main gate on Stallbacka where they were given a copy of a map to help them find their way.<\/p><p>But it was worth the effort it took to find the place. All the milestones were there, including the Saab 92001, \u201cUrsaaben\u201d. Everything was there that had been saved and hidden from the scrapyard over the years.<\/p>\t\t\t\t\t\t\t\t<\/div>\n\t\t\t\t\t<\/div>\n\t\t\t\t<\/div>\n\t\t<div class=\"elementor-element elementor-element-1e426c7 e-flex e-con-boxed e-con e-parent\" data-id=\"1e426c7\" data-element_type=\"container\" data-e-type=\"container\">\n\t\t\t\t\t<div class=\"e-con-inner\">\n\t\t\t\t<div class=\"elementor-element elementor-element-3b6b69b elementor-widget elementor-widget-heading\" data-id=\"3b6b69b\" data-element_type=\"widget\" data-e-type=\"widget\" data-widget_type=\"heading.default\">\n\t\t\t\t\t<h2 class=\"elementor-heading-title elementor-size-default\">The museum moves<\/h2>\t\t\t\t<\/div>\n\t\t\t\t<div class=\"elementor-element elementor-element-ce16d83 elementor-widget elementor-widget-image\" data-id=\"ce16d83\" data-element_type=\"widget\" data-e-type=\"widget\" data-widget_type=\"image.default\">\n\t\t\t\t\t\t\t\t\t\t\t\t\t\t\t\t<a href=\"https:\/\/saabcarmuseum.se\/wp-content\/uploads\/2024\/03\/h01.jpg\" data-elementor-open-lightbox=\"yes\" data-e-action-hash=\"#elementor-action%3Aaction%3Dlightbox%26settings%3DeyJpZCI6Mzg5LCJ1cmwiOiJodHRwczpcL1wvc2FhYmNhcm11c2V1bS5zZVwvd3AtY29udGVudFwvdXBsb2Fkc1wvMjAyNFwvMDNcL2gwMS5qcGcifQ%3D%3D\">\n\t\t\t\t\t\t\t<img decoding=\"async\" width=\"1920\" height=\"1080\" src=\"https:\/\/saabcarmuseum.se\/wp-content\/uploads\/2024\/03\/h01.jpg\" class=\"attachment-full size-full wp-image-389\" alt=\"\" srcset=\"https:\/\/saabcarmuseum.se\/wp-content\/uploads\/2024\/03\/h01.jpg 1920w, https:\/\/saabcarmuseum.se\/wp-content\/uploads\/2024\/03\/h01-768x432.jpg 768w, https:\/\/saabcarmuseum.se\/wp-content\/uploads\/2024\/03\/h01-1536x864.jpg 1536w\" sizes=\"(max-width: 1920px) 100vw, 1920px\" \/>\t\t\t\t\t\t\t\t<\/a>\n\t\t\t\t\t\t\t\t\t\t\t\t\t\t\t<\/div>\n\t\t\t\t<div class=\"elementor-element elementor-element-e877c3d elementor-widget elementor-widget-text-editor\" data-id=\"e877c3d\" data-element_type=\"widget\" data-e-type=\"widget\" data-widget_type=\"text-editor.default\">\n\t\t\t\t\t\t\t\t\t<p>To celebrate the Saab 50th anniversary, a completely new museum was planned in 1987 in the old roundhouse of the former NOHAB industrial estate in Trollh\u00e4ttan. In connection with this, Albert retired and was succeeded by Per Olof \u201cPelle\u201d Rudh, seen further down together with Gunnel Ekberg from the Communications Department, who became the new manager for the museum activities. Pelle was not a complete stranger, he had, for example, been one of the top mechanics at the Saab Competition department.<\/p>\t\t\t\t\t\t\t\t<\/div>\n\t\t\t\t\t<\/div>\n\t\t\t\t<\/div>\n\t\t<div class=\"elementor-element elementor-element-1da7b13 e-flex e-con-boxed e-con e-parent\" data-id=\"1da7b13\" data-element_type=\"container\" data-e-type=\"container\" data-settings=\"{&quot;background_background&quot;:&quot;classic&quot;}\">\n\t\t\t\t\t<div class=\"e-con-inner\">\n\t\t\t\t<div class=\"elementor-element elementor-element-0a2b396 elementor-widget elementor-widget-heading\" data-id=\"0a2b396\" data-element_type=\"widget\" data-e-type=\"widget\" data-widget_type=\"heading.default\">\n\t\t\t\t\t<h2 class=\"elementor-heading-title elementor-size-default\">The Saab spirit<\/h2>\t\t\t\t<\/div>\n\t\t\t\t<div class=\"elementor-element elementor-element-6ed8a91 elementor-widget elementor-widget-image\" data-id=\"6ed8a91\" data-element_type=\"widget\" data-e-type=\"widget\" data-widget_type=\"image.default\">\n\t\t\t\t\t\t\t\t\t\t\t\t\t\t\t\t<a href=\"https:\/\/saabcarmuseum.se\/wp-content\/uploads\/2024\/03\/h02.jpg\" data-elementor-open-lightbox=\"yes\" data-e-action-hash=\"#elementor-action%3Aaction%3Dlightbox%26settings%3DeyJpZCI6MzkwLCJ1cmwiOiJodHRwczpcL1wvc2FhYmNhcm11c2V1bS5zZVwvd3AtY29udGVudFwvdXBsb2Fkc1wvMjAyNFwvMDNcL2gwMi5qcGcifQ%3D%3D\">\n\t\t\t\t\t\t\t<img decoding=\"async\" width=\"1920\" height=\"1080\" src=\"https:\/\/saabcarmuseum.se\/wp-content\/uploads\/2024\/03\/h02.jpg\" class=\"attachment-full size-full wp-image-390\" alt=\"\" srcset=\"https:\/\/saabcarmuseum.se\/wp-content\/uploads\/2024\/03\/h02.jpg 1920w, https:\/\/saabcarmuseum.se\/wp-content\/uploads\/2024\/03\/h02-768x432.jpg 768w, https:\/\/saabcarmuseum.se\/wp-content\/uploads\/2024\/03\/h02-1536x864.jpg 1536w\" sizes=\"(max-width: 1920px) 100vw, 1920px\" \/>\t\t\t\t\t\t\t\t<\/a>\n\t\t\t\t\t\t\t\t\t\t\t\t\t\t\t<\/div>\n\t\t\t\t<div class=\"elementor-element elementor-element-d4da3f7 elementor-widget elementor-widget-text-editor\" data-id=\"d4da3f7\" data-element_type=\"widget\" data-e-type=\"widget\" data-widget_type=\"text-editor.default\">\n\t\t\t\t\t\t\t\t\t<p>Many of the museum cars had been serviced for the jubilee and they were on show for media from all over the world. A Saab is to be driven, and that also applies to the cars in the museum. In an orderly manner, it should be added. In this context, the name Erik Carlsson \u201con the roof\u201d should be mentioned, Saabs legendary rally driver, who won the RAC rally 3 times in a row, and also the Monte Carlo rally in 1962-63. After his active career, Erik continued working with public relations at the Saab communications department, and connection with, and involvement in, the museum has always been close to his heart.<\/p>\t\t\t\t\t\t\t\t<\/div>\n\t\t\t\t\t<\/div>\n\t\t\t\t<\/div>\n\t\t<div class=\"elementor-element elementor-element-a01371f e-flex e-con-boxed e-con e-parent\" data-id=\"a01371f\" data-element_type=\"container\" data-e-type=\"container\">\n\t\t\t\t\t<div class=\"e-con-inner\">\n\t\t\t\t<div class=\"elementor-element elementor-element-5d6aff7 elementor-widget elementor-widget-heading\" data-id=\"5d6aff7\" data-element_type=\"widget\" data-e-type=\"widget\" data-widget_type=\"heading.default\">\n\t\t\t\t\t<h2 class=\"elementor-heading-title elementor-size-default\">The heritage<\/h2>\t\t\t\t<\/div>\n\t\t\t\t<div class=\"elementor-element elementor-element-36bcbb0 elementor-widget elementor-widget-image\" data-id=\"36bcbb0\" data-element_type=\"widget\" data-e-type=\"widget\" data-widget_type=\"image.default\">\n\t\t\t\t\t\t\t\t\t\t\t\t\t\t\t\t<a href=\"https:\/\/saabcarmuseum.se\/wp-content\/uploads\/2024\/03\/h03.jpg\" data-elementor-open-lightbox=\"yes\" data-e-action-hash=\"#elementor-action%3Aaction%3Dlightbox%26settings%3DeyJpZCI6MzkxLCJ1cmwiOiJodHRwczpcL1wvc2FhYmNhcm11c2V1bS5zZVwvd3AtY29udGVudFwvdXBsb2Fkc1wvMjAyNFwvMDNcL2gwMy5qcGcifQ%3D%3D\">\n\t\t\t\t\t\t\t<img loading=\"lazy\" decoding=\"async\" width=\"1920\" height=\"1080\" src=\"https:\/\/saabcarmuseum.se\/wp-content\/uploads\/2024\/03\/h03.jpg\" class=\"attachment-full size-full wp-image-391\" alt=\"\" srcset=\"https:\/\/saabcarmuseum.se\/wp-content\/uploads\/2024\/03\/h03.jpg 1920w, https:\/\/saabcarmuseum.se\/wp-content\/uploads\/2024\/03\/h03-768x432.jpg 768w, https:\/\/saabcarmuseum.se\/wp-content\/uploads\/2024\/03\/h03-1536x864.jpg 1536w\" sizes=\"(max-width: 1920px) 100vw, 1920px\" \/>\t\t\t\t\t\t\t\t<\/a>\n\t\t\t\t\t\t\t\t\t\t\t\t\t\t\t<\/div>\n\t\t\t\t<div class=\"elementor-element elementor-element-166ea86 elementor-widget elementor-widget-text-editor\" data-id=\"166ea86\" data-element_type=\"widget\" data-e-type=\"widget\" data-widget_type=\"text-editor.default\">\n\t\t\t\t\t\t\t\t\t<p>In 1997, the next significant step in the development of the Saab Car Museum took place. In celebration of Saab Automobile AB's 50th anniversary and Saab AB's 60th anniversary, the museum was completely renovated, doubling its exhibition space. But there was more on the agenda than just that.<\/p><p>The launch of the new Saab 9-5 was centered in Trollh\u00e4ttan, starting from the museum, and used throughout the summer for this purpose. This marked a milestone for the operation, which included further product launches and activities for media, dealers, and customers. Utilizing the heritage for the future.<\/p>\t\t\t\t\t\t\t\t<\/div>\n\t\t\t\t\t<\/div>\n\t\t\t\t<\/div>\n\t\t<div class=\"elementor-element elementor-element-772d3b9 e-flex e-con-boxed e-con e-parent\" data-id=\"772d3b9\" data-element_type=\"container\" data-e-type=\"container\" data-settings=\"{&quot;background_background&quot;:&quot;classic&quot;}\">\n\t\t\t\t\t<div class=\"e-con-inner\">\n\t\t\t\t<div class=\"elementor-element elementor-element-3665242 elementor-widget elementor-widget-heading\" data-id=\"3665242\" data-element_type=\"widget\" data-e-type=\"widget\" data-widget_type=\"heading.default\">\n\t\t\t\t\t<h2 class=\"elementor-heading-title elementor-size-default\">Saab Car Museum 4.0<\/h2>\t\t\t\t<\/div>\n\t\t\t\t<div class=\"elementor-element elementor-element-3f5eb45 elementor-widget elementor-widget-image\" data-id=\"3f5eb45\" data-element_type=\"widget\" data-e-type=\"widget\" data-widget_type=\"image.default\">\n\t\t\t\t\t\t\t\t\t\t\t\t\t\t\t\t<a href=\"https:\/\/saabcarmuseum.se\/wp-content\/uploads\/2024\/04\/hist-10.jpg\" data-elementor-open-lightbox=\"yes\" data-e-action-hash=\"#elementor-action%3Aaction%3Dlightbox%26settings%3DeyJpZCI6MjM1OCwidXJsIjoiaHR0cHM6XC9cL3NhYWJjYXJtdXNldW0uc2VcL3dwLWNvbnRlbnRcL3VwbG9hZHNcLzIwMjRcLzA0XC9oaXN0LTEwLmpwZyJ9\">\n\t\t\t\t\t\t\t<img loading=\"lazy\" decoding=\"async\" width=\"1920\" height=\"1080\" src=\"https:\/\/saabcarmuseum.se\/wp-content\/uploads\/2024\/04\/hist-10.jpg\" class=\"attachment-full size-full wp-image-2358\" alt=\"\" srcset=\"https:\/\/saabcarmuseum.se\/wp-content\/uploads\/2024\/04\/hist-10.jpg 1920w, https:\/\/saabcarmuseum.se\/wp-content\/uploads\/2024\/04\/hist-10-768x432.jpg 768w, https:\/\/saabcarmuseum.se\/wp-content\/uploads\/2024\/04\/hist-10-1536x864.jpg 1536w, https:\/\/saabcarmuseum.se\/wp-content\/uploads\/2024\/04\/hist-10-18x10.jpg 18w\" sizes=\"(max-width: 1920px) 100vw, 1920px\" \/>\t\t\t\t\t\t\t\t<\/a>\n\t\t\t\t\t\t\t\t\t\t\t\t\t\t\t<\/div>\n\t\t\t\t<div class=\"elementor-element elementor-element-bbba52b elementor-widget elementor-widget-text-editor\" data-id=\"bbba52b\" data-element_type=\"widget\" data-e-type=\"widget\" data-widget_type=\"text-editor.default\">\n\t\t\t\t\t\t\t\t\t<p>2005 was the next milestone. The company decided that the launch of the Saab 9-3 SportCombi should be based at the museum, and a whole new interior architecture was created. The Saab Car Museum maintains this status today. Naturally, Saab Automobile AB celebrated its 60th jubilee in 2007 with the museum as a focal point. And Saab anthusiasts from all over the world came to Trollh\u00e4ttan.<\/p>\t\t\t\t\t\t\t\t<\/div>\n\t\t\t\t\t<\/div>\n\t\t\t\t<\/div>\n\t\t<div class=\"elementor-element elementor-element-866b61c e-flex e-con-boxed e-con e-parent\" data-id=\"866b61c\" data-element_type=\"container\" data-e-type=\"container\">\n\t\t\t\t\t<div class=\"e-con-inner\">\n\t\t\t\t<div class=\"elementor-element elementor-element-2b36d9a elementor-widget elementor-widget-heading\" data-id=\"2b36d9a\" data-element_type=\"widget\" data-e-type=\"widget\" data-widget_type=\"heading.default\">\n\t\t\t\t\t<h2 class=\"elementor-heading-title elementor-size-default\">Post bankruptcy<\/h2>\t\t\t\t<\/div>\n\t\t\t\t<div class=\"elementor-element elementor-element-600bafd elementor-widget elementor-widget-image\" data-id=\"600bafd\" data-element_type=\"widget\" data-e-type=\"widget\" data-widget_type=\"image.default\">\n\t\t\t\t\t\t\t\t\t\t\t\t\t\t\t\t<a href=\"https:\/\/saabcarmuseum.se\/wp-content\/uploads\/2024\/04\/hist-11.jpg\" data-elementor-open-lightbox=\"yes\" data-e-action-hash=\"#elementor-action%3Aaction%3Dlightbox%26settings%3DeyJpZCI6MjM2MiwidXJsIjoiaHR0cHM6XC9cL3NhYWJjYXJtdXNldW0uc2VcL3dwLWNvbnRlbnRcL3VwbG9hZHNcLzIwMjRcLzA0XC9oaXN0LTExLmpwZyJ9\">\n\t\t\t\t\t\t\t<img loading=\"lazy\" decoding=\"async\" width=\"1920\" height=\"1080\" src=\"https:\/\/saabcarmuseum.se\/wp-content\/uploads\/2024\/04\/hist-11.jpg\" class=\"attachment-full size-full wp-image-2362\" alt=\"\" srcset=\"https:\/\/saabcarmuseum.se\/wp-content\/uploads\/2024\/04\/hist-11.jpg 1920w, https:\/\/saabcarmuseum.se\/wp-content\/uploads\/2024\/04\/hist-11-768x432.jpg 768w, https:\/\/saabcarmuseum.se\/wp-content\/uploads\/2024\/04\/hist-11-1536x864.jpg 1536w, https:\/\/saabcarmuseum.se\/wp-content\/uploads\/2024\/04\/hist-11-18x10.jpg 18w\" sizes=\"(max-width: 1920px) 100vw, 1920px\" \/>\t\t\t\t\t\t\t\t<\/a>\n\t\t\t\t\t\t\t\t\t\t\t\t\t\t\t<\/div>\n\t\t\t\t<div class=\"elementor-element elementor-element-296dec7 elementor-widget elementor-widget-text-editor\" data-id=\"296dec7\" data-element_type=\"widget\" data-e-type=\"widget\" data-widget_type=\"text-editor.default\">\n\t\t\t\t\t\t\t\t\t<p>When Saab Automobile declared bankruptcy on December 19, 2011, the future of Saab Car Museum and its collections was uncertain, since the museum and its collections were wholly owned by the company.<\/p><p>After intensive efforts and the completion of the bidding process, the following constellation made the winning bid: the City of Trollh\u00e4ttan, Saabgroup, and the Marcus and Amalia Wallenberg memorial foundation made a bid of SEK 28 million. The Saab Car Museum had been saved.<\/p><p>Saab Car Museum is now run by Innovatum Science Center AB at the request of the owners with a partial financing from the city of Trollh\u00e4ttan and the V\u00e4stra G\u00f6taland Region.<\/p><p><strong>And of course you when you pay us a visit!<\/strong><\/p>\t\t\t\t\t\t\t\t<\/div>\n\t\t\t\t\t<\/div>\n\t\t\t\t<\/div>\n\t\t\t\t<\/div>","protected":false},"excerpt":{"rendered":"<p>Museets historia Museet \u00f6ppnar Saab Car Museum slog upp portarna f\u00f6rsta g\u00e5ngen 1975, initiativtagaren till detta var Albert Trommer, legendarisk chef f\u00f6r bes\u00f6ksverksamheten p\u00e5 d\u00e5tida Saab-Scania personbilsdivisionen. Den f\u00f6rsta lokaliseringen var n\u00e5got modest. Bel\u00e4gen i k\u00e4llaren under den gamla Saab-ANA \u00e5terf\u00f6rs\u00e4ljningsanl\u00e4ggningen var museet inte lika enkelt att hitta, m\u00e5nga bes\u00f6kare hamnade p\u00e5 Saabs huvudport p\u00e5 [&hellip;]<\/p>\n","protected":false},"author":1,"featured_media":0,"parent":0,"menu_order":0,"comment_status":"closed","ping_status":"closed","template":"","meta":{"footnotes":""},"class_list":["post-372","page","type-page","status-publish","hentry"],"_links":{"self":[{"href":"https:\/\/saabcarmuseum.se\/en\/wp-json\/wp\/v2\/pages\/372","targetHints":{"allow":["GET"]}}],"collection":[{"href":"https:\/\/saabcarmuseum.se\/en\/wp-json\/wp\/v2\/pages"}],"about":[{"href":"https:\/\/saabcarmuseum.se\/en\/wp-json\/wp\/v2\/types\/page"}],"author":[{"embeddable":true,"href":"https:\/\/saabcarmuseum.se\/en\/wp-json\/wp\/v2\/users\/1"}],"replies":[{"embeddable":true,"href":"https:\/\/saabcarmuseum.se\/en\/wp-json\/wp\/v2\/comments?post=372"}],"version-history":[{"count":3,"href":"https:\/\/saabcarmuseum.se\/en\/wp-json\/wp\/v2\/pages\/372\/revisions"}],"predecessor-version":[{"id":2365,"href":"https:\/\/saabcarmuseum.se\/en\/wp-json\/wp\/v2\/pages\/372\/revisions\/2365"}],"wp:attachment":[{"href":"https:\/\/saabcarmuseum.se\/en\/wp-json\/wp\/v2\/media?parent=372"}],"curies":[{"name":"wp","href":"https:\/\/api.w.org\/{rel}","templated":true}]}}