{"id":2787,"date":"2024-05-29T14:28:31","date_gmt":"2024-05-29T13:28:31","guid":{"rendered":"https:\/\/saabcarmuseum.se\/?page_id=2787"},"modified":"2024-05-30T16:04:21","modified_gmt":"2024-05-30T15:04:21","slug":"seminarier-02","status":"publish","type":"page","link":"https:\/\/saabcarmuseum.se\/en\/seminarier-02\/","title":{"rendered":"Seminarier 02"},"content":{"rendered":"<div data-elementor-type=\"wp-page\" data-elementor-id=\"2787\" class=\"elementor elementor-2787\" data-elementor-post-type=\"page\">\n\t\t\t\t<div class=\"elementor-element elementor-element-b4d0189 e-flex e-con-boxed e-con e-parent\" data-id=\"b4d0189\" data-element_type=\"container\" data-e-type=\"container\" data-settings=\"{&quot;background_background&quot;:&quot;classic&quot;}\">\n\t\t\t\t\t<div class=\"e-con-inner\">\n\t\t\t\t<div class=\"elementor-element elementor-element-e2ddfbb elementor-widget elementor-widget-heading\" data-id=\"e2ddfbb\" data-element_type=\"widget\" data-e-type=\"widget\" data-widget_type=\"heading.default\">\n\t\t\t\t\t<h2 class=\"elementor-heading-title elementor-size-default\">Saab Car Museum Festival 2024<\/h2>\t\t\t\t<\/div>\n\t\t\t\t<div class=\"elementor-element elementor-element-1c2c469 elementor-widget elementor-widget-heading\" data-id=\"1c2c469\" data-element_type=\"widget\" data-e-type=\"widget\" data-widget_type=\"heading.default\">\n\t\t\t\t\t<h2 class=\"elementor-heading-title elementor-size-default\">Seminars Saturday June 8<\/h2>\t\t\t\t<\/div>\n\t\t\t\t<div class=\"elementor-element elementor-element-bda015b elementor-widget elementor-widget-spacer\" data-id=\"bda015b\" data-element_type=\"widget\" data-e-type=\"widget\" data-widget_type=\"spacer.default\">\n\t\t\t\t\t\t\t<div class=\"elementor-spacer\">\n\t\t\t<div class=\"elementor-spacer-inner\"><\/div>\n\t\t<\/div>\n\t\t\t\t\t\t<\/div>\n\t\t\t\t<div class=\"elementor-element elementor-element-99f4d1a elementor-widget elementor-widget-heading\" data-id=\"99f4d1a\" data-element_type=\"widget\" data-e-type=\"widget\" data-widget_type=\"heading.default\">\n\t\t\t\t\t<h2 class=\"elementor-heading-title elementor-size-default\">Location: The auditorium, Saab Car Museum<\/h2>\t\t\t\t<\/div>\n\t\t\t\t\t<\/div>\n\t\t\t\t<\/div>\n\t\t<div class=\"elementor-element elementor-element-8c867c2 e-flex e-con-boxed e-con e-parent\" data-id=\"8c867c2\" data-element_type=\"container\" data-e-type=\"container\">\n\t\t\t\t\t<div class=\"e-con-inner\">\n\t\t<div class=\"elementor-element elementor-element-9383da2 e-con-full e-flex e-con e-child\" data-id=\"9383da2\" data-element_type=\"container\" data-e-type=\"container\">\n\t\t\t\t<div class=\"elementor-element elementor-element-744a0ad elementor-widget-mobile__width-initial elementor-widget elementor-widget-image\" data-id=\"744a0ad\" data-element_type=\"widget\" data-e-type=\"widget\" data-widget_type=\"image.default\">\n\t\t\t\t\t\t\t\t\t\t\t\t\t\t\t\t<a href=\"https:\/\/saabcarmuseum.se\/wp-content\/uploads\/2024\/05\/gunnar.jpg\" data-elementor-open-lightbox=\"yes\" data-e-action-hash=\"#elementor-action%3Aaction%3Dlightbox%26settings%3DeyJpZCI6Mjg0OCwidXJsIjoiaHR0cHM6XC9cL3NhYWJjYXJtdXNldW0uc2VcL3dwLWNvbnRlbnRcL3VwbG9hZHNcLzIwMjRcLzA1XC9ndW5uYXIuanBnIn0%3D\">\n\t\t\t\t\t\t\t<img fetchpriority=\"high\" decoding=\"async\" width=\"1400\" height=\"1400\" src=\"https:\/\/saabcarmuseum.se\/wp-content\/uploads\/2024\/05\/gunnar.jpg\" class=\"attachment-full size-full wp-image-2848\" alt=\"\" srcset=\"https:\/\/saabcarmuseum.se\/wp-content\/uploads\/2024\/05\/gunnar.jpg 1400w, https:\/\/saabcarmuseum.se\/wp-content\/uploads\/2024\/05\/gunnar-768x768.jpg 768w, https:\/\/saabcarmuseum.se\/wp-content\/uploads\/2024\/05\/gunnar-12x12.jpg 12w\" sizes=\"(max-width: 1400px) 100vw, 1400px\" \/>\t\t\t\t\t\t\t\t<\/a>\n\t\t\t\t\t\t\t\t\t\t\t\t\t\t\t<\/div>\n\t\t\t\t<div class=\"elementor-element elementor-element-a9d7969 elementor-widget-mobile__width-initial elementor-widget elementor-widget-image\" data-id=\"a9d7969\" data-element_type=\"widget\" data-e-type=\"widget\" data-widget_type=\"image.default\">\n\t\t\t\t\t\t\t\t\t\t\t\t\t\t\t\t<a href=\"https:\/\/saabcarmuseum.se\/wp-content\/uploads\/2024\/05\/rolf.jpg\" data-elementor-open-lightbox=\"yes\" data-e-action-hash=\"#elementor-action%3Aaction%3Dlightbox%26settings%3DeyJpZCI6Mjg0OSwidXJsIjoiaHR0cHM6XC9cL3NhYWJjYXJtdXNldW0uc2VcL3dwLWNvbnRlbnRcL3VwbG9hZHNcLzIwMjRcLzA1XC9yb2xmLmpwZyJ9\">\n\t\t\t\t\t\t\t<img decoding=\"async\" width=\"1400\" height=\"1400\" src=\"https:\/\/saabcarmuseum.se\/wp-content\/uploads\/2024\/05\/rolf.jpg\" class=\"attachment-full size-full wp-image-2849\" alt=\"\" srcset=\"https:\/\/saabcarmuseum.se\/wp-content\/uploads\/2024\/05\/rolf.jpg 1400w, https:\/\/saabcarmuseum.se\/wp-content\/uploads\/2024\/05\/rolf-768x768.jpg 768w, https:\/\/saabcarmuseum.se\/wp-content\/uploads\/2024\/05\/rolf-12x12.jpg 12w\" sizes=\"(max-width: 1400px) 100vw, 1400px\" \/>\t\t\t\t\t\t\t\t<\/a>\n\t\t\t\t\t\t\t\t\t\t\t\t\t\t\t<\/div>\n\t\t\t\t<\/div>\n\t\t<div class=\"elementor-element elementor-element-516abd1 e-con-full e-flex e-con e-child\" data-id=\"516abd1\" data-element_type=\"container\" data-e-type=\"container\">\n\t\t\t\t<div class=\"elementor-element elementor-element-3a41c98 elementor-widget elementor-widget-heading\" data-id=\"3a41c98\" data-element_type=\"widget\" data-e-type=\"widget\" data-widget_type=\"heading.default\">\n\t\t\t\t\t<h3 class=\"elementor-heading-title elementor-size-default\">10:30-11:30<\/h3>\t\t\t\t<\/div>\n\t\t\t\t<div class=\"elementor-element elementor-element-6a80e80 elementor-widget elementor-widget-heading\" data-id=\"6a80e80\" data-element_type=\"widget\" data-e-type=\"widget\" data-widget_type=\"heading.default\">\n\t\t\t\t\t<h3 class=\"elementor-heading-title elementor-size-default\">Rolf Sarsten\/Gunnar Larsson: The development of X29 Saab 9000<\/h3>\t\t\t\t<\/div>\n\t\t\t\t<div class=\"elementor-element elementor-element-18b11c9 elementor-widget elementor-widget-text-editor\" data-id=\"18b11c9\" data-element_type=\"widget\" data-e-type=\"widget\" data-widget_type=\"text-editor.default\">\n\t\t\t\t\t\t\t\t\t<p>Gunnar Larsson was the first project manager for X29, the new Saab 9000. When he was appointed technical director at Saab, the project management role was taken over by Rolf Sarsten, who led X29 to completion. We will embark on a journey from the 1970s where preliminary studies ultimately formed the basis for a collaboration with Fiat\/Lancia. The presentation shown is largely the same as the one presented at the launch in Kolm\u00e5rden on May 24, 1984! The lecture will be held in English.<\/p>\t\t\t\t\t\t\t\t<\/div>\n\t\t\t\t<div class=\"elementor-element elementor-element-e633712 gallery-spacing-custom elementor-hidden-mobile elementor-widget elementor-widget-image-gallery\" data-id=\"e633712\" data-element_type=\"widget\" data-e-type=\"widget\" data-widget_type=\"image-gallery.default\">\n\t\t\t\t\t\t\t<div class=\"elementor-image-gallery\">\n\t\t\t<div id='gallery-1' class='gallery galleryid-2787 gallery-columns-3 gallery-size-medium_large'><figure class='gallery-item'>\n\t\t\t<div class='gallery-icon landscape'>\n\t\t\t\t<a data-elementor-open-lightbox=\"yes\" data-elementor-lightbox-slideshow=\"e633712\" data-e-action-hash=\"#elementor-action%3Aaction%3Dlightbox%26settings%3DeyJpZCI6Mjg1MCwidXJsIjoiaHR0cHM6XC9cL3NhYWJjYXJtdXNldW0uc2VcL3dwLWNvbnRlbnRcL3VwbG9hZHNcLzIwMjRcLzA1XC9kZXYuanBnIiwic2xpZGVzaG93IjoiZTYzMzcxMiJ9\" href='https:\/\/saabcarmuseum.se\/wp-content\/uploads\/2024\/05\/dev.jpg'><img width=\"768\" height=\"432\" src=\"https:\/\/saabcarmuseum.se\/wp-content\/uploads\/2024\/05\/dev-768x432.jpg\" class=\"attachment-medium_large size-medium_large\" alt=\"\" decoding=\"async\" srcset=\"https:\/\/saabcarmuseum.se\/wp-content\/uploads\/2024\/05\/dev-768x432.jpg 768w, https:\/\/saabcarmuseum.se\/wp-content\/uploads\/2024\/05\/dev-18x10.jpg 18w, https:\/\/saabcarmuseum.se\/wp-content\/uploads\/2024\/05\/dev.jpg 1400w\" sizes=\"(max-width: 768px) 100vw, 768px\" \/><\/a>\n\t\t\t<\/div><\/figure><figure class='gallery-item'>\n\t\t\t<div class='gallery-icon landscape'>\n\t\t\t\t<a data-elementor-open-lightbox=\"yes\" data-elementor-lightbox-slideshow=\"e633712\" data-e-action-hash=\"#elementor-action%3Aaction%3Dlightbox%26settings%3DeyJpZCI6Mjk0MiwidXJsIjoiaHR0cHM6XC9cL3NhYWJjYXJtdXNldW0uc2VcL3dwLWNvbnRlbnRcL3VwbG9hZHNcLzIwMjRcLzA1XC9yb2xmMDMuanBnIiwic2xpZGVzaG93IjoiZTYzMzcxMiJ9\" href='https:\/\/saabcarmuseum.se\/wp-content\/uploads\/2024\/05\/rolf03.jpg'><img loading=\"lazy\" width=\"768\" height=\"432\" src=\"https:\/\/saabcarmuseum.se\/wp-content\/uploads\/2024\/05\/rolf03-768x432.jpg\" class=\"attachment-medium_large size-medium_large\" alt=\"\" decoding=\"async\" srcset=\"https:\/\/saabcarmuseum.se\/wp-content\/uploads\/2024\/05\/rolf03-768x432.jpg 768w, https:\/\/saabcarmuseum.se\/wp-content\/uploads\/2024\/05\/rolf03-1536x864.jpg 1536w, https:\/\/saabcarmuseum.se\/wp-content\/uploads\/2024\/05\/rolf03-18x10.jpg 18w, https:\/\/saabcarmuseum.se\/wp-content\/uploads\/2024\/05\/rolf03.jpg 1920w\" sizes=\"(max-width: 768px) 100vw, 768px\" \/><\/a>\n\t\t\t<\/div><\/figure><figure class='gallery-item'>\n\t\t\t<div class='gallery-icon landscape'>\n\t\t\t\t<a data-elementor-open-lightbox=\"yes\" data-elementor-lightbox-slideshow=\"e633712\" data-e-action-hash=\"#elementor-action%3Aaction%3Dlightbox%26settings%3DeyJpZCI6Mjk0MywidXJsIjoiaHR0cHM6XC9cL3NhYWJjYXJtdXNldW0uc2VcL3dwLWNvbnRlbnRcL3VwbG9hZHNcLzIwMjRcLzA1XC9yb2xmMDQuanBnIiwic2xpZGVzaG93IjoiZTYzMzcxMiJ9\" href='https:\/\/saabcarmuseum.se\/wp-content\/uploads\/2024\/05\/rolf04.jpg'><img loading=\"lazy\" width=\"768\" height=\"432\" src=\"https:\/\/saabcarmuseum.se\/wp-content\/uploads\/2024\/05\/rolf04-768x432.jpg\" class=\"attachment-medium_large size-medium_large\" alt=\"\" decoding=\"async\" srcset=\"https:\/\/saabcarmuseum.se\/wp-content\/uploads\/2024\/05\/rolf04-768x432.jpg 768w, https:\/\/saabcarmuseum.se\/wp-content\/uploads\/2024\/05\/rolf04-1536x864.jpg 1536w, https:\/\/saabcarmuseum.se\/wp-content\/uploads\/2024\/05\/rolf04-18x10.jpg 18w, https:\/\/saabcarmuseum.se\/wp-content\/uploads\/2024\/05\/rolf04.jpg 1920w\" sizes=\"(max-width: 768px) 100vw, 768px\" \/><\/a>\n\t\t\t<\/div><\/figure>\n\t\t<\/div>\n\t\t<\/div>\n\t\t\t\t\t\t<\/div>\n\t\t\t\t<\/div>\n\t\t\t\t\t<\/div>\n\t\t\t\t<\/div>\n\t\t<div class=\"elementor-element elementor-element-80a76c6 e-flex e-con-boxed e-con e-parent\" data-id=\"80a76c6\" data-element_type=\"container\" data-e-type=\"container\" data-settings=\"{&quot;background_background&quot;:&quot;classic&quot;}\">\n\t\t\t\t\t<div class=\"e-con-inner\">\n\t\t<div class=\"elementor-element elementor-element-00825e5 e-con-full e-flex e-con e-child\" data-id=\"00825e5\" data-element_type=\"container\" data-e-type=\"container\">\n\t\t\t\t<div class=\"elementor-element elementor-element-494ee59 elementor-widget elementor-widget-image\" data-id=\"494ee59\" data-element_type=\"widget\" data-e-type=\"widget\" data-widget_type=\"image.default\">\n\t\t\t\t\t\t\t\t\t\t\t\t\t\t\t\t<a href=\"https:\/\/saabcarmuseum.se\/wp-content\/uploads\/2024\/05\/gunnar-1.jpg\" data-elementor-open-lightbox=\"yes\" data-e-action-hash=\"#elementor-action%3Aaction%3Dlightbox%26settings%3DeyJpZCI6Mjg1NiwidXJsIjoiaHR0cHM6XC9cL3NhYWJjYXJtdXNldW0uc2VcL3dwLWNvbnRlbnRcL3VwbG9hZHNcLzIwMjRcLzA1XC9ndW5uYXItMS5qcGcifQ%3D%3D\">\n\t\t\t\t\t\t\t<img loading=\"lazy\" decoding=\"async\" width=\"1400\" height=\"1400\" src=\"https:\/\/saabcarmuseum.se\/wp-content\/uploads\/2024\/05\/gunnar-1.jpg\" class=\"attachment-full size-full wp-image-2856\" alt=\"\" srcset=\"https:\/\/saabcarmuseum.se\/wp-content\/uploads\/2024\/05\/gunnar-1.jpg 1400w, https:\/\/saabcarmuseum.se\/wp-content\/uploads\/2024\/05\/gunnar-1-768x768.jpg 768w, https:\/\/saabcarmuseum.se\/wp-content\/uploads\/2024\/05\/gunnar-1-12x12.jpg 12w\" sizes=\"(max-width: 1400px) 100vw, 1400px\" \/>\t\t\t\t\t\t\t\t<\/a>\n\t\t\t\t\t\t\t\t\t\t\t\t\t\t\t<\/div>\n\t\t\t\t<\/div>\n\t\t<div class=\"elementor-element elementor-element-f495b77 e-con-full e-flex e-con e-child\" data-id=\"f495b77\" data-element_type=\"container\" data-e-type=\"container\">\n\t\t\t\t<div class=\"elementor-element elementor-element-30a34b1 elementor-widget elementor-widget-heading\" data-id=\"30a34b1\" data-element_type=\"widget\" data-e-type=\"widget\" data-widget_type=\"heading.default\">\n\t\t\t\t\t<h3 class=\"elementor-heading-title elementor-size-default\">12:00-13:00<\/h3>\t\t\t\t<\/div>\n\t\t\t\t<div class=\"elementor-element elementor-element-194e05b elementor-widget elementor-widget-heading\" data-id=\"194e05b\" data-element_type=\"widget\" data-e-type=\"widget\" data-widget_type=\"heading.default\">\n\t\t\t\t\t<h3 class=\"elementor-heading-title elementor-size-default\">Gunnar K Johansson: Production Challenges: From 99\/900 to 9000<\/h3>\t\t\t\t<\/div>\n\t\t\t\t<div class=\"elementor-element elementor-element-322e923 elementor-widget elementor-widget-text-editor\" data-id=\"322e923\" data-element_type=\"widget\" data-e-type=\"widget\" data-widget_type=\"text-editor.default\">\n\t\t\t\t\t\t\t\t\t<p>Gunnar K Johansson was one of those who developed X29\/Saab 9000 back in the day and has recently put a lot of effort into documenting the project from all angles. In this lecture, Gunnar will touch on the production challenges faced in transitioning from the 99\/900 family to the entirely new 9000, with many new concepts. The lecture will be held in English.<\/p>\t\t\t\t\t\t\t\t<\/div>\n\t\t\t\t<div class=\"elementor-element elementor-element-f213cfb gallery-spacing-custom elementor-hidden-mobile elementor-widget elementor-widget-image-gallery\" data-id=\"f213cfb\" data-element_type=\"widget\" data-e-type=\"widget\" data-widget_type=\"image-gallery.default\">\n\t\t\t\t\t\t\t<div class=\"elementor-image-gallery\">\n\t\t\t<div id='gallery-2' class='gallery galleryid-2787 gallery-columns-3 gallery-size-medium_large'><figure class='gallery-item'>\n\t\t\t<div class='gallery-icon landscape'>\n\t\t\t\t<a data-elementor-open-lightbox=\"yes\" data-elementor-lightbox-slideshow=\"f213cfb\" data-e-action-hash=\"#elementor-action%3Aaction%3Dlightbox%26settings%3DeyJpZCI6Mjg1OCwidXJsIjoiaHR0cHM6XC9cL3NhYWJjYXJtdXNldW0uc2VcL3dwLWNvbnRlbnRcL3VwbG9hZHNcLzIwMjRcLzA1XC9ndW5uYXIwMi5qcGciLCJzbGlkZXNob3ciOiJmMjEzY2ZiIn0%3D\" href='https:\/\/saabcarmuseum.se\/wp-content\/uploads\/2024\/05\/gunnar02.jpg'><img loading=\"lazy\" width=\"768\" height=\"432\" src=\"https:\/\/saabcarmuseum.se\/wp-content\/uploads\/2024\/05\/gunnar02-768x432.jpg\" class=\"attachment-medium_large size-medium_large\" alt=\"\" decoding=\"async\" srcset=\"https:\/\/saabcarmuseum.se\/wp-content\/uploads\/2024\/05\/gunnar02-768x432.jpg 768w, https:\/\/saabcarmuseum.se\/wp-content\/uploads\/2024\/05\/gunnar02-18x10.jpg 18w, https:\/\/saabcarmuseum.se\/wp-content\/uploads\/2024\/05\/gunnar02.jpg 1400w\" sizes=\"(max-width: 768px) 100vw, 768px\" \/><\/a>\n\t\t\t<\/div><\/figure><figure class='gallery-item'>\n\t\t\t<div class='gallery-icon landscape'>\n\t\t\t\t<a data-elementor-open-lightbox=\"yes\" data-elementor-lightbox-slideshow=\"f213cfb\" data-e-action-hash=\"#elementor-action%3Aaction%3Dlightbox%26settings%3DeyJpZCI6Mjg1NywidXJsIjoiaHR0cHM6XC9cL3NhYWJjYXJtdXNldW0uc2VcL3dwLWNvbnRlbnRcL3VwbG9hZHNcLzIwMjRcLzA1XC9ndW5uYXIwMS5qcGciLCJzbGlkZXNob3ciOiJmMjEzY2ZiIn0%3D\" href='https:\/\/saabcarmuseum.se\/wp-content\/uploads\/2024\/05\/gunnar01.jpg'><img loading=\"lazy\" width=\"768\" height=\"432\" src=\"https:\/\/saabcarmuseum.se\/wp-content\/uploads\/2024\/05\/gunnar01-768x432.jpg\" class=\"attachment-medium_large size-medium_large\" alt=\"\" decoding=\"async\" srcset=\"https:\/\/saabcarmuseum.se\/wp-content\/uploads\/2024\/05\/gunnar01-768x432.jpg 768w, https:\/\/saabcarmuseum.se\/wp-content\/uploads\/2024\/05\/gunnar01-18x10.jpg 18w, https:\/\/saabcarmuseum.se\/wp-content\/uploads\/2024\/05\/gunnar01.jpg 1400w\" sizes=\"(max-width: 768px) 100vw, 768px\" \/><\/a>\n\t\t\t<\/div><\/figure><figure class='gallery-item'>\n\t\t\t<div class='gallery-icon landscape'>\n\t\t\t\t<a data-elementor-open-lightbox=\"yes\" data-elementor-lightbox-slideshow=\"f213cfb\" data-e-action-hash=\"#elementor-action%3Aaction%3Dlightbox%26settings%3DeyJpZCI6Mjk0NCwidXJsIjoiaHR0cHM6XC9cL3NhYWJjYXJtdXNldW0uc2VcL3dwLWNvbnRlbnRcL3VwbG9hZHNcLzIwMjRcLzA1XC9ndW5uYXItay5qcGciLCJzbGlkZXNob3ciOiJmMjEzY2ZiIn0%3D\" href='https:\/\/saabcarmuseum.se\/wp-content\/uploads\/2024\/05\/gunnar-k.jpg'><img loading=\"lazy\" width=\"768\" height=\"432\" src=\"https:\/\/saabcarmuseum.se\/wp-content\/uploads\/2024\/05\/gunnar-k-768x432.jpg\" class=\"attachment-medium_large size-medium_large\" alt=\"\" decoding=\"async\" srcset=\"https:\/\/saabcarmuseum.se\/wp-content\/uploads\/2024\/05\/gunnar-k-768x432.jpg 768w, https:\/\/saabcarmuseum.se\/wp-content\/uploads\/2024\/05\/gunnar-k-1536x864.jpg 1536w, https:\/\/saabcarmuseum.se\/wp-content\/uploads\/2024\/05\/gunnar-k-18x10.jpg 18w, https:\/\/saabcarmuseum.se\/wp-content\/uploads\/2024\/05\/gunnar-k.jpg 1920w\" sizes=\"(max-width: 768px) 100vw, 768px\" \/><\/a>\n\t\t\t<\/div><\/figure>\n\t\t<\/div>\n\t\t<\/div>\n\t\t\t\t\t\t<\/div>\n\t\t\t\t<\/div>\n\t\t\t\t\t<\/div>\n\t\t\t\t<\/div>\n\t\t<div class=\"elementor-element elementor-element-bb57297 e-flex e-con-boxed e-con e-parent\" data-id=\"bb57297\" data-element_type=\"container\" data-e-type=\"container\">\n\t\t\t\t\t<div class=\"e-con-inner\">\n\t\t<div class=\"elementor-element elementor-element-5e05c40 e-con-full e-flex e-con e-child\" data-id=\"5e05c40\" data-element_type=\"container\" data-e-type=\"container\">\n\t\t\t\t<div class=\"elementor-element elementor-element-9762643 elementor-widget elementor-widget-image\" data-id=\"9762643\" data-element_type=\"widget\" data-e-type=\"widget\" data-widget_type=\"image.default\">\n\t\t\t\t\t\t\t\t\t\t\t\t\t\t\t\t<a href=\"https:\/\/saabcarmuseum.se\/wp-content\/uploads\/2024\/05\/stieg.jpg\" data-elementor-open-lightbox=\"yes\" data-e-action-hash=\"#elementor-action%3Aaction%3Dlightbox%26settings%3DeyJpZCI6Mjg2NSwidXJsIjoiaHR0cHM6XC9cL3NhYWJjYXJtdXNldW0uc2VcL3dwLWNvbnRlbnRcL3VwbG9hZHNcLzIwMjRcLzA1XC9zdGllZy5qcGcifQ%3D%3D\">\n\t\t\t\t\t\t\t<img loading=\"lazy\" decoding=\"async\" width=\"1400\" height=\"1400\" src=\"https:\/\/saabcarmuseum.se\/wp-content\/uploads\/2024\/05\/stieg.jpg\" class=\"attachment-full size-full wp-image-2865\" alt=\"\" srcset=\"https:\/\/saabcarmuseum.se\/wp-content\/uploads\/2024\/05\/stieg.jpg 1400w, https:\/\/saabcarmuseum.se\/wp-content\/uploads\/2024\/05\/stieg-768x768.jpg 768w, https:\/\/saabcarmuseum.se\/wp-content\/uploads\/2024\/05\/stieg-12x12.jpg 12w\" sizes=\"(max-width: 1400px) 100vw, 1400px\" \/>\t\t\t\t\t\t\t\t<\/a>\n\t\t\t\t\t\t\t\t\t\t\t\t\t\t\t<\/div>\n\t\t\t\t<\/div>\n\t\t<div class=\"elementor-element elementor-element-e07ec55 e-con-full e-flex e-con e-child\" data-id=\"e07ec55\" data-element_type=\"container\" data-e-type=\"container\">\n\t\t\t\t<div class=\"elementor-element elementor-element-e121157 elementor-widget elementor-widget-heading\" data-id=\"e121157\" data-element_type=\"widget\" data-e-type=\"widget\" data-widget_type=\"heading.default\">\n\t\t\t\t\t<h3 class=\"elementor-heading-title elementor-size-default\">13:30-14:30<\/h3>\t\t\t\t<\/div>\n\t\t\t\t<div class=\"elementor-element elementor-element-2e486a5 elementor-widget elementor-widget-heading\" data-id=\"2e486a5\" data-element_type=\"widget\" data-e-type=\"widget\" data-widget_type=\"heading.default\">\n\t\t\t\t\t<h3 class=\"elementor-heading-title elementor-size-default\">Stieg Ingvarsson: The product positioning for the 9000<\/h3>\t\t\t\t<\/div>\n\t\t\t\t<div class=\"elementor-element elementor-element-8a2c5e8 elementor-widget elementor-widget-text-editor\" data-id=\"8a2c5e8\" data-element_type=\"widget\" data-e-type=\"widget\" data-widget_type=\"text-editor.default\">\n\t\t\t\t\t\t\t\t\t<p>Stieg Ingvarsson worked on the product planning for the new Saab 9000, a completely new car that moved Saab into a significantly more exclusive segment than before. This placed entirely new demands on the organization at all levels, from development, manufacturing, importers, dealers, and service, especially in export markets. The lecture will be held in English.<\/p>\t\t\t\t\t\t\t\t<\/div>\n\t\t\t\t<div class=\"elementor-element elementor-element-d29aa0e gallery-spacing-custom elementor-hidden-mobile elementor-widget elementor-widget-image-gallery\" data-id=\"d29aa0e\" data-element_type=\"widget\" data-e-type=\"widget\" data-widget_type=\"image-gallery.default\">\n\t\t\t\t\t\t\t<div class=\"elementor-image-gallery\">\n\t\t\t<div id='gallery-3' class='gallery galleryid-2787 gallery-columns-3 gallery-size-medium_large'><figure class='gallery-item'>\n\t\t\t<div class='gallery-icon landscape'>\n\t\t\t\t<a data-elementor-open-lightbox=\"yes\" data-elementor-lightbox-slideshow=\"d29aa0e\" data-e-action-hash=\"#elementor-action%3Aaction%3Dlightbox%26settings%3DeyJpZCI6Mjk0NiwidXJsIjoiaHR0cHM6XC9cL3NhYWJjYXJtdXNldW0uc2VcL3dwLWNvbnRlbnRcL3VwbG9hZHNcLzIwMjRcLzA1XC9zdGllZzAzLmpwZyIsInNsaWRlc2hvdyI6ImQyOWFhMGUifQ%3D%3D\" href='https:\/\/saabcarmuseum.se\/wp-content\/uploads\/2024\/05\/stieg03.jpg'><img loading=\"lazy\" width=\"768\" height=\"432\" src=\"https:\/\/saabcarmuseum.se\/wp-content\/uploads\/2024\/05\/stieg03-768x432.jpg\" class=\"attachment-medium_large size-medium_large\" alt=\"\" decoding=\"async\" srcset=\"https:\/\/saabcarmuseum.se\/wp-content\/uploads\/2024\/05\/stieg03-768x432.jpg 768w, https:\/\/saabcarmuseum.se\/wp-content\/uploads\/2024\/05\/stieg03-1536x864.jpg 1536w, https:\/\/saabcarmuseum.se\/wp-content\/uploads\/2024\/05\/stieg03-18x10.jpg 18w, https:\/\/saabcarmuseum.se\/wp-content\/uploads\/2024\/05\/stieg03.jpg 1920w\" sizes=\"(max-width: 768px) 100vw, 768px\" \/><\/a>\n\t\t\t<\/div><\/figure><figure class='gallery-item'>\n\t\t\t<div class='gallery-icon landscape'>\n\t\t\t\t<a data-elementor-open-lightbox=\"yes\" data-elementor-lightbox-slideshow=\"d29aa0e\" data-e-action-hash=\"#elementor-action%3Aaction%3Dlightbox%26settings%3DeyJpZCI6Mjg2NiwidXJsIjoiaHR0cHM6XC9cL3NhYWJjYXJtdXNldW0uc2VcL3dwLWNvbnRlbnRcL3VwbG9hZHNcLzIwMjRcLzA1XC9zdGllZzAxLmpwZyIsInNsaWRlc2hvdyI6ImQyOWFhMGUifQ%3D%3D\" href='https:\/\/saabcarmuseum.se\/wp-content\/uploads\/2024\/05\/stieg01.jpg'><img loading=\"lazy\" width=\"768\" height=\"432\" src=\"https:\/\/saabcarmuseum.se\/wp-content\/uploads\/2024\/05\/stieg01-768x432.jpg\" class=\"attachment-medium_large size-medium_large\" alt=\"\" decoding=\"async\" srcset=\"https:\/\/saabcarmuseum.se\/wp-content\/uploads\/2024\/05\/stieg01-768x432.jpg 768w, https:\/\/saabcarmuseum.se\/wp-content\/uploads\/2024\/05\/stieg01-18x10.jpg 18w, https:\/\/saabcarmuseum.se\/wp-content\/uploads\/2024\/05\/stieg01.jpg 1400w\" sizes=\"(max-width: 768px) 100vw, 768px\" \/><\/a>\n\t\t\t<\/div><\/figure><figure class='gallery-item'>\n\t\t\t<div class='gallery-icon landscape'>\n\t\t\t\t<a data-elementor-open-lightbox=\"yes\" data-elementor-lightbox-slideshow=\"d29aa0e\" data-e-action-hash=\"#elementor-action%3Aaction%3Dlightbox%26settings%3DeyJpZCI6Mjk0NSwidXJsIjoiaHR0cHM6XC9cL3NhYWJjYXJtdXNldW0uc2VcL3dwLWNvbnRlbnRcL3VwbG9hZHNcLzIwMjRcLzA1XC9zdGllZzAyLmpwZyIsInNsaWRlc2hvdyI6ImQyOWFhMGUifQ%3D%3D\" href='https:\/\/saabcarmuseum.se\/wp-content\/uploads\/2024\/05\/stieg02.jpg'><img loading=\"lazy\" width=\"768\" height=\"432\" src=\"https:\/\/saabcarmuseum.se\/wp-content\/uploads\/2024\/05\/stieg02-768x432.jpg\" class=\"attachment-medium_large size-medium_large\" alt=\"\" decoding=\"async\" srcset=\"https:\/\/saabcarmuseum.se\/wp-content\/uploads\/2024\/05\/stieg02-768x432.jpg 768w, https:\/\/saabcarmuseum.se\/wp-content\/uploads\/2024\/05\/stieg02-1536x864.jpg 1536w, https:\/\/saabcarmuseum.se\/wp-content\/uploads\/2024\/05\/stieg02-18x10.jpg 18w, https:\/\/saabcarmuseum.se\/wp-content\/uploads\/2024\/05\/stieg02.jpg 1920w\" sizes=\"(max-width: 768px) 100vw, 768px\" \/><\/a>\n\t\t\t<\/div><\/figure>\n\t\t<\/div>\n\t\t<\/div>\n\t\t\t\t\t\t<\/div>\n\t\t\t\t<\/div>\n\t\t\t\t\t<\/div>\n\t\t\t\t<\/div>\n\t\t<div class=\"elementor-element elementor-element-2f4f515 e-flex e-con-boxed e-con e-parent\" data-id=\"2f4f515\" data-element_type=\"container\" data-e-type=\"container\" data-settings=\"{&quot;background_background&quot;:&quot;classic&quot;}\">\n\t\t\t\t\t<div class=\"e-con-inner\">\n\t\t\t\t<div class=\"elementor-element elementor-element-621c8e5 elementor-mobile-align-justify elementor-widget elementor-widget-button\" data-id=\"621c8e5\" data-element_type=\"widget\" data-e-type=\"widget\" data-widget_type=\"button.default\">\n\t\t\t\t\t\t\t\t\t\t<a class=\"elementor-button elementor-button-link elementor-size-sm\" href=\"https:\/\/saabcarmuseum.se\/en\/saab-car-museum-festival\/#call2\">\n\t\t\t\t\t\t<span class=\"elementor-button-content-wrapper\">\n\t\t\t\t\t\t<span class=\"elementor-button-icon\">\n\t\t\t\t<i aria-hidden=\"true\" class=\"fas fa-chevron-left\"><\/i>\t\t\t<\/span>\n\t\t\t\t\t\t\t\t\t<span class=\"elementor-button-text\">Back to the program<\/span>\n\t\t\t\t\t<\/span>\n\t\t\t\t\t<\/a>\n\t\t\t\t\t\t\t\t<\/div>\n\t\t\t\t\t<\/div>\n\t\t\t\t<\/div>\n\t\t\t\t<\/div>","protected":false},"excerpt":{"rendered":"<p>Saab Car Museum Festival 2024 Seminarier L\u00f6rdag 8 juni Plats: Auditoriet, Saab Car Museum Kl. 10:30-11:30 Rolf Sarsten\/Gunnar Larsson: The development of X29 Saab 9000 Gunnar Larsson var den f\u00f6rste projektledaren f\u00f6r X29, det vill s\u00e4ga nya Saab 9000. N\u00e4r han blev utn\u00e4mnd till tekniks direkt\u00f6r p\u00e5 Saab togs projektledarrollen \u00f6ver av Rolf Sarsten som [&hellip;]<\/p>\n","protected":false},"author":1,"featured_media":0,"parent":0,"menu_order":0,"comment_status":"closed","ping_status":"closed","template":"","meta":{"footnotes":""},"class_list":["post-2787","page","type-page","status-publish","hentry"],"_links":{"self":[{"href":"https:\/\/saabcarmuseum.se\/en\/wp-json\/wp\/v2\/pages\/2787","targetHints":{"allow":["GET"]}}],"collection":[{"href":"https:\/\/saabcarmuseum.se\/en\/wp-json\/wp\/v2\/pages"}],"about":[{"href":"https:\/\/saabcarmuseum.se\/en\/wp-json\/wp\/v2\/types\/page"}],"author":[{"embeddable":true,"href":"https:\/\/saabcarmuseum.se\/en\/wp-json\/wp\/v2\/users\/1"}],"replies":[{"embeddable":true,"href":"https:\/\/saabcarmuseum.se\/en\/wp-json\/wp\/v2\/comments?post=2787"}],"version-history":[{"count":3,"href":"https:\/\/saabcarmuseum.se\/en\/wp-json\/wp\/v2\/pages\/2787\/revisions"}],"predecessor-version":[{"id":2949,"href":"https:\/\/saabcarmuseum.se\/en\/wp-json\/wp\/v2\/pages\/2787\/revisions\/2949"}],"wp:attachment":[{"href":"https:\/\/saabcarmuseum.se\/en\/wp-json\/wp\/v2\/media?parent=2787"}],"curies":[{"name":"wp","href":"https:\/\/api.w.org\/{rel}","templated":true}]}}