{"id":2782,"date":"2024-05-29T14:26:59","date_gmt":"2024-05-29T13:26:59","guid":{"rendered":"https:\/\/saabcarmuseum.se\/?page_id=2782"},"modified":"2024-05-30T16:05:06","modified_gmt":"2024-05-30T15:05:06","slug":"seminarier-01","status":"publish","type":"page","link":"https:\/\/saabcarmuseum.se\/en\/seminarier-01\/","title":{"rendered":"Seminarier 01"},"content":{"rendered":"<div data-elementor-type=\"wp-page\" data-elementor-id=\"2782\" class=\"elementor elementor-2782\" data-elementor-post-type=\"page\">\n\t\t\t\t<div class=\"elementor-element elementor-element-8d6c5fb e-flex e-con-boxed e-con e-parent\" data-id=\"8d6c5fb\" data-element_type=\"container\" data-e-type=\"container\" data-settings=\"{&quot;background_background&quot;:&quot;classic&quot;}\">\n\t\t\t\t\t<div class=\"e-con-inner\">\n\t\t\t\t<div class=\"elementor-element elementor-element-8308d79 elementor-widget elementor-widget-heading\" data-id=\"8308d79\" data-element_type=\"widget\" data-e-type=\"widget\" data-widget_type=\"heading.default\">\n\t\t\t\t\t<h2 class=\"elementor-heading-title elementor-size-default\">Saab Car Museum Festival 2024<\/h2>\t\t\t\t<\/div>\n\t\t\t\t<div class=\"elementor-element elementor-element-7f37caa elementor-widget elementor-widget-heading\" data-id=\"7f37caa\" data-element_type=\"widget\" data-e-type=\"widget\" data-widget_type=\"heading.default\">\n\t\t\t\t\t<h2 class=\"elementor-heading-title elementor-size-default\">Seminars Friday June 7<\/h2>\t\t\t\t<\/div>\n\t\t\t\t<div class=\"elementor-element elementor-element-f48dc5a elementor-widget elementor-widget-spacer\" data-id=\"f48dc5a\" data-element_type=\"widget\" data-e-type=\"widget\" data-widget_type=\"spacer.default\">\n\t\t\t\t\t\t\t<div class=\"elementor-spacer\">\n\t\t\t<div class=\"elementor-spacer-inner\"><\/div>\n\t\t<\/div>\n\t\t\t\t\t\t<\/div>\n\t\t\t\t<div class=\"elementor-element elementor-element-30a3ae0 elementor-widget elementor-widget-heading\" data-id=\"30a3ae0\" data-element_type=\"widget\" data-e-type=\"widget\" data-widget_type=\"heading.default\">\n\t\t\t\t\t<h2 class=\"elementor-heading-title elementor-size-default\">Location: The auditorium, Saab Car Museum<\/h2>\t\t\t\t<\/div>\n\t\t\t\t\t<\/div>\n\t\t\t\t<\/div>\n\t\t<div class=\"elementor-element elementor-element-95155c2 e-flex e-con-boxed e-con e-parent\" data-id=\"95155c2\" data-element_type=\"container\" data-e-type=\"container\">\n\t\t\t\t\t<div class=\"e-con-inner\">\n\t\t<div class=\"elementor-element elementor-element-4edae47 e-con-full e-flex e-con e-child\" data-id=\"4edae47\" data-element_type=\"container\" data-e-type=\"container\">\n\t\t\t\t<div class=\"elementor-element elementor-element-c9f9c3e elementor-widget elementor-widget-image\" data-id=\"c9f9c3e\" data-element_type=\"widget\" data-e-type=\"widget\" data-widget_type=\"image.default\">\n\t\t\t\t\t\t\t\t\t\t\t\t\t\t\t\t<a href=\"https:\/\/saabcarmuseum.se\/wp-content\/uploads\/2024\/05\/michael-luft-1400.jpg\" data-elementor-open-lightbox=\"yes\" data-e-action-hash=\"#elementor-action%3Aaction%3Dlightbox%26settings%3DeyJpZCI6Mjc5MywidXJsIjoiaHR0cHM6XC9cL3NhYWJjYXJtdXNldW0uc2VcL3dwLWNvbnRlbnRcL3VwbG9hZHNcLzIwMjRcLzA1XC9taWNoYWVsLWx1ZnQtMTQwMC5qcGcifQ%3D%3D\">\n\t\t\t\t\t\t\t<img fetchpriority=\"high\" decoding=\"async\" width=\"1400\" height=\"1400\" src=\"https:\/\/saabcarmuseum.se\/wp-content\/uploads\/2024\/05\/michael-luft-1400.jpg\" class=\"attachment-full size-full wp-image-2793\" alt=\"\" srcset=\"https:\/\/saabcarmuseum.se\/wp-content\/uploads\/2024\/05\/michael-luft-1400.jpg 1400w, https:\/\/saabcarmuseum.se\/wp-content\/uploads\/2024\/05\/michael-luft-1400-768x768.jpg 768w, https:\/\/saabcarmuseum.se\/wp-content\/uploads\/2024\/05\/michael-luft-1400-12x12.jpg 12w\" sizes=\"(max-width: 1400px) 100vw, 1400px\" \/>\t\t\t\t\t\t\t\t<\/a>\n\t\t\t\t\t\t\t\t\t\t\t\t\t\t\t<\/div>\n\t\t\t\t<\/div>\n\t\t<div class=\"elementor-element elementor-element-1a1bcf8 e-con-full e-flex e-con e-child\" data-id=\"1a1bcf8\" data-element_type=\"container\" data-e-type=\"container\">\n\t\t\t\t<div class=\"elementor-element elementor-element-e987383 elementor-widget elementor-widget-heading\" data-id=\"e987383\" data-element_type=\"widget\" data-e-type=\"widget\" data-widget_type=\"heading.default\">\n\t\t\t\t\t<h3 class=\"elementor-heading-title elementor-size-default\">13:30-14:30<\/h3>\t\t\t\t<\/div>\n\t\t\t\t<div class=\"elementor-element elementor-element-dc2ec5d elementor-widget elementor-widget-heading\" data-id=\"dc2ec5d\" data-element_type=\"widget\" data-e-type=\"widget\" data-widget_type=\"heading.default\">\n\t\t\t\t\t<h3 class=\"elementor-heading-title elementor-size-default\">Michael Luft: The value of your Saab<\/h3>\t\t\t\t<\/div>\n\t\t\t\t<div class=\"elementor-element elementor-element-8541cc5 elementor-widget elementor-widget-text-editor\" data-id=\"8541cc5\" data-element_type=\"widget\" data-e-type=\"widget\" data-widget_type=\"text-editor.default\">\n\t\t\t\t\t\t\t\t\t<p>Michael Luft fr\u00e5n Bilwebaction.se, som kommer att h\u00e5lla en Saabauktion p\u00e5 festivalen p\u00e5 l\u00f6rdag kl. 16.00, ber\u00e4ttar om v\u00e4rdeutvecklingen p\u00e5 v\u00e5ra Saabar och vad man skall t\u00e4nka p\u00e5 om man vill s\u00e4lja sin bil. F\u00f6redraget h\u00e5lls p\u00e5 Engelska.<\/p>\t\t\t\t\t\t\t\t<\/div>\n\t\t\t\t<div class=\"elementor-element elementor-element-23999d5 gallery-spacing-custom elementor-hidden-mobile elementor-widget elementor-widget-image-gallery\" data-id=\"23999d5\" data-element_type=\"widget\" data-e-type=\"widget\" data-widget_type=\"image-gallery.default\">\n\t\t\t\t\t\t\t<div class=\"elementor-image-gallery\">\n\t\t\t<div id='gallery-1' class='gallery galleryid-2782 gallery-columns-3 gallery-size-medium_large'><figure class='gallery-item'>\n\t\t\t<div class='gallery-icon landscape'>\n\t\t\t\t<a data-elementor-open-lightbox=\"yes\" data-elementor-lightbox-slideshow=\"23999d5\" data-e-action-hash=\"#elementor-action%3Aaction%3Dlightbox%26settings%3DeyJpZCI6MjgxMCwidXJsIjoiaHR0cHM6XC9cL3NhYWJjYXJtdXNldW0uc2VcL3dwLWNvbnRlbnRcL3VwbG9hZHNcLzIwMjRcLzA1XC9sdWZ0MDEuanBnIiwic2xpZGVzaG93IjoiMjM5OTlkNSJ9\" href='https:\/\/saabcarmuseum.se\/wp-content\/uploads\/2024\/05\/luft01.jpg'><img decoding=\"async\" width=\"768\" height=\"432\" src=\"https:\/\/saabcarmuseum.se\/wp-content\/uploads\/2024\/05\/luft01-768x432.jpg\" class=\"attachment-medium_large size-medium_large\" alt=\"\" srcset=\"https:\/\/saabcarmuseum.se\/wp-content\/uploads\/2024\/05\/luft01-768x432.jpg 768w, https:\/\/saabcarmuseum.se\/wp-content\/uploads\/2024\/05\/luft01-18x10.jpg 18w, https:\/\/saabcarmuseum.se\/wp-content\/uploads\/2024\/05\/luft01.jpg 1400w\" sizes=\"(max-width: 768px) 100vw, 768px\" \/><\/a>\n\t\t\t<\/div><\/figure><figure class='gallery-item'>\n\t\t\t<div class='gallery-icon landscape'>\n\t\t\t\t<a data-elementor-open-lightbox=\"yes\" data-elementor-lightbox-slideshow=\"23999d5\" data-e-action-hash=\"#elementor-action%3Aaction%3Dlightbox%26settings%3DeyJpZCI6Mjk1MSwidXJsIjoiaHR0cHM6XC9cL3NhYWJjYXJtdXNldW0uc2VcL3dwLWNvbnRlbnRcL3VwbG9hZHNcLzIwMjRcLzA1XC9sdWZ0MDQuanBnIiwic2xpZGVzaG93IjoiMjM5OTlkNSJ9\" href='https:\/\/saabcarmuseum.se\/wp-content\/uploads\/2024\/05\/luft04.jpg'><img decoding=\"async\" width=\"768\" height=\"432\" src=\"https:\/\/saabcarmuseum.se\/wp-content\/uploads\/2024\/05\/luft04-768x432.jpg\" class=\"attachment-medium_large size-medium_large\" alt=\"\" srcset=\"https:\/\/saabcarmuseum.se\/wp-content\/uploads\/2024\/05\/luft04-768x432.jpg 768w, https:\/\/saabcarmuseum.se\/wp-content\/uploads\/2024\/05\/luft04-1536x864.jpg 1536w, https:\/\/saabcarmuseum.se\/wp-content\/uploads\/2024\/05\/luft04-18x10.jpg 18w, https:\/\/saabcarmuseum.se\/wp-content\/uploads\/2024\/05\/luft04.jpg 1920w\" sizes=\"(max-width: 768px) 100vw, 768px\" \/><\/a>\n\t\t\t<\/div><\/figure><figure class='gallery-item'>\n\t\t\t<div class='gallery-icon landscape'>\n\t\t\t\t<a data-elementor-open-lightbox=\"yes\" data-elementor-lightbox-slideshow=\"23999d5\" data-e-action-hash=\"#elementor-action%3Aaction%3Dlightbox%26settings%3DeyJpZCI6Mjk1MCwidXJsIjoiaHR0cHM6XC9cL3NhYWJjYXJtdXNldW0uc2VcL3dwLWNvbnRlbnRcL3VwbG9hZHNcLzIwMjRcLzA1XC9sdWZ0MDMuanBnIiwic2xpZGVzaG93IjoiMjM5OTlkNSJ9\" href='https:\/\/saabcarmuseum.se\/wp-content\/uploads\/2024\/05\/luft03.jpg'><img loading=\"lazy\" decoding=\"async\" width=\"768\" height=\"432\" src=\"https:\/\/saabcarmuseum.se\/wp-content\/uploads\/2024\/05\/luft03-768x432.jpg\" class=\"attachment-medium_large size-medium_large\" alt=\"\" srcset=\"https:\/\/saabcarmuseum.se\/wp-content\/uploads\/2024\/05\/luft03-768x432.jpg 768w, https:\/\/saabcarmuseum.se\/wp-content\/uploads\/2024\/05\/luft03-1536x864.jpg 1536w, https:\/\/saabcarmuseum.se\/wp-content\/uploads\/2024\/05\/luft03-18x10.jpg 18w, https:\/\/saabcarmuseum.se\/wp-content\/uploads\/2024\/05\/luft03.jpg 1920w\" sizes=\"(max-width: 768px) 100vw, 768px\" \/><\/a>\n\t\t\t<\/div><\/figure>\n\t\t<\/div>\n\t\t<\/div>\n\t\t\t\t\t\t<\/div>\n\t\t\t\t<\/div>\n\t\t\t\t\t<\/div>\n\t\t\t\t<\/div>\n\t\t<div class=\"elementor-element elementor-element-9c9fadc e-flex e-con-boxed e-con e-parent\" data-id=\"9c9fadc\" data-element_type=\"container\" data-e-type=\"container\" data-settings=\"{&quot;background_background&quot;:&quot;classic&quot;}\">\n\t\t\t\t\t<div class=\"e-con-inner\">\n\t\t<div class=\"elementor-element elementor-element-024debf e-con-full e-flex e-con e-child\" data-id=\"024debf\" data-element_type=\"container\" data-e-type=\"container\">\n\t\t\t\t<div class=\"elementor-element elementor-element-b09c025 elementor-widget elementor-widget-image\" data-id=\"b09c025\" data-element_type=\"widget\" data-e-type=\"widget\" data-widget_type=\"image.default\">\n\t\t\t\t\t\t\t\t\t\t\t\t\t\t\t\t<a href=\"https:\/\/saabcarmuseum.se\/wp-content\/uploads\/2024\/05\/uno-dahl-1400.jpg\" data-elementor-open-lightbox=\"yes\" data-e-action-hash=\"#elementor-action%3Aaction%3Dlightbox%26settings%3DeyJpZCI6Mjc5NywidXJsIjoiaHR0cHM6XC9cL3NhYWJjYXJtdXNldW0uc2VcL3dwLWNvbnRlbnRcL3VwbG9hZHNcLzIwMjRcLzA1XC91bm8tZGFobC0xNDAwLmpwZyJ9\">\n\t\t\t\t\t\t\t<img loading=\"lazy\" decoding=\"async\" width=\"1400\" height=\"1400\" src=\"https:\/\/saabcarmuseum.se\/wp-content\/uploads\/2024\/05\/uno-dahl-1400.jpg\" class=\"attachment-full size-full wp-image-2797\" alt=\"\" srcset=\"https:\/\/saabcarmuseum.se\/wp-content\/uploads\/2024\/05\/uno-dahl-1400.jpg 1400w, https:\/\/saabcarmuseum.se\/wp-content\/uploads\/2024\/05\/uno-dahl-1400-768x768.jpg 768w, https:\/\/saabcarmuseum.se\/wp-content\/uploads\/2024\/05\/uno-dahl-1400-12x12.jpg 12w\" sizes=\"(max-width: 1400px) 100vw, 1400px\" \/>\t\t\t\t\t\t\t\t<\/a>\n\t\t\t\t\t\t\t\t\t\t\t\t\t\t\t<\/div>\n\t\t\t\t<\/div>\n\t\t<div class=\"elementor-element elementor-element-b936861 e-con-full e-flex e-con e-child\" data-id=\"b936861\" data-element_type=\"container\" data-e-type=\"container\">\n\t\t\t\t<div class=\"elementor-element elementor-element-726b606 elementor-widget elementor-widget-heading\" data-id=\"726b606\" data-element_type=\"widget\" data-e-type=\"widget\" data-widget_type=\"heading.default\">\n\t\t\t\t\t<h3 class=\"elementor-heading-title elementor-size-default\">15:00-16:00<\/h3>\t\t\t\t<\/div>\n\t\t\t\t<div class=\"elementor-element elementor-element-61787dc elementor-widget elementor-widget-heading\" data-id=\"61787dc\" data-element_type=\"widget\" data-e-type=\"widget\" data-widget_type=\"heading.default\">\n\t\t\t\t\t<h3 class=\"elementor-heading-title elementor-size-default\">Uno Dahl: Testing of the Saab 9000 around the world<\/h3>\t\t\t\t<\/div>\n\t\t\t\t<div class=\"elementor-element elementor-element-46c1df8 elementor-widget elementor-widget-text-editor\" data-id=\"46c1df8\" data-element_type=\"widget\" data-e-type=\"widget\" data-widget_type=\"text-editor.default\">\n\t\t\t\t\t\t\t\t\t<p>Uno Dahl was responsible for complete vehicle testing and passive safety during the development of the X29 in the 1980s. He will take you on an adventurous journey with his camera from freezing cold to the heat of the desert back in the day. The lecture will be held in English.<\/p>\t\t\t\t\t\t\t\t<\/div>\n\t\t\t\t<div class=\"elementor-element elementor-element-782c5c3 gallery-spacing-custom elementor-hidden-mobile elementor-widget elementor-widget-image-gallery\" data-id=\"782c5c3\" data-element_type=\"widget\" data-e-type=\"widget\" data-widget_type=\"image-gallery.default\">\n\t\t\t\t\t\t\t<div class=\"elementor-image-gallery\">\n\t\t\t<div id='gallery-2' class='gallery galleryid-2782 gallery-columns-3 gallery-size-medium_large'><figure class='gallery-item'>\n\t\t\t<div class='gallery-icon landscape'>\n\t\t\t\t<a data-elementor-open-lightbox=\"yes\" data-elementor-lightbox-slideshow=\"782c5c3\" data-e-action-hash=\"#elementor-action%3Aaction%3Dlightbox%26settings%3DeyJpZCI6MjgwMSwidXJsIjoiaHR0cHM6XC9cL3NhYWJjYXJtdXNldW0uc2VcL3dwLWNvbnRlbnRcL3VwbG9hZHNcLzIwMjRcLzA1XC91bm8wMi5qcGciLCJzbGlkZXNob3ciOiI3ODJjNWMzIn0%3D\" href='https:\/\/saabcarmuseum.se\/wp-content\/uploads\/2024\/05\/uno02.jpg'><img loading=\"lazy\" decoding=\"async\" width=\"768\" height=\"432\" src=\"https:\/\/saabcarmuseum.se\/wp-content\/uploads\/2024\/05\/uno02-768x432.jpg\" class=\"attachment-medium_large size-medium_large\" alt=\"\" srcset=\"https:\/\/saabcarmuseum.se\/wp-content\/uploads\/2024\/05\/uno02-768x432.jpg 768w, https:\/\/saabcarmuseum.se\/wp-content\/uploads\/2024\/05\/uno02-18x10.jpg 18w, https:\/\/saabcarmuseum.se\/wp-content\/uploads\/2024\/05\/uno02.jpg 1400w\" sizes=\"(max-width: 768px) 100vw, 768px\" \/><\/a>\n\t\t\t<\/div><\/figure><figure class='gallery-item'>\n\t\t\t<div class='gallery-icon landscape'>\n\t\t\t\t<a data-elementor-open-lightbox=\"yes\" data-elementor-lightbox-slideshow=\"782c5c3\" data-e-action-hash=\"#elementor-action%3Aaction%3Dlightbox%26settings%3DeyJpZCI6MjgwMCwidXJsIjoiaHR0cHM6XC9cL3NhYWJjYXJtdXNldW0uc2VcL3dwLWNvbnRlbnRcL3VwbG9hZHNcLzIwMjRcLzA1XC91bm8wMS5qcGciLCJzbGlkZXNob3ciOiI3ODJjNWMzIn0%3D\" href='https:\/\/saabcarmuseum.se\/wp-content\/uploads\/2024\/05\/uno01.jpg'><img loading=\"lazy\" decoding=\"async\" width=\"768\" height=\"432\" src=\"https:\/\/saabcarmuseum.se\/wp-content\/uploads\/2024\/05\/uno01-768x432.jpg\" class=\"attachment-medium_large size-medium_large\" alt=\"\" srcset=\"https:\/\/saabcarmuseum.se\/wp-content\/uploads\/2024\/05\/uno01-768x432.jpg 768w, https:\/\/saabcarmuseum.se\/wp-content\/uploads\/2024\/05\/uno01-18x10.jpg 18w, https:\/\/saabcarmuseum.se\/wp-content\/uploads\/2024\/05\/uno01.jpg 1400w\" sizes=\"(max-width: 768px) 100vw, 768px\" \/><\/a>\n\t\t\t<\/div><\/figure><figure class='gallery-item'>\n\t\t\t<div class='gallery-icon landscape'>\n\t\t\t\t<a data-elementor-open-lightbox=\"yes\" data-elementor-lightbox-slideshow=\"782c5c3\" data-e-action-hash=\"#elementor-action%3Aaction%3Dlightbox%26settings%3DeyJpZCI6MjgwMiwidXJsIjoiaHR0cHM6XC9cL3NhYWJjYXJtdXNldW0uc2VcL3dwLWNvbnRlbnRcL3VwbG9hZHNcLzIwMjRcLzA1XC91bm8wMy5qcGciLCJzbGlkZXNob3ciOiI3ODJjNWMzIn0%3D\" href='https:\/\/saabcarmuseum.se\/wp-content\/uploads\/2024\/05\/uno03.jpg'><img loading=\"lazy\" decoding=\"async\" width=\"768\" height=\"432\" src=\"https:\/\/saabcarmuseum.se\/wp-content\/uploads\/2024\/05\/uno03-768x432.jpg\" class=\"attachment-medium_large size-medium_large\" alt=\"\" srcset=\"https:\/\/saabcarmuseum.se\/wp-content\/uploads\/2024\/05\/uno03-768x432.jpg 768w, https:\/\/saabcarmuseum.se\/wp-content\/uploads\/2024\/05\/uno03-18x10.jpg 18w, https:\/\/saabcarmuseum.se\/wp-content\/uploads\/2024\/05\/uno03.jpg 1400w\" sizes=\"(max-width: 768px) 100vw, 768px\" \/><\/a>\n\t\t\t<\/div><\/figure>\n\t\t<\/div>\n\t\t<\/div>\n\t\t\t\t\t\t<\/div>\n\t\t\t\t<\/div>\n\t\t\t\t\t<\/div>\n\t\t\t\t<\/div>\n\t\t<div class=\"elementor-element elementor-element-f93a944 e-flex e-con-boxed e-con e-parent\" data-id=\"f93a944\" data-element_type=\"container\" data-e-type=\"container\">\n\t\t\t\t\t<div class=\"e-con-inner\">\n\t\t<div class=\"elementor-element elementor-element-fb1c0f3 e-con-full e-flex e-con e-child\" data-id=\"fb1c0f3\" data-element_type=\"container\" data-e-type=\"container\">\n\t\t\t\t<div class=\"elementor-element elementor-element-b4df016 elementor-widget-mobile__width-initial elementor-widget elementor-widget-image\" data-id=\"b4df016\" data-element_type=\"widget\" data-e-type=\"widget\" data-widget_type=\"image.default\">\n\t\t\t\t\t\t\t\t\t\t\t\t\t\t\t\t<a href=\"https:\/\/saabcarmuseum.se\/wp-content\/uploads\/2024\/05\/kjell.jpg\" data-elementor-open-lightbox=\"yes\" data-e-action-hash=\"#elementor-action%3Aaction%3Dlightbox%26settings%3DeyJpZCI6MjgxNCwidXJsIjoiaHR0cHM6XC9cL3NhYWJjYXJtdXNldW0uc2VcL3dwLWNvbnRlbnRcL3VwbG9hZHNcLzIwMjRcLzA1XC9ramVsbC5qcGcifQ%3D%3D\">\n\t\t\t\t\t\t\t<img loading=\"lazy\" decoding=\"async\" width=\"1400\" height=\"1400\" src=\"https:\/\/saabcarmuseum.se\/wp-content\/uploads\/2024\/05\/kjell.jpg\" class=\"attachment-full size-full wp-image-2814\" alt=\"\" srcset=\"https:\/\/saabcarmuseum.se\/wp-content\/uploads\/2024\/05\/kjell.jpg 1400w, https:\/\/saabcarmuseum.se\/wp-content\/uploads\/2024\/05\/kjell-768x768.jpg 768w, https:\/\/saabcarmuseum.se\/wp-content\/uploads\/2024\/05\/kjell-12x12.jpg 12w\" sizes=\"(max-width: 1400px) 100vw, 1400px\" \/>\t\t\t\t\t\t\t\t<\/a>\n\t\t\t\t\t\t\t\t\t\t\t\t\t\t\t<\/div>\n\t\t\t\t<div class=\"elementor-element elementor-element-60f7cc2 elementor-widget-mobile__width-initial elementor-widget elementor-widget-image\" data-id=\"60f7cc2\" data-element_type=\"widget\" data-e-type=\"widget\" data-widget_type=\"image.default\">\n\t\t\t\t\t\t\t\t\t\t\t\t\t\t\t\t<a href=\"https:\/\/saabcarmuseum.se\/wp-content\/uploads\/2024\/05\/tommy.jpg\" data-elementor-open-lightbox=\"yes\" data-e-action-hash=\"#elementor-action%3Aaction%3Dlightbox%26settings%3DeyJpZCI6MjgxNSwidXJsIjoiaHR0cHM6XC9cL3NhYWJjYXJtdXNldW0uc2VcL3dwLWNvbnRlbnRcL3VwbG9hZHNcLzIwMjRcLzA1XC90b21teS5qcGcifQ%3D%3D\">\n\t\t\t\t\t\t\t<img loading=\"lazy\" decoding=\"async\" width=\"1400\" height=\"1400\" src=\"https:\/\/saabcarmuseum.se\/wp-content\/uploads\/2024\/05\/tommy.jpg\" class=\"attachment-full size-full wp-image-2815\" alt=\"\" srcset=\"https:\/\/saabcarmuseum.se\/wp-content\/uploads\/2024\/05\/tommy.jpg 1400w, https:\/\/saabcarmuseum.se\/wp-content\/uploads\/2024\/05\/tommy-768x768.jpg 768w, https:\/\/saabcarmuseum.se\/wp-content\/uploads\/2024\/05\/tommy-12x12.jpg 12w\" sizes=\"(max-width: 1400px) 100vw, 1400px\" \/>\t\t\t\t\t\t\t\t<\/a>\n\t\t\t\t\t\t\t\t\t\t\t\t\t\t\t<\/div>\n\t\t\t\t<\/div>\n\t\t<div class=\"elementor-element elementor-element-7bb2e06 e-con-full e-flex e-con e-child\" data-id=\"7bb2e06\" data-element_type=\"container\" data-e-type=\"container\">\n\t\t\t\t<div class=\"elementor-element elementor-element-8edb81b elementor-widget elementor-widget-heading\" data-id=\"8edb81b\" data-element_type=\"widget\" data-e-type=\"widget\" data-widget_type=\"heading.default\">\n\t\t\t\t\t<h3 class=\"elementor-heading-title elementor-size-default\">16:30-17:30<\/h3>\t\t\t\t<\/div>\n\t\t\t\t<div class=\"elementor-element elementor-element-e668e17 elementor-widget elementor-widget-heading\" data-id=\"e668e17\" data-element_type=\"widget\" data-e-type=\"widget\" data-widget_type=\"heading.default\">\n\t\t\t\t\t<h3 class=\"elementor-heading-title elementor-size-default\">Kjell AC Bergstr\u00f6m\/Tommy Bj\u00f6rkqvist: The FIAT\/GM Powertrain joint venture\n<\/h3>\t\t\t\t<\/div>\n\t\t\t\t<div class=\"elementor-element elementor-element-e14cb3b elementor-widget elementor-widget-text-editor\" data-id=\"e14cb3b\" data-element_type=\"widget\" data-e-type=\"widget\" data-widget_type=\"text-editor.default\">\n\t\t\t\t\t\t\t\t\t<p>Kjell AC Bergstr\u00f6m and Tommy Bj\u00f6rkqvist were responsible for powertrain development at Saab, which was part of the collaboration that General Motors had with Fiat. We will gain an interesting insight into combustion engine development and the strategies behind the powertrains in the Saabs you drive today. The lecture will be held in English.<\/p>\t\t\t\t\t\t\t\t<\/div>\n\t\t\t\t<div class=\"elementor-element elementor-element-528065e gallery-spacing-custom elementor-hidden-mobile elementor-widget elementor-widget-image-gallery\" data-id=\"528065e\" data-element_type=\"widget\" data-e-type=\"widget\" data-widget_type=\"image-gallery.default\">\n\t\t\t\t\t\t\t<div class=\"elementor-image-gallery\">\n\t\t\t<div id='gallery-3' class='gallery galleryid-2782 gallery-columns-3 gallery-size-medium_large'><figure class='gallery-item'>\n\t\t\t<div class='gallery-icon landscape'>\n\t\t\t\t<a data-elementor-open-lightbox=\"yes\" data-elementor-lightbox-slideshow=\"528065e\" data-e-action-hash=\"#elementor-action%3Aaction%3Dlightbox%26settings%3DeyJpZCI6MjgxNywidXJsIjoiaHR0cHM6XC9cL3NhYWJjYXJtdXNldW0uc2VcL3dwLWNvbnRlbnRcL3VwbG9hZHNcLzIwMjRcLzA1XC9tb3Rvci5qcGciLCJzbGlkZXNob3ciOiI1MjgwNjVlIn0%3D\" href='https:\/\/saabcarmuseum.se\/wp-content\/uploads\/2024\/05\/motor.jpg'><img loading=\"lazy\" decoding=\"async\" width=\"768\" height=\"432\" src=\"https:\/\/saabcarmuseum.se\/wp-content\/uploads\/2024\/05\/motor-768x432.jpg\" class=\"attachment-medium_large size-medium_large\" alt=\"\" srcset=\"https:\/\/saabcarmuseum.se\/wp-content\/uploads\/2024\/05\/motor-768x432.jpg 768w, https:\/\/saabcarmuseum.se\/wp-content\/uploads\/2024\/05\/motor-18x10.jpg 18w, https:\/\/saabcarmuseum.se\/wp-content\/uploads\/2024\/05\/motor.jpg 1400w\" sizes=\"(max-width: 768px) 100vw, 768px\" \/><\/a>\n\t\t\t<\/div><\/figure><figure class='gallery-item'>\n\t\t\t<div class='gallery-icon landscape'>\n\t\t\t\t<a data-elementor-open-lightbox=\"yes\" data-elementor-lightbox-slideshow=\"528065e\" data-e-action-hash=\"#elementor-action%3Aaction%3Dlightbox%26settings%3DeyJpZCI6Mjk1MiwidXJsIjoiaHR0cHM6XC9cL3NhYWJjYXJtdXNldW0uc2VcL3dwLWNvbnRlbnRcL3VwbG9hZHNcLzIwMjRcLzA1XC9maWF0MDIuanBnIiwic2xpZGVzaG93IjoiNTI4MDY1ZSJ9\" href='https:\/\/saabcarmuseum.se\/wp-content\/uploads\/2024\/05\/fiat02.jpg'><img loading=\"lazy\" decoding=\"async\" width=\"768\" height=\"432\" src=\"https:\/\/saabcarmuseum.se\/wp-content\/uploads\/2024\/05\/fiat02-768x432.jpg\" class=\"attachment-medium_large size-medium_large\" alt=\"\" srcset=\"https:\/\/saabcarmuseum.se\/wp-content\/uploads\/2024\/05\/fiat02-768x432.jpg 768w, https:\/\/saabcarmuseum.se\/wp-content\/uploads\/2024\/05\/fiat02-1536x864.jpg 1536w, https:\/\/saabcarmuseum.se\/wp-content\/uploads\/2024\/05\/fiat02-18x10.jpg 18w, https:\/\/saabcarmuseum.se\/wp-content\/uploads\/2024\/05\/fiat02.jpg 1920w\" sizes=\"(max-width: 768px) 100vw, 768px\" \/><\/a>\n\t\t\t<\/div><\/figure><figure class='gallery-item'>\n\t\t\t<div class='gallery-icon landscape'>\n\t\t\t\t<a data-elementor-open-lightbox=\"yes\" data-elementor-lightbox-slideshow=\"528065e\" data-e-action-hash=\"#elementor-action%3Aaction%3Dlightbox%26settings%3DeyJpZCI6Mjk1MywidXJsIjoiaHR0cHM6XC9cL3NhYWJjYXJtdXNldW0uc2VcL3dwLWNvbnRlbnRcL3VwbG9hZHNcLzIwMjRcLzA1XC9maWF0MDMuanBnIiwic2xpZGVzaG93IjoiNTI4MDY1ZSJ9\" href='https:\/\/saabcarmuseum.se\/wp-content\/uploads\/2024\/05\/fiat03.jpg'><img loading=\"lazy\" decoding=\"async\" width=\"768\" height=\"432\" src=\"https:\/\/saabcarmuseum.se\/wp-content\/uploads\/2024\/05\/fiat03-768x432.jpg\" class=\"attachment-medium_large size-medium_large\" alt=\"\" srcset=\"https:\/\/saabcarmuseum.se\/wp-content\/uploads\/2024\/05\/fiat03-768x432.jpg 768w, https:\/\/saabcarmuseum.se\/wp-content\/uploads\/2024\/05\/fiat03-1536x864.jpg 1536w, https:\/\/saabcarmuseum.se\/wp-content\/uploads\/2024\/05\/fiat03-18x10.jpg 18w, https:\/\/saabcarmuseum.se\/wp-content\/uploads\/2024\/05\/fiat03.jpg 1920w\" sizes=\"(max-width: 768px) 100vw, 768px\" \/><\/a>\n\t\t\t<\/div><\/figure>\n\t\t<\/div>\n\t\t<\/div>\n\t\t\t\t\t\t<\/div>\n\t\t\t\t<\/div>\n\t\t\t\t\t<\/div>\n\t\t\t\t<\/div>\n\t\t<div class=\"elementor-element elementor-element-fc9a034 e-flex e-con-boxed e-con e-parent\" data-id=\"fc9a034\" data-element_type=\"container\" data-e-type=\"container\" data-settings=\"{&quot;background_background&quot;:&quot;classic&quot;}\">\n\t\t\t\t\t<div class=\"e-con-inner\">\n\t\t\t\t<div class=\"elementor-element elementor-element-d531d35 elementor-mobile-align-justify elementor-widget elementor-widget-button\" data-id=\"d531d35\" data-element_type=\"widget\" data-e-type=\"widget\" data-widget_type=\"button.default\">\n\t\t\t\t\t\t\t\t\t\t<a class=\"elementor-button elementor-button-link elementor-size-sm\" href=\"https:\/\/saabcarmuseum.se\/en\/saab-car-museum-festival\/#call1\">\n\t\t\t\t\t\t<span class=\"elementor-button-content-wrapper\">\n\t\t\t\t\t\t<span class=\"elementor-button-icon\">\n\t\t\t\t<i aria-hidden=\"true\" class=\"fas fa-chevron-left\"><\/i>\t\t\t<\/span>\n\t\t\t\t\t\t\t\t\t<span class=\"elementor-button-text\">Back to the program<\/span>\n\t\t\t\t\t<\/span>\n\t\t\t\t\t<\/a>\n\t\t\t\t\t\t\t\t<\/div>\n\t\t\t\t\t<\/div>\n\t\t\t\t<\/div>\n\t\t\t\t<\/div>","protected":false},"excerpt":{"rendered":"<p>Saab Car Museum Festival 2024 Seminarier Fredag 7 juni Plats: Auditoriet, Saab Car Museum Kl. 13:30-14:30 Michael Luft: The value of your Saab Michael Luft fr\u00e5n Bilwebaction.se, som kommer att h\u00e5lla en Saabauktion p\u00e5 festivalen p\u00e5 l\u00f6rdag kl. 16.00, ber\u00e4ttar om v\u00e4rdeutvecklingen p\u00e5 v\u00e5ra Saabar och vad man skall t\u00e4nka p\u00e5 om man vill s\u00e4lja [&hellip;]<\/p>\n","protected":false},"author":1,"featured_media":0,"parent":0,"menu_order":0,"comment_status":"closed","ping_status":"closed","template":"","meta":{"footnotes":""},"class_list":["post-2782","page","type-page","status-publish","hentry"],"_links":{"self":[{"href":"https:\/\/saabcarmuseum.se\/en\/wp-json\/wp\/v2\/pages\/2782","targetHints":{"allow":["GET"]}}],"collection":[{"href":"https:\/\/saabcarmuseum.se\/en\/wp-json\/wp\/v2\/pages"}],"about":[{"href":"https:\/\/saabcarmuseum.se\/en\/wp-json\/wp\/v2\/types\/page"}],"author":[{"embeddable":true,"href":"https:\/\/saabcarmuseum.se\/en\/wp-json\/wp\/v2\/users\/1"}],"replies":[{"embeddable":true,"href":"https:\/\/saabcarmuseum.se\/en\/wp-json\/wp\/v2\/comments?post=2782"}],"version-history":[{"count":3,"href":"https:\/\/saabcarmuseum.se\/en\/wp-json\/wp\/v2\/pages\/2782\/revisions"}],"predecessor-version":[{"id":2956,"href":"https:\/\/saabcarmuseum.se\/en\/wp-json\/wp\/v2\/pages\/2782\/revisions\/2956"}],"wp:attachment":[{"href":"https:\/\/saabcarmuseum.se\/en\/wp-json\/wp\/v2\/media?parent=2782"}],"curies":[{"name":"wp","href":"https:\/\/api.w.org\/{rel}","templated":true}]}}