{"id":2647,"date":"2024-05-24T11:13:12","date_gmt":"2024-05-24T10:13:12","guid":{"rendered":"https:\/\/saabcarmuseum.se\/?page_id=2647"},"modified":"2024-05-31T13:24:42","modified_gmt":"2024-05-31T12:24:42","slug":"kinnekulle-ring-scmf-2024","status":"publish","type":"page","link":"https:\/\/saabcarmuseum.se\/en\/kinnekulle-ring-scmf-2024\/","title":{"rendered":"Kinnekulle Ring SCMF 2024"},"content":{"rendered":"<div data-elementor-type=\"wp-page\" data-elementor-id=\"2647\" class=\"elementor elementor-2647\" data-elementor-post-type=\"page\">\n\t\t\t\t<div class=\"elementor-element elementor-element-7fc26a2 e-flex e-con-boxed e-con e-parent\" data-id=\"7fc26a2\" data-element_type=\"container\" data-e-type=\"container\">\n\t\t\t\t\t<div class=\"e-con-inner\">\n\t\t\t\t<div class=\"elementor-element elementor-element-3b00650 elementor-widget elementor-widget-heading\" data-id=\"3b00650\" data-element_type=\"widget\" data-e-type=\"widget\" data-widget_type=\"heading.default\">\n\t\t\t\t\t<h1 class=\"elementor-heading-title elementor-size-default\">Kinnekulle Ring<\/h1>\t\t\t\t<\/div>\n\t\t\t\t<div class=\"elementor-element elementor-element-181740b elementor-widget elementor-widget-spacer\" data-id=\"181740b\" data-element_type=\"widget\" data-e-type=\"widget\" data-widget_type=\"spacer.default\">\n\t\t\t\t\t\t\t<div class=\"elementor-spacer\">\n\t\t\t<div class=\"elementor-spacer-inner\"><\/div>\n\t\t<\/div>\n\t\t\t\t\t\t<\/div>\n\t\t\t\t<div class=\"elementor-element elementor-element-2b1dd61 elementor-widget elementor-widget-heading\" data-id=\"2b1dd61\" data-element_type=\"widget\" data-e-type=\"widget\" data-widget_type=\"heading.default\">\n\t\t\t\t\t<h3 class=\"elementor-heading-title elementor-size-default\">8:00<\/h3>\t\t\t\t<\/div>\n\t\t\t\t<div class=\"elementor-element elementor-element-ec1c73b elementor-widget elementor-widget-text-editor\" data-id=\"ec1c73b\" data-element_type=\"widget\" data-e-type=\"widget\" data-widget_type=\"text-editor.default\">\n\t\t\t\t\t\t\t\t\t<p>Entrance to the track area opens and technical inspection of the cars to be driven on the track starts. Other cars are parked in the so-called machine pit area.<\/p>\t\t\t\t\t\t\t\t<\/div>\n\t\t\t\t<div class=\"elementor-element elementor-element-16f6d3a elementor-widget elementor-widget-heading\" data-id=\"16f6d3a\" data-element_type=\"widget\" data-e-type=\"widget\" data-widget_type=\"heading.default\">\n\t\t\t\t\t<h3 class=\"elementor-heading-title elementor-size-default\">9:30<\/h3>\t\t\t\t<\/div>\n\t\t\t\t<div class=\"elementor-element elementor-element-4356757 elementor-widget elementor-widget-text-editor\" data-id=\"4356757\" data-element_type=\"widget\" data-e-type=\"widget\" data-widget_type=\"text-editor.default\">\n\t\t\t\t\t\t\t\t\t<p>Welcome speech and Driver's meeting. This is mandatory for any and all participants driving on the track.<\/p>\t\t\t\t\t\t\t\t<\/div>\n\t\t\t\t<div class=\"elementor-element elementor-element-de257b1 elementor-widget elementor-widget-heading\" data-id=\"de257b1\" data-element_type=\"widget\" data-e-type=\"widget\" data-widget_type=\"heading.default\">\n\t\t\t\t\t<h3 class=\"elementor-heading-title elementor-size-default\">10:00<\/h3>\t\t\t\t<\/div>\n\t\t\t\t<div class=\"elementor-element elementor-element-9eefca0 elementor-widget elementor-widget-text-editor\" data-id=\"9eefca0\" data-element_type=\"widget\" data-e-type=\"widget\" data-widget_type=\"text-editor.default\">\n\t\t\t\t\t\t\t\t\t<p>Start of track driving. First session is the slower paced \"family driving\" with NO overtaking! Sessions alternate with full speed track sessions every hour.<\/p>\t\t\t\t\t\t\t\t<\/div>\n\t\t\t\t<div class=\"elementor-element elementor-element-e4db014 elementor-widget elementor-widget-heading\" data-id=\"e4db014\" data-element_type=\"widget\" data-e-type=\"widget\" data-widget_type=\"heading.default\">\n\t\t\t\t\t<h3 class=\"elementor-heading-title elementor-size-default\">12:00<\/h3>\t\t\t\t<\/div>\n\t\t\t\t<div class=\"elementor-element elementor-element-a9a557a elementor-widget elementor-widget-text-editor\" data-id=\"a9a557a\" data-element_type=\"widget\" data-e-type=\"widget\" data-widget_type=\"text-editor.default\">\n\t\t\t\t\t\t\t\t\t<p>There is no lunch break, but if there's a need for general information, this is the time.<\/p>\t\t\t\t\t\t\t\t<\/div>\n\t\t\t\t<div class=\"elementor-element elementor-element-a8ceb5c elementor-widget elementor-widget-text-editor\" data-id=\"a8ceb5c\" data-element_type=\"widget\" data-e-type=\"widget\" data-widget_type=\"text-editor.default\">\n\t\t\t\t\t\t\t\t\t<strong>The following applies:<\/strong>\n<ul>\n \t<li>NO COMPETITION DRIVING! No timing allowed.<\/li>\n \t<li>No pre-registration required. First to come, first served.<\/li>\n \t<li>The cars (only Saabs) must be in good condition, inspected, approved and insured for driving on public roads.<\/li>\n \t<li>Drivers must be at least 18 years old and hold a driver\u2019s license.<\/li>\n \t<li>Well-functioning and noise-dampening exhaust system. A car that is considered too noisy will -not be allowed to drive on the track.<\/li>\n \t<li>Seat belt and helmet use required.<\/li>\n \t<li>Only the driver in the car.<\/li>\n \t<li>Convertibles must have the top in a closed position.<\/li>\n \t<li>Follow the officials' instructions!<\/li>\n \t<li>An ambulance with a doctor and nurse will be on site.<\/li>\n<\/ul>\t\t\t\t\t\t\t\t<\/div>\n\t\t\t\t<div class=\"elementor-element elementor-element-c036be2 elementor-widget elementor-widget-spacer\" data-id=\"c036be2\" data-element_type=\"widget\" data-e-type=\"widget\" data-widget_type=\"spacer.default\">\n\t\t\t\t\t\t\t<div class=\"elementor-spacer\">\n\t\t\t<div class=\"elementor-spacer-inner\"><\/div>\n\t\t<\/div>\n\t\t\t\t\t\t<\/div>\n\t\t\t\t<div class=\"elementor-element elementor-element-693c6cd elementor-widget elementor-widget-text-editor\" data-id=\"693c6cd\" data-element_type=\"widget\" data-e-type=\"widget\" data-widget_type=\"text-editor.default\">\n\t\t\t\t\t\t\t\t\t<p>Food and drink will be sold from food trucks in the track area.<\/p>\t\t\t\t\t\t\t\t<\/div>\n\t\t\t\t<div class=\"elementor-element elementor-element-6d2c90f elementor-widget elementor-widget-text-editor\" data-id=\"6d2c90f\" data-element_type=\"widget\" data-e-type=\"widget\" data-widget_type=\"text-editor.default\">\n\t\t\t\t\t\t\t\t\t<p><strong>Before driving, you must sign a document releasing the organizers from liability in case of an accident. You can download the document below and sign it here. Bring it to the track!<\/strong><\/p>\t\t\t\t\t\t\t\t<\/div>\n\t\t\t\t<div class=\"elementor-element elementor-element-38b6e73 elementor-mobile-align-justify elementor-widget elementor-widget-button\" data-id=\"38b6e73\" data-element_type=\"widget\" data-e-type=\"widget\" data-widget_type=\"button.default\">\n\t\t\t\t\t\t\t\t\t\t<a class=\"elementor-button elementor-button-link elementor-size-sm\" href=\"https:\/\/saabcarmuseum.se\/wp-content\/uploads\/2024\/05\/Sakerhetsblankett-Saab-Turbo-Club-Of-Sweden-v3.4.pdf\" target=\"_blank\">\n\t\t\t\t\t\t<span class=\"elementor-button-content-wrapper\">\n\t\t\t\t\t\t<span class=\"elementor-button-icon\">\n\t\t\t\t<i aria-hidden=\"true\" class=\"far fa-file-pdf\"><\/i>\t\t\t<\/span>\n\t\t\t\t\t\t\t\t\t<span class=\"elementor-button-text\">S\u00e4kerhetsblankett SE Version 3.4<\/span>\n\t\t\t\t\t<\/span>\n\t\t\t\t\t<\/a>\n\t\t\t\t\t\t\t\t<\/div>\n\t\t\t\t<div class=\"elementor-element elementor-element-56a54a2 elementor-widget elementor-widget-spacer\" data-id=\"56a54a2\" data-element_type=\"widget\" data-e-type=\"widget\" data-widget_type=\"spacer.default\">\n\t\t\t\t\t\t\t<div class=\"elementor-spacer\">\n\t\t\t<div class=\"elementor-spacer-inner\"><\/div>\n\t\t<\/div>\n\t\t\t\t\t\t<\/div>\n\t\t\t\t<div class=\"elementor-element elementor-element-487994d elementor-mobile-align-justify elementor-widget elementor-widget-button\" data-id=\"487994d\" data-element_type=\"widget\" data-e-type=\"widget\" data-widget_type=\"button.default\">\n\t\t\t\t\t\t\t\t\t\t<a class=\"elementor-button elementor-button-link elementor-size-sm\" href=\"https:\/\/saabcarmuseum.se\/wp-content\/uploads\/2024\/05\/Safety-Form-Saab-Turbo-Club-Of-Sweden-EN-v1.3.pdf\" target=\"_blank\">\n\t\t\t\t\t\t<span class=\"elementor-button-content-wrapper\">\n\t\t\t\t\t\t<span class=\"elementor-button-icon\">\n\t\t\t\t<i aria-hidden=\"true\" class=\"far fa-file-pdf\"><\/i>\t\t\t<\/span>\n\t\t\t\t\t\t\t\t\t<span class=\"elementor-button-text\">Safety form EN Version 1.3<\/span>\n\t\t\t\t\t<\/span>\n\t\t\t\t\t<\/a>\n\t\t\t\t\t\t\t\t<\/div>\n\t\t\t\t<div class=\"elementor-element elementor-element-024c859 elementor-widget elementor-widget-spacer\" data-id=\"024c859\" data-element_type=\"widget\" data-e-type=\"widget\" data-widget_type=\"spacer.default\">\n\t\t\t\t\t\t\t<div class=\"elementor-spacer\">\n\t\t\t<div class=\"elementor-spacer-inner\"><\/div>\n\t\t<\/div>\n\t\t\t\t\t\t<\/div>\n\t\t\t\t<div class=\"elementor-element elementor-element-223701c elementor-widget elementor-widget-heading\" data-id=\"223701c\" data-element_type=\"widget\" data-e-type=\"widget\" data-widget_type=\"heading.default\">\n\t\t\t\t\t<h3 class=\"elementor-heading-title elementor-size-default\">16:00<\/h3>\t\t\t\t<\/div>\n\t\t\t\t<div class=\"elementor-element elementor-element-55f5b83 elementor-widget elementor-widget-text-editor\" data-id=\"55f5b83\" data-element_type=\"widget\" data-e-type=\"widget\" data-widget_type=\"text-editor.default\">\n\t\t\t\t\t\t\t\t\t<p>We conclude the Saab Car Museum Festival 2024 at Kinnekulle.<\/p>\t\t\t\t\t\t\t\t<\/div>\n\t\t\t\t<div class=\"elementor-element elementor-element-76343e0 elementor-mobile-align-justify elementor-widget elementor-widget-button\" data-id=\"76343e0\" data-element_type=\"widget\" data-e-type=\"widget\" data-widget_type=\"button.default\">\n\t\t\t\t\t\t\t\t\t\t<a class=\"elementor-button elementor-button-link elementor-size-sm\" href=\"https:\/\/saabcarmuseum.se\/en\/saab-car-museum-festival\/#kinne\">\n\t\t\t\t\t\t<span class=\"elementor-button-content-wrapper\">\n\t\t\t\t\t\t<span class=\"elementor-button-icon\">\n\t\t\t\t<i aria-hidden=\"true\" class=\"fas fa-chevron-left\"><\/i>\t\t\t<\/span>\n\t\t\t\t\t\t\t\t\t<span class=\"elementor-button-text\">Back to the program<\/span>\n\t\t\t\t\t<\/span>\n\t\t\t\t\t<\/a>\n\t\t\t\t\t\t\t\t<\/div>\n\t\t\t\t\t<\/div>\n\t\t\t\t<\/div>\n\t\t\t\t<\/div>","protected":false},"excerpt":{"rendered":"<p>Kinnekulle Ring Kl. 8:00 F\u00f6rsta insl\u00e4pp p\u00e5 banan och besiktning av de bilar som skall k\u00f6ras p\u00e5 banan. \u00d6vriga bilar parkeras i den s\u00e5 kallade maskindep\u00e5n. Kl. 9:30 V\u00e4lkomsttal samt f\u00f6rargenomg\u00e5ng. Obligatorisk n\u00e4rvaro f\u00f6r alla som vill f\u00e5 k\u00f6ra p\u00e5 banan. Kl. 10:00 Start av k\u00f6rningen p\u00e5 banan. Vi b\u00f6rjar med familjek\u00f6rning med begr\u00e4nsad hastighet [&hellip;]<\/p>\n","protected":false},"author":1,"featured_media":0,"parent":0,"menu_order":0,"comment_status":"closed","ping_status":"closed","template":"","meta":{"footnotes":""},"class_list":["post-2647","page","type-page","status-publish","hentry"],"_links":{"self":[{"href":"https:\/\/saabcarmuseum.se\/en\/wp-json\/wp\/v2\/pages\/2647","targetHints":{"allow":["GET"]}}],"collection":[{"href":"https:\/\/saabcarmuseum.se\/en\/wp-json\/wp\/v2\/pages"}],"about":[{"href":"https:\/\/saabcarmuseum.se\/en\/wp-json\/wp\/v2\/types\/page"}],"author":[{"embeddable":true,"href":"https:\/\/saabcarmuseum.se\/en\/wp-json\/wp\/v2\/users\/1"}],"replies":[{"embeddable":true,"href":"https:\/\/saabcarmuseum.se\/en\/wp-json\/wp\/v2\/comments?post=2647"}],"version-history":[{"count":3,"href":"https:\/\/saabcarmuseum.se\/en\/wp-json\/wp\/v2\/pages\/2647\/revisions"}],"predecessor-version":[{"id":3002,"href":"https:\/\/saabcarmuseum.se\/en\/wp-json\/wp\/v2\/pages\/2647\/revisions\/3002"}],"wp:attachment":[{"href":"https:\/\/saabcarmuseum.se\/en\/wp-json\/wp\/v2\/media?parent=2647"}],"curies":[{"name":"wp","href":"https:\/\/api.w.org\/{rel}","templated":true}]}}