{"id":2567,"date":"2024-05-20T13:36:22","date_gmt":"2024-05-20T12:36:22","guid":{"rendered":"https:\/\/saabcarmuseum.se\/?page_id=2567"},"modified":"2024-05-31T12:17:35","modified_gmt":"2024-05-31T11:17:35","slug":"gul-bil","status":"publish","type":"page","link":"https:\/\/saabcarmuseum.se\/en\/saab-car-museum-festival\/gul-bil\/","title":{"rendered":"Yellow Car!"},"content":{"rendered":"<div data-elementor-type=\"wp-page\" data-elementor-id=\"2567\" class=\"elementor elementor-2567\" data-elementor-post-type=\"page\">\n\t\t\t\t<div class=\"elementor-element elementor-element-05d054c e-flex e-con-boxed e-con e-parent\" data-id=\"05d054c\" data-element_type=\"container\" data-e-type=\"container\">\n\t\t\t\t\t<div class=\"e-con-inner\">\n\t\t\t\t<div class=\"elementor-element elementor-element-d6f4495 elementor-widget elementor-widget-heading\" data-id=\"d6f4495\" data-element_type=\"widget\" data-e-type=\"widget\" data-widget_type=\"heading.default\">\n\t\t\t\t\t<h1 class=\"elementor-heading-title elementor-size-default\">Yellow Car!<\/h1>\t\t\t\t<\/div>\n\t\t\t\t<div class=\"elementor-element elementor-element-6a5af77 animated-fast elementor-invisible elementor-widget elementor-widget-image\" data-id=\"6a5af77\" data-element_type=\"widget\" data-e-type=\"widget\" data-settings=\"{&quot;_animation&quot;:&quot;slideInRight&quot;}\" data-widget_type=\"image.default\">\n\t\t\t\t\t\t\t\t\t\t\t\t\t\t\t<img fetchpriority=\"high\" decoding=\"async\" width=\"800\" height=\"244\" src=\"https:\/\/saabcarmuseum.se\/wp-content\/uploads\/2024\/05\/gul-9000-800.png\" class=\"attachment-full size-full wp-image-2670\" alt=\"\" srcset=\"https:\/\/saabcarmuseum.se\/wp-content\/uploads\/2024\/05\/gul-9000-800.png 800w, https:\/\/saabcarmuseum.se\/wp-content\/uploads\/2024\/05\/gul-9000-800-768x234.png 768w, https:\/\/saabcarmuseum.se\/wp-content\/uploads\/2024\/05\/gul-9000-800-18x5.png 18w\" sizes=\"(max-width: 800px) 100vw, 800px\" \/>\t\t\t\t\t\t\t\t\t\t\t\t\t\t\t<\/div>\n\t\t\t\t<div class=\"elementor-element elementor-element-2966a52 elementor-widget elementor-widget-spacer\" data-id=\"2966a52\" data-element_type=\"widget\" data-e-type=\"widget\" data-widget_type=\"spacer.default\">\n\t\t\t\t\t\t\t<div class=\"elementor-spacer\">\n\t\t\t<div class=\"elementor-spacer-inner\"><\/div>\n\t\t<\/div>\n\t\t\t\t\t\t<\/div>\n\t\t\t\t<div class=\"elementor-element elementor-element-51d4522 elementor-widget elementor-widget-text-editor\" data-id=\"51d4522\" data-element_type=\"widget\" data-e-type=\"widget\" data-widget_type=\"text-editor.default\">\n\t\t\t\t\t\t\t\t\t<p>What color is a car? Why are some colors chosen more often than others in design and production?<\/p>\t\t\t\t\t\t\t\t<\/div>\n\t\t\t\t<div class=\"elementor-element elementor-element-c1cf757 elementor-widget elementor-widget-text-editor\" data-id=\"c1cf757\" data-element_type=\"widget\" data-e-type=\"widget\" data-widget_type=\"text-editor.default\">\n\t\t\t\t\t\t\t\t\t<p class=\"translation-block\">The exhibition \"Yellow Car!\", named after the car game of the same name, aims to provide a glimpse of how it has looked throughout the ages and challenge our perception of the colors surrounding us in our daily lives.<\/p><p>Trollh\u00e4ttan Art Gallery, Open from 11:00 to 16:00 all weekend, free entry. <strong>\u00d6ppet kl. 11:00-16:00 hela helgen, fri entr\u00e9.<\/strong><\/p><p>Opening on June 8th at 13:00 with a guest lecturer.<\/p>\t\t\t\t\t\t\t\t<\/div>\n\t\t<div class=\"elementor-element elementor-element-4525ec5 e-flex e-con-boxed e-con e-child\" data-id=\"4525ec5\" data-element_type=\"container\" data-e-type=\"container\">\n\t\t\t\t\t<div class=\"e-con-inner\">\n\t\t\t\t<div class=\"elementor-element elementor-element-0ebe766 elementor-widget elementor-widget-image\" data-id=\"0ebe766\" data-element_type=\"widget\" data-e-type=\"widget\" data-widget_type=\"image.default\">\n\t\t\t\t\t\t\t\t\t\t\t\t\t\t\t<img decoding=\"async\" width=\"800\" height=\"1132\" src=\"https:\/\/saabcarmuseum.se\/wp-content\/uploads\/2024\/05\/gulbil-se.jpg\" class=\"attachment-large size-large wp-image-2984\" alt=\"\" srcset=\"https:\/\/saabcarmuseum.se\/wp-content\/uploads\/2024\/05\/gulbil-se.jpg 800w, https:\/\/saabcarmuseum.se\/wp-content\/uploads\/2024\/05\/gulbil-se-768x1087.jpg 768w, https:\/\/saabcarmuseum.se\/wp-content\/uploads\/2024\/05\/gulbil-se-8x12.jpg 8w\" sizes=\"(max-width: 800px) 100vw, 800px\" \/>\t\t\t\t\t\t\t\t\t\t\t\t\t\t\t<\/div>\n\t\t\t\t<div class=\"elementor-element elementor-element-51f0064 elementor-widget elementor-widget-image\" data-id=\"51f0064\" data-element_type=\"widget\" data-e-type=\"widget\" data-widget_type=\"image.default\">\n\t\t\t\t\t\t\t\t\t\t\t\t\t\t\t<img decoding=\"async\" width=\"800\" height=\"1132\" src=\"https:\/\/saabcarmuseum.se\/wp-content\/uploads\/2024\/05\/gulbil-en.jpg\" class=\"attachment-large size-large wp-image-2985\" alt=\"\" srcset=\"https:\/\/saabcarmuseum.se\/wp-content\/uploads\/2024\/05\/gulbil-en.jpg 800w, https:\/\/saabcarmuseum.se\/wp-content\/uploads\/2024\/05\/gulbil-en-768x1087.jpg 768w, https:\/\/saabcarmuseum.se\/wp-content\/uploads\/2024\/05\/gulbil-en-8x12.jpg 8w\" sizes=\"(max-width: 800px) 100vw, 800px\" \/>\t\t\t\t\t\t\t\t\t\t\t\t\t\t\t<\/div>\n\t\t\t\t\t<\/div>\n\t\t\t\t<\/div>\n\t\t\t\t<div class=\"elementor-element elementor-element-c312c4a elementor-widget elementor-widget-spacer\" data-id=\"c312c4a\" data-element_type=\"widget\" data-e-type=\"widget\" data-widget_type=\"spacer.default\">\n\t\t\t\t\t\t\t<div class=\"elementor-spacer\">\n\t\t\t<div class=\"elementor-spacer-inner\"><\/div>\n\t\t<\/div>\n\t\t\t\t\t\t<\/div>\n\t\t\t\t<div class=\"elementor-element elementor-element-adf69f5 elementor-mobile-align-justify elementor-widget elementor-widget-button\" data-id=\"adf69f5\" data-element_type=\"widget\" data-e-type=\"widget\" data-widget_type=\"button.default\">\n\t\t\t\t\t\t\t\t\t\t<a class=\"elementor-button elementor-button-link elementor-size-sm\" href=\"https:\/\/saabcarmuseum.se\/en\/saab-car-museum-festival\/#prog\">\n\t\t\t\t\t\t<span class=\"elementor-button-content-wrapper\">\n\t\t\t\t\t\t<span class=\"elementor-button-icon\">\n\t\t\t\t<i aria-hidden=\"true\" class=\"fas fa-chevron-left\"><\/i>\t\t\t<\/span>\n\t\t\t\t\t\t\t\t\t<span class=\"elementor-button-text\">Back to the program<\/span>\n\t\t\t\t\t<\/span>\n\t\t\t\t\t<\/a>\n\t\t\t\t\t\t\t\t<\/div>\n\t\t\t\t\t<\/div>\n\t\t\t\t<\/div>\n\t\t\t\t<\/div>","protected":false},"excerpt":{"rendered":"<p>Gul bil! Vilken f\u00e4rg har en bil? Hur kommer det sig att vissa f\u00e4rger v\u00e4ljs oftare \u00e4n andra inom design och produktion? Utst\u00e4llningen Gul bil! som tagit sitt namn efter bil-leken med samma namn vill ge ett smakprov p\u00e5 hur det sett ut genom tiderna och utmana v\u00e5rt s\u00e4tt att se de f\u00e4rger vi har [&hellip;]<\/p>\n","protected":false},"author":1,"featured_media":0,"parent":631,"menu_order":0,"comment_status":"closed","ping_status":"closed","template":"","meta":{"footnotes":""},"class_list":["post-2567","page","type-page","status-publish","hentry"],"_links":{"self":[{"href":"https:\/\/saabcarmuseum.se\/en\/wp-json\/wp\/v2\/pages\/2567","targetHints":{"allow":["GET"]}}],"collection":[{"href":"https:\/\/saabcarmuseum.se\/en\/wp-json\/wp\/v2\/pages"}],"about":[{"href":"https:\/\/saabcarmuseum.se\/en\/wp-json\/wp\/v2\/types\/page"}],"author":[{"embeddable":true,"href":"https:\/\/saabcarmuseum.se\/en\/wp-json\/wp\/v2\/users\/1"}],"replies":[{"embeddable":true,"href":"https:\/\/saabcarmuseum.se\/en\/wp-json\/wp\/v2\/comments?post=2567"}],"version-history":[{"count":3,"href":"https:\/\/saabcarmuseum.se\/en\/wp-json\/wp\/v2\/pages\/2567\/revisions"}],"predecessor-version":[{"id":2988,"href":"https:\/\/saabcarmuseum.se\/en\/wp-json\/wp\/v2\/pages\/2567\/revisions\/2988"}],"up":[{"embeddable":true,"href":"https:\/\/saabcarmuseum.se\/en\/wp-json\/wp\/v2\/pages\/631"}],"wp:attachment":[{"href":"https:\/\/saabcarmuseum.se\/en\/wp-json\/wp\/v2\/media?parent=2567"}],"curies":[{"name":"wp","href":"https:\/\/api.w.org\/{rel}","templated":true}]}}