{"id":1674,"date":"2024-04-02T10:33:52","date_gmt":"2024-04-02T09:33:52","guid":{"rendered":"http:\/\/saab-car-museum.local\/?page_id=1674"},"modified":"2024-04-02T14:38:56","modified_gmt":"2024-04-02T13:38:56","slug":"concept-cars","status":"publish","type":"page","link":"https:\/\/saabcarmuseum.se\/en\/media\/concept-cars\/","title":{"rendered":"Concept cars"},"content":{"rendered":"<div data-elementor-type=\"wp-page\" data-elementor-id=\"1674\" class=\"elementor elementor-1674\" data-elementor-post-type=\"page\">\n\t\t\t\t<div class=\"elementor-element elementor-element-2f33f0b e-flex e-con-boxed e-con e-parent\" data-id=\"2f33f0b\" data-element_type=\"container\" data-e-type=\"container\">\n\t\t\t\t\t<div class=\"e-con-inner\">\n\t\t\t\t<div class=\"elementor-element elementor-element-4093d00 elementor-widget elementor-widget-heading\" data-id=\"4093d00\" data-element_type=\"widget\" data-e-type=\"widget\" data-widget_type=\"heading.default\">\n\t\t\t\t\t<h4 class=\"elementor-heading-title elementor-size-default\">MEDIA<\/h4>\t\t\t\t<\/div>\n\t\t\t\t<div class=\"elementor-element elementor-element-67e3e5d elementor-widget elementor-widget-heading\" data-id=\"67e3e5d\" data-element_type=\"widget\" data-e-type=\"widget\" data-widget_type=\"heading.default\">\n\t\t\t\t\t<h1 class=\"elementor-heading-title elementor-size-default\">Saab concept cars<\/h1>\t\t\t\t<\/div>\n\t\t\t\t<div class=\"elementor-element elementor-element-2b98272 elementor-widget elementor-widget-spacer\" data-id=\"2b98272\" data-element_type=\"widget\" data-e-type=\"widget\" data-widget_type=\"spacer.default\">\n\t\t\t\t\t\t\t<div class=\"elementor-spacer\">\n\t\t\t<div class=\"elementor-spacer-inner\"><\/div>\n\t\t<\/div>\n\t\t\t\t\t\t<\/div>\n\t\t\t\t<div class=\"elementor-element elementor-element-d5ba03f elementor-widget elementor-widget-text-editor\" data-id=\"d5ba03f\" data-element_type=\"widget\" data-e-type=\"widget\" data-widget_type=\"text-editor.default\">\n\t\t\t\t\t\t\t\t\t<p>To download the images in the highest possible quality, you can click on the button below which will lead you to a Google Drive folder.<\/p>\t\t\t\t\t\t\t\t<\/div>\n\t\t\t\t<div class=\"elementor-element elementor-element-c10992b elementor-widget elementor-widget-spacer\" data-id=\"c10992b\" data-element_type=\"widget\" data-e-type=\"widget\" data-widget_type=\"spacer.default\">\n\t\t\t\t\t\t\t<div class=\"elementor-spacer\">\n\t\t\t<div class=\"elementor-spacer-inner\"><\/div>\n\t\t<\/div>\n\t\t\t\t\t\t<\/div>\n\t\t\t\t<div class=\"elementor-element elementor-element-e9a0228 elementor-widget elementor-widget-gallery\" data-id=\"e9a0228\" data-element_type=\"widget\" data-e-type=\"widget\" data-settings=\"{&quot;gallery_layout&quot;:&quot;justified&quot;,&quot;overlay_title&quot;:&quot;title&quot;,&quot;ideal_row_height_tablet&quot;:{&quot;unit&quot;:&quot;px&quot;,&quot;size&quot;:200,&quot;sizes&quot;:[]},&quot;ideal_row_height_mobile&quot;:{&quot;unit&quot;:&quot;px&quot;,&quot;size&quot;:200,&quot;sizes&quot;:[]},&quot;lazyload&quot;:&quot;yes&quot;,&quot;ideal_row_height&quot;:{&quot;unit&quot;:&quot;px&quot;,&quot;size&quot;:200,&quot;sizes&quot;:[]},&quot;gap&quot;:{&quot;unit&quot;:&quot;px&quot;,&quot;size&quot;:10,&quot;sizes&quot;:[]},&quot;gap_tablet&quot;:{&quot;unit&quot;:&quot;px&quot;,&quot;size&quot;:10,&quot;sizes&quot;:[]},&quot;gap_mobile&quot;:{&quot;unit&quot;:&quot;px&quot;,&quot;size&quot;:10,&quot;sizes&quot;:[]},&quot;link_to&quot;:&quot;file&quot;,&quot;overlay_background&quot;:&quot;yes&quot;,&quot;content_hover_animation&quot;:&quot;fade-in&quot;}\" data-widget_type=\"gallery.default\">\n\t\t\t\t\t\t\t<div class=\"elementor-gallery__container\">\n\t\t\t\t\t\t\t<a class=\"e-gallery-item elementor-gallery-item elementor-animated-content\" href=\"https:\/\/saabcarmuseum.se\/wp-content\/uploads\/2024\/04\/Saab-concept-cars-1.jpg\" data-elementor-open-lightbox=\"yes\" data-elementor-lightbox-slideshow=\"e9a0228\" data-e-action-hash=\"#elementor-action%3Aaction%3Dlightbox%26settings%3DeyJpZCI6MTg5OCwidXJsIjoiaHR0cHM6XC9cL3NhYWJjYXJtdXNldW0uc2VcL3dwLWNvbnRlbnRcL3VwbG9hZHNcLzIwMjRcLzA0XC9TYWFiLWNvbmNlcHQtY2Fycy0xLmpwZyIsInNsaWRlc2hvdyI6ImU5YTAyMjgifQ%3D%3D\">\n\t\t\t\t\t<div class=\"e-gallery-image elementor-gallery-item__image\" data-thumbnail=\"https:\/\/saabcarmuseum.se\/wp-content\/uploads\/2024\/04\/Saab-concept-cars-1.jpg\" data-width=\"4096\" data-height=\"3072\" aria-label=\"\" role=\"img\" ><\/div>\n\t\t\t\t\t\t\t\t\t\t\t<div class=\"elementor-gallery-item__overlay\"><\/div>\n\t\t\t\t\t\t\t\t\t\t\t\t\t\t\t<div class=\"elementor-gallery-item__content\">\n\t\t\t\t\t\t\t\t\t\t\t\t\t\t<div class=\"elementor-gallery-item__title\">\n\t\t\t\t\t\t\t\t\t\t\t\t\t\t\t\t\t\tSaab concept cars\t\t\t\t\t\t\t\t<\/div>\n\t\t\t\t\t\t\t\t\t\t\t\t<\/div>\n\t\t\t\t\t\t\t\t\t<\/a>\n\t\t\t\t\t\t\t<a class=\"e-gallery-item elementor-gallery-item elementor-animated-content\" href=\"https:\/\/saabcarmuseum.se\/wp-content\/uploads\/2024\/04\/Saab-concept-cars-2.jpg\" data-elementor-open-lightbox=\"yes\" data-elementor-lightbox-slideshow=\"e9a0228\" data-e-action-hash=\"#elementor-action%3Aaction%3Dlightbox%26settings%3DeyJpZCI6MTg5OSwidXJsIjoiaHR0cHM6XC9cL3NhYWJjYXJtdXNldW0uc2VcL3dwLWNvbnRlbnRcL3VwbG9hZHNcLzIwMjRcLzA0XC9TYWFiLWNvbmNlcHQtY2Fycy0yLmpwZyIsInNsaWRlc2hvdyI6ImU5YTAyMjgifQ%3D%3D\">\n\t\t\t\t\t<div class=\"e-gallery-image elementor-gallery-item__image\" data-thumbnail=\"https:\/\/saabcarmuseum.se\/wp-content\/uploads\/2024\/04\/Saab-concept-cars-2.jpg\" data-width=\"6144\" data-height=\"6144\" aria-label=\"\" role=\"img\" ><\/div>\n\t\t\t\t\t\t\t\t\t\t\t<div class=\"elementor-gallery-item__overlay\"><\/div>\n\t\t\t\t\t\t\t\t\t\t\t\t\t\t\t<div class=\"elementor-gallery-item__content\">\n\t\t\t\t\t\t\t\t\t\t\t\t\t\t<div class=\"elementor-gallery-item__title\">\n\t\t\t\t\t\t\t\t\t\t\t\t\t\t\t\t\t\tSaab concept cars\t\t\t\t\t\t\t\t<\/div>\n\t\t\t\t\t\t\t\t\t\t\t\t<\/div>\n\t\t\t\t\t\t\t\t\t<\/a>\n\t\t\t\t\t\t\t<a class=\"e-gallery-item elementor-gallery-item elementor-animated-content\" href=\"https:\/\/saabcarmuseum.se\/wp-content\/uploads\/2024\/04\/Saab-concept-cars-3.jpg\" data-elementor-open-lightbox=\"yes\" data-elementor-lightbox-slideshow=\"e9a0228\" data-e-action-hash=\"#elementor-action%3Aaction%3Dlightbox%26settings%3DeyJpZCI6MTkwMCwidXJsIjoiaHR0cHM6XC9cL3NhYWJjYXJtdXNldW0uc2VcL3dwLWNvbnRlbnRcL3VwbG9hZHNcLzIwMjRcLzA0XC9TYWFiLWNvbmNlcHQtY2Fycy0zLmpwZyIsInNsaWRlc2hvdyI6ImU5YTAyMjgifQ%3D%3D\">\n\t\t\t\t\t<div class=\"e-gallery-image elementor-gallery-item__image\" data-thumbnail=\"https:\/\/saabcarmuseum.se\/wp-content\/uploads\/2024\/04\/Saab-concept-cars-3.jpg\" data-width=\"4535\" data-height=\"3035\" aria-label=\"\" role=\"img\" ><\/div>\n\t\t\t\t\t\t\t\t\t\t\t<div class=\"elementor-gallery-item__overlay\"><\/div>\n\t\t\t\t\t\t\t\t\t\t\t\t\t\t\t<div class=\"elementor-gallery-item__content\">\n\t\t\t\t\t\t\t\t\t\t\t\t\t\t<div class=\"elementor-gallery-item__title\">\n\t\t\t\t\t\t\t\t\t\t\t\t\t\t\t\t\t\tSaab concept cars\t\t\t\t\t\t\t\t<\/div>\n\t\t\t\t\t\t\t\t\t\t\t\t<\/div>\n\t\t\t\t\t\t\t\t\t<\/a>\n\t\t\t\t\t\t\t<a class=\"e-gallery-item elementor-gallery-item elementor-animated-content\" href=\"https:\/\/saabcarmuseum.se\/wp-content\/uploads\/2024\/04\/Saab-concept-cars-4.jpg\" data-elementor-open-lightbox=\"yes\" data-elementor-lightbox-slideshow=\"e9a0228\" data-e-action-hash=\"#elementor-action%3Aaction%3Dlightbox%26settings%3DeyJpZCI6MTkwMSwidXJsIjoiaHR0cHM6XC9cL3NhYWJjYXJtdXNldW0uc2VcL3dwLWNvbnRlbnRcL3VwbG9hZHNcLzIwMjRcLzA0XC9TYWFiLWNvbmNlcHQtY2Fycy00LmpwZyIsInNsaWRlc2hvdyI6ImU5YTAyMjgifQ%3D%3D\">\n\t\t\t\t\t<div class=\"e-gallery-image elementor-gallery-item__image\" data-thumbnail=\"https:\/\/saabcarmuseum.se\/wp-content\/uploads\/2024\/04\/Saab-concept-cars-4.jpg\" data-width=\"2048\" data-height=\"1536\" aria-label=\"\" role=\"img\" ><\/div>\n\t\t\t\t\t\t\t\t\t\t\t<div class=\"elementor-gallery-item__overlay\"><\/div>\n\t\t\t\t\t\t\t\t\t\t\t\t\t\t\t<div class=\"elementor-gallery-item__content\">\n\t\t\t\t\t\t\t\t\t\t\t\t\t\t<div class=\"elementor-gallery-item__title\">\n\t\t\t\t\t\t\t\t\t\t\t\t\t\t\t\t\t\tSaab concept cars\t\t\t\t\t\t\t\t<\/div>\n\t\t\t\t\t\t\t\t\t\t\t\t<\/div>\n\t\t\t\t\t\t\t\t\t<\/a>\n\t\t\t\t\t\t\t<a class=\"e-gallery-item elementor-gallery-item elementor-animated-content\" href=\"https:\/\/saabcarmuseum.se\/wp-content\/uploads\/2024\/04\/Saab-concept-cars-5.jpg\" data-elementor-open-lightbox=\"yes\" data-elementor-lightbox-slideshow=\"e9a0228\" data-e-action-hash=\"#elementor-action%3Aaction%3Dlightbox%26settings%3DeyJpZCI6MTkwMiwidXJsIjoiaHR0cHM6XC9cL3NhYWJjYXJtdXNldW0uc2VcL3dwLWNvbnRlbnRcL3VwbG9hZHNcLzIwMjRcLzA0XC9TYWFiLWNvbmNlcHQtY2Fycy01LmpwZyIsInNsaWRlc2hvdyI6ImU5YTAyMjgifQ%3D%3D\">\n\t\t\t\t\t<div class=\"e-gallery-image elementor-gallery-item__image\" data-thumbnail=\"https:\/\/saabcarmuseum.se\/wp-content\/uploads\/2024\/04\/Saab-concept-cars-5.jpg\" data-width=\"5616\" data-height=\"3744\" aria-label=\"\" role=\"img\" ><\/div>\n\t\t\t\t\t\t\t\t\t\t\t<div class=\"elementor-gallery-item__overlay\"><\/div>\n\t\t\t\t\t\t\t\t\t\t\t\t\t\t\t<div class=\"elementor-gallery-item__content\">\n\t\t\t\t\t\t\t\t\t\t\t\t\t\t<div class=\"elementor-gallery-item__title\">\n\t\t\t\t\t\t\t\t\t\t\t\t\t\t\t\t\t\tSaab concept cars\t\t\t\t\t\t\t\t<\/div>\n\t\t\t\t\t\t\t\t\t\t\t\t<\/div>\n\t\t\t\t\t\t\t\t\t<\/a>\n\t\t\t\t\t\t\t<a class=\"e-gallery-item elementor-gallery-item elementor-animated-content\" href=\"https:\/\/saabcarmuseum.se\/wp-content\/uploads\/2024\/04\/Saab-concept-cars-6.jpg\" data-elementor-open-lightbox=\"yes\" data-elementor-lightbox-slideshow=\"e9a0228\" data-e-action-hash=\"#elementor-action%3Aaction%3Dlightbox%26settings%3DeyJpZCI6MTkwMywidXJsIjoiaHR0cHM6XC9cL3NhYWJjYXJtdXNldW0uc2VcL3dwLWNvbnRlbnRcL3VwbG9hZHNcLzIwMjRcLzA0XC9TYWFiLWNvbmNlcHQtY2Fycy02LmpwZyIsInNsaWRlc2hvdyI6ImU5YTAyMjgifQ%3D%3D\">\n\t\t\t\t\t<div class=\"e-gallery-image elementor-gallery-item__image\" data-thumbnail=\"https:\/\/saabcarmuseum.se\/wp-content\/uploads\/2024\/04\/Saab-concept-cars-6.jpg\" data-width=\"2480\" data-height=\"1988\" aria-label=\"\" role=\"img\" ><\/div>\n\t\t\t\t\t\t\t\t\t\t\t<div class=\"elementor-gallery-item__overlay\"><\/div>\n\t\t\t\t\t\t\t\t\t\t\t\t\t\t\t<div class=\"elementor-gallery-item__content\">\n\t\t\t\t\t\t\t\t\t\t\t\t\t\t<div class=\"elementor-gallery-item__title\">\n\t\t\t\t\t\t\t\t\t\t\t\t\t\t\t\t\t\tSaab concept cars\t\t\t\t\t\t\t\t<\/div>\n\t\t\t\t\t\t\t\t\t\t\t\t<\/div>\n\t\t\t\t\t\t\t\t\t<\/a>\n\t\t\t\t\t\t\t<a class=\"e-gallery-item elementor-gallery-item elementor-animated-content\" href=\"https:\/\/saabcarmuseum.se\/wp-content\/uploads\/2024\/04\/Saab-concept-cars-7.jpg\" data-elementor-open-lightbox=\"yes\" data-elementor-lightbox-slideshow=\"e9a0228\" data-e-action-hash=\"#elementor-action%3Aaction%3Dlightbox%26settings%3DeyJpZCI6MTkwNCwidXJsIjoiaHR0cHM6XC9cL3NhYWJjYXJtdXNldW0uc2VcL3dwLWNvbnRlbnRcL3VwbG9hZHNcLzIwMjRcLzA0XC9TYWFiLWNvbmNlcHQtY2Fycy03LmpwZyIsInNsaWRlc2hvdyI6ImU5YTAyMjgifQ%3D%3D\">\n\t\t\t\t\t<div class=\"e-gallery-image elementor-gallery-item__image\" data-thumbnail=\"https:\/\/saabcarmuseum.se\/wp-content\/uploads\/2024\/04\/Saab-concept-cars-7.jpg\" data-width=\"2048\" data-height=\"1536\" aria-label=\"\" role=\"img\" ><\/div>\n\t\t\t\t\t\t\t\t\t\t\t<div class=\"elementor-gallery-item__overlay\"><\/div>\n\t\t\t\t\t\t\t\t\t\t\t\t\t\t\t<div class=\"elementor-gallery-item__content\">\n\t\t\t\t\t\t\t\t\t\t\t\t\t\t<div class=\"elementor-gallery-item__title\">\n\t\t\t\t\t\t\t\t\t\t\t\t\t\t\t\t\t\tSaab concept cars\t\t\t\t\t\t\t\t<\/div>\n\t\t\t\t\t\t\t\t\t\t\t\t<\/div>\n\t\t\t\t\t\t\t\t\t<\/a>\n\t\t\t\t\t\t\t<a class=\"e-gallery-item elementor-gallery-item elementor-animated-content\" href=\"https:\/\/saabcarmuseum.se\/wp-content\/uploads\/2024\/04\/Saab-concept-cars-8.jpg\" data-elementor-open-lightbox=\"yes\" data-elementor-lightbox-slideshow=\"e9a0228\" data-e-action-hash=\"#elementor-action%3Aaction%3Dlightbox%26settings%3DeyJpZCI6MTkwNSwidXJsIjoiaHR0cHM6XC9cL3NhYWJjYXJtdXNldW0uc2VcL3dwLWNvbnRlbnRcL3VwbG9hZHNcLzIwMjRcLzA0XC9TYWFiLWNvbmNlcHQtY2Fycy04LmpwZyIsInNsaWRlc2hvdyI6ImU5YTAyMjgifQ%3D%3D\">\n\t\t\t\t\t<div class=\"e-gallery-image elementor-gallery-item__image\" data-thumbnail=\"https:\/\/saabcarmuseum.se\/wp-content\/uploads\/2024\/04\/Saab-concept-cars-8.jpg\" data-width=\"5457\" data-height=\"3055\" aria-label=\"\" role=\"img\" ><\/div>\n\t\t\t\t\t\t\t\t\t\t\t<div class=\"elementor-gallery-item__overlay\"><\/div>\n\t\t\t\t\t\t\t\t\t\t\t\t\t\t\t<div class=\"elementor-gallery-item__content\">\n\t\t\t\t\t\t\t\t\t\t\t\t\t\t<div class=\"elementor-gallery-item__title\">\n\t\t\t\t\t\t\t\t\t\t\t\t\t\t\t\t\t\tSaab concept cars\t\t\t\t\t\t\t\t<\/div>\n\t\t\t\t\t\t\t\t\t\t\t\t<\/div>\n\t\t\t\t\t\t\t\t\t<\/a>\n\t\t\t\t\t\t\t<a class=\"e-gallery-item elementor-gallery-item elementor-animated-content\" href=\"https:\/\/saabcarmuseum.se\/wp-content\/uploads\/2024\/04\/Saab-concept-cars-9.jpg\" data-elementor-open-lightbox=\"yes\" data-elementor-lightbox-slideshow=\"e9a0228\" data-e-action-hash=\"#elementor-action%3Aaction%3Dlightbox%26settings%3DeyJpZCI6MTkwNiwidXJsIjoiaHR0cHM6XC9cL3NhYWJjYXJtdXNldW0uc2VcL3dwLWNvbnRlbnRcL3VwbG9hZHNcLzIwMjRcLzA0XC9TYWFiLWNvbmNlcHQtY2Fycy05LmpwZyIsInNsaWRlc2hvdyI6ImU5YTAyMjgifQ%3D%3D\">\n\t\t\t\t\t<div class=\"e-gallery-image elementor-gallery-item__image\" data-thumbnail=\"https:\/\/saabcarmuseum.se\/wp-content\/uploads\/2024\/04\/Saab-concept-cars-9.jpg\" data-width=\"3911\" data-height=\"2936\" aria-label=\"\" role=\"img\" ><\/div>\n\t\t\t\t\t\t\t\t\t\t\t<div class=\"elementor-gallery-item__overlay\"><\/div>\n\t\t\t\t\t\t\t\t\t\t\t\t\t\t\t<div class=\"elementor-gallery-item__content\">\n\t\t\t\t\t\t\t\t\t\t\t\t\t\t<div class=\"elementor-gallery-item__title\">\n\t\t\t\t\t\t\t\t\t\t\t\t\t\t\t\t\t\tSaab concept cars\t\t\t\t\t\t\t\t<\/div>\n\t\t\t\t\t\t\t\t\t\t\t\t<\/div>\n\t\t\t\t\t\t\t\t\t<\/a>\n\t\t\t\t\t\t\t<a class=\"e-gallery-item elementor-gallery-item elementor-animated-content\" href=\"https:\/\/saabcarmuseum.se\/wp-content\/uploads\/2024\/04\/Saab-concept-cars-10.jpg\" data-elementor-open-lightbox=\"yes\" data-elementor-lightbox-slideshow=\"e9a0228\" data-e-action-hash=\"#elementor-action%3Aaction%3Dlightbox%26settings%3DeyJpZCI6MTkwNywidXJsIjoiaHR0cHM6XC9cL3NhYWJjYXJtdXNldW0uc2VcL3dwLWNvbnRlbnRcL3VwbG9hZHNcLzIwMjRcLzA0XC9TYWFiLWNvbmNlcHQtY2Fycy0xMC5qcGciLCJzbGlkZXNob3ciOiJlOWEwMjI4In0%3D\">\n\t\t\t\t\t<div class=\"e-gallery-image elementor-gallery-item__image\" data-thumbnail=\"https:\/\/saabcarmuseum.se\/wp-content\/uploads\/2024\/04\/Saab-concept-cars-10.jpg\" data-width=\"3634\" data-height=\"2401\" aria-label=\"\" role=\"img\" ><\/div>\n\t\t\t\t\t\t\t\t\t\t\t<div class=\"elementor-gallery-item__overlay\"><\/div>\n\t\t\t\t\t\t\t\t\t\t\t\t\t\t\t<div class=\"elementor-gallery-item__content\">\n\t\t\t\t\t\t\t\t\t\t\t\t\t\t<div class=\"elementor-gallery-item__title\">\n\t\t\t\t\t\t\t\t\t\t\t\t\t\t\t\t\t\tSaab concept cars\t\t\t\t\t\t\t\t<\/div>\n\t\t\t\t\t\t\t\t\t\t\t\t<\/div>\n\t\t\t\t\t\t\t\t\t<\/a>\n\t\t\t\t\t\t\t<a class=\"e-gallery-item elementor-gallery-item elementor-animated-content\" href=\"https:\/\/saabcarmuseum.se\/wp-content\/uploads\/2024\/04\/Saab-concept-cars-11.jpg\" data-elementor-open-lightbox=\"yes\" data-elementor-lightbox-slideshow=\"e9a0228\" data-e-action-hash=\"#elementor-action%3Aaction%3Dlightbox%26settings%3DeyJpZCI6MTkwOCwidXJsIjoiaHR0cHM6XC9cL3NhYWJjYXJtdXNldW0uc2VcL3dwLWNvbnRlbnRcL3VwbG9hZHNcLzIwMjRcLzA0XC9TYWFiLWNvbmNlcHQtY2Fycy0xMS5qcGciLCJzbGlkZXNob3ciOiJlOWEwMjI4In0%3D\">\n\t\t\t\t\t<div class=\"e-gallery-image elementor-gallery-item__image\" data-thumbnail=\"https:\/\/saabcarmuseum.se\/wp-content\/uploads\/2024\/04\/Saab-concept-cars-11.jpg\" data-width=\"2735\" data-height=\"2145\" aria-label=\"\" role=\"img\" ><\/div>\n\t\t\t\t\t\t\t\t\t\t\t<div class=\"elementor-gallery-item__overlay\"><\/div>\n\t\t\t\t\t\t\t\t\t\t\t\t\t\t\t<div class=\"elementor-gallery-item__content\">\n\t\t\t\t\t\t\t\t\t\t\t\t\t\t<div class=\"elementor-gallery-item__title\">\n\t\t\t\t\t\t\t\t\t\t\t\t\t\t\t\t\t\tSaab concept cars\t\t\t\t\t\t\t\t<\/div>\n\t\t\t\t\t\t\t\t\t\t\t\t<\/div>\n\t\t\t\t\t\t\t\t\t<\/a>\n\t\t\t\t\t\t\t<a class=\"e-gallery-item elementor-gallery-item elementor-animated-content\" href=\"https:\/\/saabcarmuseum.se\/wp-content\/uploads\/2024\/04\/Saab-concept-cars-12.jpg\" data-elementor-open-lightbox=\"yes\" data-elementor-lightbox-slideshow=\"e9a0228\" data-e-action-hash=\"#elementor-action%3Aaction%3Dlightbox%26settings%3DeyJpZCI6MTkwOSwidXJsIjoiaHR0cHM6XC9cL3NhYWJjYXJtdXNldW0uc2VcL3dwLWNvbnRlbnRcL3VwbG9hZHNcLzIwMjRcLzA0XC9TYWFiLWNvbmNlcHQtY2Fycy0xMi5qcGciLCJzbGlkZXNob3ciOiJlOWEwMjI4In0%3D\">\n\t\t\t\t\t<div class=\"e-gallery-image elementor-gallery-item__image\" data-thumbnail=\"https:\/\/saabcarmuseum.se\/wp-content\/uploads\/2024\/04\/Saab-concept-cars-12.jpg\" data-width=\"3508\" data-height=\"2484\" aria-label=\"\" role=\"img\" ><\/div>\n\t\t\t\t\t\t\t\t\t\t\t<div class=\"elementor-gallery-item__overlay\"><\/div>\n\t\t\t\t\t\t\t\t\t\t\t\t\t\t\t<div class=\"elementor-gallery-item__content\">\n\t\t\t\t\t\t\t\t\t\t\t\t\t\t<div class=\"elementor-gallery-item__title\">\n\t\t\t\t\t\t\t\t\t\t\t\t\t\t\t\t\t\tSaab concept cars\t\t\t\t\t\t\t\t<\/div>\n\t\t\t\t\t\t\t\t\t\t\t\t<\/div>\n\t\t\t\t\t\t\t\t\t<\/a>\n\t\t\t\t\t\t\t<a class=\"e-gallery-item elementor-gallery-item elementor-animated-content\" href=\"https:\/\/saabcarmuseum.se\/wp-content\/uploads\/2024\/04\/Saab-concept-cars-13.jpg\" data-elementor-open-lightbox=\"yes\" data-elementor-lightbox-slideshow=\"e9a0228\" data-e-action-hash=\"#elementor-action%3Aaction%3Dlightbox%26settings%3DeyJpZCI6MTkxMCwidXJsIjoiaHR0cHM6XC9cL3NhYWJjYXJtdXNldW0uc2VcL3dwLWNvbnRlbnRcL3VwbG9hZHNcLzIwMjRcLzA0XC9TYWFiLWNvbmNlcHQtY2Fycy0xMy5qcGciLCJzbGlkZXNob3ciOiJlOWEwMjI4In0%3D\">\n\t\t\t\t\t<div class=\"e-gallery-image elementor-gallery-item__image\" data-thumbnail=\"https:\/\/saabcarmuseum.se\/wp-content\/uploads\/2024\/04\/Saab-concept-cars-13.jpg\" data-width=\"3670\" data-height=\"2385\" aria-label=\"\" role=\"img\" ><\/div>\n\t\t\t\t\t\t\t\t\t\t\t<div class=\"elementor-gallery-item__overlay\"><\/div>\n\t\t\t\t\t\t\t\t\t\t\t\t\t\t\t<div class=\"elementor-gallery-item__content\">\n\t\t\t\t\t\t\t\t\t\t\t\t\t\t<div class=\"elementor-gallery-item__title\">\n\t\t\t\t\t\t\t\t\t\t\t\t\t\t\t\t\t\tSaab concept cars\t\t\t\t\t\t\t\t<\/div>\n\t\t\t\t\t\t\t\t\t\t\t\t<\/div>\n\t\t\t\t\t\t\t\t\t<\/a>\n\t\t\t\t\t\t\t<a class=\"e-gallery-item elementor-gallery-item elementor-animated-content\" href=\"https:\/\/saabcarmuseum.se\/wp-content\/uploads\/2024\/04\/Saab-concept-cars-14.jpg\" data-elementor-open-lightbox=\"yes\" data-elementor-lightbox-slideshow=\"e9a0228\" data-e-action-hash=\"#elementor-action%3Aaction%3Dlightbox%26settings%3DeyJpZCI6MTkxMSwidXJsIjoiaHR0cHM6XC9cL3NhYWJjYXJtdXNldW0uc2VcL3dwLWNvbnRlbnRcL3VwbG9hZHNcLzIwMjRcLzA0XC9TYWFiLWNvbmNlcHQtY2Fycy0xNC5qcGciLCJzbGlkZXNob3ciOiJlOWEwMjI4In0%3D\">\n\t\t\t\t\t<div class=\"e-gallery-image elementor-gallery-item__image\" data-thumbnail=\"https:\/\/saabcarmuseum.se\/wp-content\/uploads\/2024\/04\/Saab-concept-cars-14.jpg\" data-width=\"3602\" data-height=\"2430\" aria-label=\"\" role=\"img\" ><\/div>\n\t\t\t\t\t\t\t\t\t\t\t<div class=\"elementor-gallery-item__overlay\"><\/div>\n\t\t\t\t\t\t\t\t\t\t\t\t\t\t\t<div class=\"elementor-gallery-item__content\">\n\t\t\t\t\t\t\t\t\t\t\t\t\t\t<div class=\"elementor-gallery-item__title\">\n\t\t\t\t\t\t\t\t\t\t\t\t\t\t\t\t\t\tSaab concept cars\t\t\t\t\t\t\t\t<\/div>\n\t\t\t\t\t\t\t\t\t\t\t\t<\/div>\n\t\t\t\t\t\t\t\t\t<\/a>\n\t\t\t\t\t<\/div>\n\t\t\t\t\t<\/div>\n\t\t\t\t<div class=\"elementor-element elementor-element-8f84974 elementor-widget elementor-widget-spacer\" data-id=\"8f84974\" data-element_type=\"widget\" data-e-type=\"widget\" data-widget_type=\"spacer.default\">\n\t\t\t\t\t\t\t<div class=\"elementor-spacer\">\n\t\t\t<div class=\"elementor-spacer-inner\"><\/div>\n\t\t<\/div>\n\t\t\t\t\t\t<\/div>\n\t\t\t\t<div class=\"elementor-element elementor-element-02c0348 elementor-mobile-align-justify elementor-widget elementor-widget-button\" data-id=\"02c0348\" data-element_type=\"widget\" data-e-type=\"widget\" data-widget_type=\"button.default\">\n\t\t\t\t\t\t\t\t\t\t<a class=\"elementor-button elementor-button-link elementor-size-sm\" href=\"https:\/\/drive.google.com\/drive\/folders\/1ASygO6dnpI5WzdjVccaHYd_5ueuPLck2?usp=share_link\" target=\"_blank\" rel=\"noopener\">\n\t\t\t\t\t\t<span class=\"elementor-button-content-wrapper\">\n\t\t\t\t\t\t<span class=\"elementor-button-icon\">\n\t\t\t\t<i aria-hidden=\"true\" class=\"fab fa-google-drive\"><\/i>\t\t\t<\/span>\n\t\t\t\t\t\t\t\t\t<span class=\"elementor-button-text\">Google Drive<\/span>\n\t\t\t\t\t<\/span>\n\t\t\t\t\t<\/a>\n\t\t\t\t\t\t\t\t<\/div>\n\t\t\t\t<div class=\"elementor-element elementor-element-03e7bdc elementor-widget elementor-widget-spacer\" data-id=\"03e7bdc\" data-element_type=\"widget\" data-e-type=\"widget\" data-widget_type=\"spacer.default\">\n\t\t\t\t\t\t\t<div class=\"elementor-spacer\">\n\t\t\t<div class=\"elementor-spacer-inner\"><\/div>\n\t\t<\/div>\n\t\t\t\t\t\t<\/div>\n\t\t\t\t<div class=\"elementor-element elementor-element-e7cbc74 elementor-mobile-align-justify elementor-widget elementor-widget-button\" data-id=\"e7cbc74\" data-element_type=\"widget\" data-e-type=\"widget\" data-widget_type=\"button.default\">\n\t\t\t\t\t\t\t\t\t\t<a class=\"elementor-button elementor-button-link elementor-size-sm\" href=\"https:\/\/saabcarmuseum.se\/en\/media\/\">\n\t\t\t\t\t\t<span class=\"elementor-button-content-wrapper\">\n\t\t\t\t\t\t<span class=\"elementor-button-icon\">\n\t\t\t\t<i aria-hidden=\"true\" class=\"fas fa-arrow-left\"><\/i>\t\t\t<\/span>\n\t\t\t\t\t\t\t\t\t<span class=\"elementor-button-text\">Back to Media<\/span>\n\t\t\t\t\t<\/span>\n\t\t\t\t\t<\/a>\n\t\t\t\t\t\t\t\t<\/div>\n\t\t\t\t\t<\/div>\n\t\t\t\t<\/div>\n\t\t\t\t<\/div>","protected":false},"excerpt":{"rendered":"<p>MEDIA Saab concept cars F\u00f6r att ladda ned bilderna i h\u00f6gsta m\u00f6jliga kvalitet kan du klicka p\u00e5 knappen nedan som leder till en Google Drive-mapp. Saab concept cars Saab concept cars Saab concept cars Saab concept cars Saab concept cars Saab concept cars Saab concept cars Saab concept cars Saab concept cars Saab concept cars [&hellip;]<\/p>\n","protected":false},"author":1,"featured_media":0,"parent":777,"menu_order":0,"comment_status":"closed","ping_status":"closed","template":"","meta":{"footnotes":""},"class_list":["post-1674","page","type-page","status-publish","hentry"],"_links":{"self":[{"href":"https:\/\/saabcarmuseum.se\/en\/wp-json\/wp\/v2\/pages\/1674","targetHints":{"allow":["GET"]}}],"collection":[{"href":"https:\/\/saabcarmuseum.se\/en\/wp-json\/wp\/v2\/pages"}],"about":[{"href":"https:\/\/saabcarmuseum.se\/en\/wp-json\/wp\/v2\/types\/page"}],"author":[{"embeddable":true,"href":"https:\/\/saabcarmuseum.se\/en\/wp-json\/wp\/v2\/users\/1"}],"replies":[{"embeddable":true,"href":"https:\/\/saabcarmuseum.se\/en\/wp-json\/wp\/v2\/comments?post=1674"}],"version-history":[{"count":3,"href":"https:\/\/saabcarmuseum.se\/en\/wp-json\/wp\/v2\/pages\/1674\/revisions"}],"predecessor-version":[{"id":2143,"href":"https:\/\/saabcarmuseum.se\/en\/wp-json\/wp\/v2\/pages\/1674\/revisions\/2143"}],"up":[{"embeddable":true,"href":"https:\/\/saabcarmuseum.se\/en\/wp-json\/wp\/v2\/pages\/777"}],"wp:attachment":[{"href":"https:\/\/saabcarmuseum.se\/en\/wp-json\/wp\/v2\/media?parent=1674"}],"curies":[{"name":"wp","href":"https:\/\/api.w.org\/{rel}","templated":true}]}}