{"id":1663,"date":"2024-04-02T10:32:15","date_gmt":"2024-04-02T09:32:15","guid":{"rendered":"http:\/\/saab-car-museum.local\/?page_id=1663"},"modified":"2024-04-02T14:37:18","modified_gmt":"2024-04-02T13:37:18","slug":"saab-sonett","status":"publish","type":"page","link":"https:\/\/saabcarmuseum.se\/en\/media\/saab-sonett\/","title":{"rendered":"Saab Sonett"},"content":{"rendered":"<div data-elementor-type=\"wp-page\" data-elementor-id=\"1663\" class=\"elementor elementor-1663\" data-elementor-post-type=\"page\">\n\t\t\t\t<div class=\"elementor-element elementor-element-3e588b0 e-flex e-con-boxed e-con e-parent\" data-id=\"3e588b0\" data-element_type=\"container\" data-e-type=\"container\">\n\t\t\t\t\t<div class=\"e-con-inner\">\n\t\t\t\t<div class=\"elementor-element elementor-element-e052443 elementor-widget elementor-widget-heading\" data-id=\"e052443\" data-element_type=\"widget\" data-e-type=\"widget\" data-widget_type=\"heading.default\">\n\t\t\t\t\t<h4 class=\"elementor-heading-title elementor-size-default\">MEDIA<\/h4>\t\t\t\t<\/div>\n\t\t\t\t<div class=\"elementor-element elementor-element-27cb813 elementor-widget elementor-widget-heading\" data-id=\"27cb813\" data-element_type=\"widget\" data-e-type=\"widget\" data-widget_type=\"heading.default\">\n\t\t\t\t\t<h1 class=\"elementor-heading-title elementor-size-default\">Saab Sonett<\/h1>\t\t\t\t<\/div>\n\t\t\t\t<div class=\"elementor-element elementor-element-9284507 elementor-widget elementor-widget-spacer\" data-id=\"9284507\" data-element_type=\"widget\" data-e-type=\"widget\" data-widget_type=\"spacer.default\">\n\t\t\t\t\t\t\t<div class=\"elementor-spacer\">\n\t\t\t<div class=\"elementor-spacer-inner\"><\/div>\n\t\t<\/div>\n\t\t\t\t\t\t<\/div>\n\t\t\t\t<div class=\"elementor-element elementor-element-7c5c52f elementor-widget elementor-widget-text-editor\" data-id=\"7c5c52f\" data-element_type=\"widget\" data-e-type=\"widget\" data-widget_type=\"text-editor.default\">\n\t\t\t\t\t\t\t\t\t<p>To download the images in the highest possible quality, you can click on the button below which will lead you to a Google Drive folder.<\/p>\t\t\t\t\t\t\t\t<\/div>\n\t\t\t\t<div class=\"elementor-element elementor-element-aa1ecc0 elementor-widget elementor-widget-spacer\" data-id=\"aa1ecc0\" data-element_type=\"widget\" data-e-type=\"widget\" data-widget_type=\"spacer.default\">\n\t\t\t\t\t\t\t<div class=\"elementor-spacer\">\n\t\t\t<div class=\"elementor-spacer-inner\"><\/div>\n\t\t<\/div>\n\t\t\t\t\t\t<\/div>\n\t\t\t\t<div class=\"elementor-element elementor-element-8c4d7b4 elementor-widget elementor-widget-gallery\" data-id=\"8c4d7b4\" data-element_type=\"widget\" data-e-type=\"widget\" data-settings=\"{&quot;gallery_layout&quot;:&quot;justified&quot;,&quot;overlay_title&quot;:&quot;title&quot;,&quot;ideal_row_height_tablet&quot;:{&quot;unit&quot;:&quot;px&quot;,&quot;size&quot;:200,&quot;sizes&quot;:[]},&quot;ideal_row_height_mobile&quot;:{&quot;unit&quot;:&quot;px&quot;,&quot;size&quot;:200,&quot;sizes&quot;:[]},&quot;lazyload&quot;:&quot;yes&quot;,&quot;ideal_row_height&quot;:{&quot;unit&quot;:&quot;px&quot;,&quot;size&quot;:200,&quot;sizes&quot;:[]},&quot;gap&quot;:{&quot;unit&quot;:&quot;px&quot;,&quot;size&quot;:10,&quot;sizes&quot;:[]},&quot;gap_tablet&quot;:{&quot;unit&quot;:&quot;px&quot;,&quot;size&quot;:10,&quot;sizes&quot;:[]},&quot;gap_mobile&quot;:{&quot;unit&quot;:&quot;px&quot;,&quot;size&quot;:10,&quot;sizes&quot;:[]},&quot;link_to&quot;:&quot;file&quot;,&quot;overlay_background&quot;:&quot;yes&quot;,&quot;content_hover_animation&quot;:&quot;fade-in&quot;}\" data-widget_type=\"gallery.default\">\n\t\t\t\t\t\t\t<div class=\"elementor-gallery__container\">\n\t\t\t\t\t\t\t<a class=\"e-gallery-item elementor-gallery-item elementor-animated-content\" href=\"https:\/\/saabcarmuseum.se\/wp-content\/uploads\/2024\/04\/Saab-Sonett-1.jpg\" data-elementor-open-lightbox=\"yes\" data-elementor-lightbox-slideshow=\"8c4d7b4\" data-e-action-hash=\"#elementor-action%3Aaction%3Dlightbox%26settings%3DeyJpZCI6MTg2MSwidXJsIjoiaHR0cHM6XC9cL3NhYWJjYXJtdXNldW0uc2VcL3dwLWNvbnRlbnRcL3VwbG9hZHNcLzIwMjRcLzA0XC9TYWFiLVNvbmV0dC0xLmpwZyIsInNsaWRlc2hvdyI6IjhjNGQ3YjQifQ%3D%3D\">\n\t\t\t\t\t<div class=\"e-gallery-image elementor-gallery-item__image\" data-thumbnail=\"https:\/\/saabcarmuseum.se\/wp-content\/uploads\/2024\/04\/Saab-Sonett-1.jpg\" data-width=\"4287\" data-height=\"2037\" aria-label=\"\" role=\"img\" ><\/div>\n\t\t\t\t\t\t\t\t\t\t\t<div class=\"elementor-gallery-item__overlay\"><\/div>\n\t\t\t\t\t\t\t\t\t\t\t\t\t\t\t<div class=\"elementor-gallery-item__content\">\n\t\t\t\t\t\t\t\t\t\t\t\t\t\t<div class=\"elementor-gallery-item__title\">\n\t\t\t\t\t\t\t\t\t\t\t\t\t\t\t\t\t\tSaab Sonett\t\t\t\t\t\t\t\t<\/div>\n\t\t\t\t\t\t\t\t\t\t\t\t<\/div>\n\t\t\t\t\t\t\t\t\t<\/a>\n\t\t\t\t\t\t\t<a class=\"e-gallery-item elementor-gallery-item elementor-animated-content\" href=\"https:\/\/saabcarmuseum.se\/wp-content\/uploads\/2024\/04\/Saab-Sonett-2.jpg\" data-elementor-open-lightbox=\"yes\" data-elementor-lightbox-slideshow=\"8c4d7b4\" data-e-action-hash=\"#elementor-action%3Aaction%3Dlightbox%26settings%3DeyJpZCI6MTg2MiwidXJsIjoiaHR0cHM6XC9cL3NhYWJjYXJtdXNldW0uc2VcL3dwLWNvbnRlbnRcL3VwbG9hZHNcLzIwMjRcLzA0XC9TYWFiLVNvbmV0dC0yLmpwZyIsInNsaWRlc2hvdyI6IjhjNGQ3YjQifQ%3D%3D\">\n\t\t\t\t\t<div class=\"e-gallery-image elementor-gallery-item__image\" data-thumbnail=\"https:\/\/saabcarmuseum.se\/wp-content\/uploads\/2024\/04\/Saab-Sonett-2.jpg\" data-width=\"3248\" data-height=\"2713\" aria-label=\"\" role=\"img\" ><\/div>\n\t\t\t\t\t\t\t\t\t\t\t<div class=\"elementor-gallery-item__overlay\"><\/div>\n\t\t\t\t\t\t\t\t\t\t\t\t\t\t\t<div class=\"elementor-gallery-item__content\">\n\t\t\t\t\t\t\t\t\t\t\t\t\t\t<div class=\"elementor-gallery-item__title\">\n\t\t\t\t\t\t\t\t\t\t\t\t\t\t\t\t\t\tSaab Sonett\t\t\t\t\t\t\t\t<\/div>\n\t\t\t\t\t\t\t\t\t\t\t\t<\/div>\n\t\t\t\t\t\t\t\t\t<\/a>\n\t\t\t\t\t\t\t<a class=\"e-gallery-item elementor-gallery-item elementor-animated-content\" href=\"https:\/\/saabcarmuseum.se\/wp-content\/uploads\/2024\/04\/Saab-Sonett-3.jpg\" data-elementor-open-lightbox=\"yes\" data-elementor-lightbox-slideshow=\"8c4d7b4\" data-e-action-hash=\"#elementor-action%3Aaction%3Dlightbox%26settings%3DeyJpZCI6MTg2MywidXJsIjoiaHR0cHM6XC9cL3NhYWJjYXJtdXNldW0uc2VcL3dwLWNvbnRlbnRcL3VwbG9hZHNcLzIwMjRcLzA0XC9TYWFiLVNvbmV0dC0zLmpwZyIsInNsaWRlc2hvdyI6IjhjNGQ3YjQifQ%3D%3D\">\n\t\t\t\t\t<div class=\"e-gallery-image elementor-gallery-item__image\" data-thumbnail=\"https:\/\/saabcarmuseum.se\/wp-content\/uploads\/2024\/04\/Saab-Sonett-3.jpg\" data-width=\"3662\" data-height=\"2409\" aria-label=\"\" role=\"img\" ><\/div>\n\t\t\t\t\t\t\t\t\t\t\t<div class=\"elementor-gallery-item__overlay\"><\/div>\n\t\t\t\t\t\t\t\t\t\t\t\t\t\t\t<div class=\"elementor-gallery-item__content\">\n\t\t\t\t\t\t\t\t\t\t\t\t\t\t<div class=\"elementor-gallery-item__title\">\n\t\t\t\t\t\t\t\t\t\t\t\t\t\t\t\t\t\tSaab Sonett\t\t\t\t\t\t\t\t<\/div>\n\t\t\t\t\t\t\t\t\t\t\t\t<\/div>\n\t\t\t\t\t\t\t\t\t<\/a>\n\t\t\t\t\t\t\t<a class=\"e-gallery-item elementor-gallery-item elementor-animated-content\" href=\"https:\/\/saabcarmuseum.se\/wp-content\/uploads\/2024\/04\/Saab-Sonett-4.jpg\" data-elementor-open-lightbox=\"yes\" data-elementor-lightbox-slideshow=\"8c4d7b4\" data-e-action-hash=\"#elementor-action%3Aaction%3Dlightbox%26settings%3DeyJpZCI6MTg2NCwidXJsIjoiaHR0cHM6XC9cL3NhYWJjYXJtdXNldW0uc2VcL3dwLWNvbnRlbnRcL3VwbG9hZHNcLzIwMjRcLzA0XC9TYWFiLVNvbmV0dC00LmpwZyIsInNsaWRlc2hvdyI6IjhjNGQ3YjQifQ%3D%3D\">\n\t\t\t\t\t<div class=\"e-gallery-image elementor-gallery-item__image\" data-thumbnail=\"https:\/\/saabcarmuseum.se\/wp-content\/uploads\/2024\/04\/Saab-Sonett-4.jpg\" data-width=\"3507\" data-height=\"2492\" aria-label=\"\" role=\"img\" ><\/div>\n\t\t\t\t\t\t\t\t\t\t\t<div class=\"elementor-gallery-item__overlay\"><\/div>\n\t\t\t\t\t\t\t\t\t\t\t\t\t\t\t<div class=\"elementor-gallery-item__content\">\n\t\t\t\t\t\t\t\t\t\t\t\t\t\t<div class=\"elementor-gallery-item__title\">\n\t\t\t\t\t\t\t\t\t\t\t\t\t\t\t\t\t\tSaab Sonett\t\t\t\t\t\t\t\t<\/div>\n\t\t\t\t\t\t\t\t\t\t\t\t<\/div>\n\t\t\t\t\t\t\t\t\t<\/a>\n\t\t\t\t\t\t\t<a class=\"e-gallery-item elementor-gallery-item elementor-animated-content\" href=\"https:\/\/saabcarmuseum.se\/wp-content\/uploads\/2024\/04\/Saab-Sonett-5.jpg\" data-elementor-open-lightbox=\"yes\" data-elementor-lightbox-slideshow=\"8c4d7b4\" data-e-action-hash=\"#elementor-action%3Aaction%3Dlightbox%26settings%3DeyJpZCI6MTg2NSwidXJsIjoiaHR0cHM6XC9cL3NhYWJjYXJtdXNldW0uc2VcL3dwLWNvbnRlbnRcL3VwbG9hZHNcLzIwMjRcLzA0XC9TYWFiLVNvbmV0dC01LmpwZyIsInNsaWRlc2hvdyI6IjhjNGQ3YjQifQ%3D%3D\">\n\t\t\t\t\t<div class=\"e-gallery-image elementor-gallery-item__image\" data-thumbnail=\"https:\/\/saabcarmuseum.se\/wp-content\/uploads\/2024\/04\/Saab-Sonett-5.jpg\" data-width=\"2964\" data-height=\"2957\" aria-label=\"\" role=\"img\" ><\/div>\n\t\t\t\t\t\t\t\t\t\t\t<div class=\"elementor-gallery-item__overlay\"><\/div>\n\t\t\t\t\t\t\t\t\t\t\t\t\t\t\t<div class=\"elementor-gallery-item__content\">\n\t\t\t\t\t\t\t\t\t\t\t\t\t\t<div class=\"elementor-gallery-item__title\">\n\t\t\t\t\t\t\t\t\t\t\t\t\t\t\t\t\t\tSaab Sonett\t\t\t\t\t\t\t\t<\/div>\n\t\t\t\t\t\t\t\t\t\t\t\t<\/div>\n\t\t\t\t\t\t\t\t\t<\/a>\n\t\t\t\t\t\t\t<a class=\"e-gallery-item elementor-gallery-item elementor-animated-content\" href=\"https:\/\/saabcarmuseum.se\/wp-content\/uploads\/2024\/04\/Saab-Sonett-6.jpg\" data-elementor-open-lightbox=\"yes\" data-elementor-lightbox-slideshow=\"8c4d7b4\" data-e-action-hash=\"#elementor-action%3Aaction%3Dlightbox%26settings%3DeyJpZCI6MTg2NiwidXJsIjoiaHR0cHM6XC9cL3NhYWJjYXJtdXNldW0uc2VcL3dwLWNvbnRlbnRcL3VwbG9hZHNcLzIwMjRcLzA0XC9TYWFiLVNvbmV0dC02LmpwZyIsInNsaWRlc2hvdyI6IjhjNGQ3YjQifQ%3D%3D\">\n\t\t\t\t\t<div class=\"e-gallery-image elementor-gallery-item__image\" data-thumbnail=\"https:\/\/saabcarmuseum.se\/wp-content\/uploads\/2024\/04\/Saab-Sonett-6.jpg\" data-width=\"4287\" data-height=\"2037\" aria-label=\"\" role=\"img\" ><\/div>\n\t\t\t\t\t\t\t\t\t\t\t<div class=\"elementor-gallery-item__overlay\"><\/div>\n\t\t\t\t\t\t\t\t\t\t\t\t\t\t\t<div class=\"elementor-gallery-item__content\">\n\t\t\t\t\t\t\t\t\t\t\t\t\t\t<div class=\"elementor-gallery-item__title\">\n\t\t\t\t\t\t\t\t\t\t\t\t\t\t\t\t\t\tSaab Sonett\t\t\t\t\t\t\t\t<\/div>\n\t\t\t\t\t\t\t\t\t\t\t\t<\/div>\n\t\t\t\t\t\t\t\t\t<\/a>\n\t\t\t\t\t\t\t<a class=\"e-gallery-item elementor-gallery-item elementor-animated-content\" href=\"https:\/\/saabcarmuseum.se\/wp-content\/uploads\/2024\/04\/Saab-Sonett-7.jpg\" data-elementor-open-lightbox=\"yes\" data-elementor-lightbox-slideshow=\"8c4d7b4\" data-e-action-hash=\"#elementor-action%3Aaction%3Dlightbox%26settings%3DeyJpZCI6MTg2NywidXJsIjoiaHR0cHM6XC9cL3NhYWJjYXJtdXNldW0uc2VcL3dwLWNvbnRlbnRcL3VwbG9hZHNcLzIwMjRcLzA0XC9TYWFiLVNvbmV0dC03LmpwZyIsInNsaWRlc2hvdyI6IjhjNGQ3YjQifQ%3D%3D\">\n\t\t\t\t\t<div class=\"e-gallery-image elementor-gallery-item__image\" data-thumbnail=\"https:\/\/saabcarmuseum.se\/wp-content\/uploads\/2024\/04\/Saab-Sonett-7.jpg\" data-width=\"2618\" data-height=\"3366\" aria-label=\"\" role=\"img\" ><\/div>\n\t\t\t\t\t\t\t\t\t\t\t<div class=\"elementor-gallery-item__overlay\"><\/div>\n\t\t\t\t\t\t\t\t\t\t\t\t\t\t\t<div class=\"elementor-gallery-item__content\">\n\t\t\t\t\t\t\t\t\t\t\t\t\t\t<div class=\"elementor-gallery-item__title\">\n\t\t\t\t\t\t\t\t\t\t\t\t\t\t\t\t\t\tSaab Sonett\t\t\t\t\t\t\t\t<\/div>\n\t\t\t\t\t\t\t\t\t\t\t\t<\/div>\n\t\t\t\t\t\t\t\t\t<\/a>\n\t\t\t\t\t\t\t<a class=\"e-gallery-item elementor-gallery-item elementor-animated-content\" href=\"https:\/\/saabcarmuseum.se\/wp-content\/uploads\/2024\/04\/Saab-Sonett-8.jpg\" data-elementor-open-lightbox=\"yes\" data-elementor-lightbox-slideshow=\"8c4d7b4\" data-e-action-hash=\"#elementor-action%3Aaction%3Dlightbox%26settings%3DeyJpZCI6MTg2OCwidXJsIjoiaHR0cHM6XC9cL3NhYWJjYXJtdXNldW0uc2VcL3dwLWNvbnRlbnRcL3VwbG9hZHNcLzIwMjRcLzA0XC9TYWFiLVNvbmV0dC04LmpwZyIsInNsaWRlc2hvdyI6IjhjNGQ3YjQifQ%3D%3D\">\n\t\t\t\t\t<div class=\"e-gallery-image elementor-gallery-item__image\" data-thumbnail=\"https:\/\/saabcarmuseum.se\/wp-content\/uploads\/2024\/04\/Saab-Sonett-8.jpg\" data-width=\"3330\" data-height=\"2628\" aria-label=\"\" role=\"img\" ><\/div>\n\t\t\t\t\t\t\t\t\t\t\t<div class=\"elementor-gallery-item__overlay\"><\/div>\n\t\t\t\t\t\t\t\t\t\t\t\t\t\t\t<div class=\"elementor-gallery-item__content\">\n\t\t\t\t\t\t\t\t\t\t\t\t\t\t<div class=\"elementor-gallery-item__title\">\n\t\t\t\t\t\t\t\t\t\t\t\t\t\t\t\t\t\tSaab Sonett\t\t\t\t\t\t\t\t<\/div>\n\t\t\t\t\t\t\t\t\t\t\t\t<\/div>\n\t\t\t\t\t\t\t\t\t<\/a>\n\t\t\t\t\t\t\t<a class=\"e-gallery-item elementor-gallery-item elementor-animated-content\" href=\"https:\/\/saabcarmuseum.se\/wp-content\/uploads\/2024\/04\/Saab-Sonett-9.jpg\" data-elementor-open-lightbox=\"yes\" data-elementor-lightbox-slideshow=\"8c4d7b4\" data-e-action-hash=\"#elementor-action%3Aaction%3Dlightbox%26settings%3DeyJpZCI6MTg2OSwidXJsIjoiaHR0cHM6XC9cL3NhYWJjYXJtdXNldW0uc2VcL3dwLWNvbnRlbnRcL3VwbG9hZHNcLzIwMjRcLzA0XC9TYWFiLVNvbmV0dC05LmpwZyIsInNsaWRlc2hvdyI6IjhjNGQ3YjQifQ%3D%3D\">\n\t\t\t\t\t<div class=\"e-gallery-image elementor-gallery-item__image\" data-thumbnail=\"https:\/\/saabcarmuseum.se\/wp-content\/uploads\/2024\/04\/Saab-Sonett-9.jpg\" data-width=\"4287\" data-height=\"2037\" aria-label=\"\" role=\"img\" ><\/div>\n\t\t\t\t\t\t\t\t\t\t\t<div class=\"elementor-gallery-item__overlay\"><\/div>\n\t\t\t\t\t\t\t\t\t\t\t\t\t\t\t<div class=\"elementor-gallery-item__content\">\n\t\t\t\t\t\t\t\t\t\t\t\t\t\t<div class=\"elementor-gallery-item__title\">\n\t\t\t\t\t\t\t\t\t\t\t\t\t\t\t\t\t\tSaab Sonett\t\t\t\t\t\t\t\t<\/div>\n\t\t\t\t\t\t\t\t\t\t\t\t<\/div>\n\t\t\t\t\t\t\t\t\t<\/a>\n\t\t\t\t\t\t\t<a class=\"e-gallery-item elementor-gallery-item elementor-animated-content\" href=\"https:\/\/saabcarmuseum.se\/wp-content\/uploads\/2024\/04\/Saab-Sonett-10.jpg\" data-elementor-open-lightbox=\"yes\" data-elementor-lightbox-slideshow=\"8c4d7b4\" data-e-action-hash=\"#elementor-action%3Aaction%3Dlightbox%26settings%3DeyJpZCI6MTg3MCwidXJsIjoiaHR0cHM6XC9cL3NhYWJjYXJtdXNldW0uc2VcL3dwLWNvbnRlbnRcL3VwbG9hZHNcLzIwMjRcLzA0XC9TYWFiLVNvbmV0dC0xMC5qcGciLCJzbGlkZXNob3ciOiI4YzRkN2I0In0%3D\">\n\t\t\t\t\t<div class=\"e-gallery-image elementor-gallery-item__image\" data-thumbnail=\"https:\/\/saabcarmuseum.se\/wp-content\/uploads\/2024\/04\/Saab-Sonett-10.jpg\" data-width=\"2048\" data-height=\"1536\" aria-label=\"\" role=\"img\" ><\/div>\n\t\t\t\t\t\t\t\t\t\t\t<div class=\"elementor-gallery-item__overlay\"><\/div>\n\t\t\t\t\t\t\t\t\t\t\t\t\t\t\t<div class=\"elementor-gallery-item__content\">\n\t\t\t\t\t\t\t\t\t\t\t\t\t\t<div class=\"elementor-gallery-item__title\">\n\t\t\t\t\t\t\t\t\t\t\t\t\t\t\t\t\t\tSaab Sonett\t\t\t\t\t\t\t\t<\/div>\n\t\t\t\t\t\t\t\t\t\t\t\t<\/div>\n\t\t\t\t\t\t\t\t\t<\/a>\n\t\t\t\t\t\t\t<a class=\"e-gallery-item elementor-gallery-item elementor-animated-content\" href=\"https:\/\/saabcarmuseum.se\/wp-content\/uploads\/2024\/04\/Saab-Sonett-11.jpg\" data-elementor-open-lightbox=\"yes\" data-elementor-lightbox-slideshow=\"8c4d7b4\" data-e-action-hash=\"#elementor-action%3Aaction%3Dlightbox%26settings%3DeyJpZCI6MTg3MSwidXJsIjoiaHR0cHM6XC9cL3NhYWJjYXJtdXNldW0uc2VcL3dwLWNvbnRlbnRcL3VwbG9hZHNcLzIwMjRcLzA0XC9TYWFiLVNvbmV0dC0xMS5qcGciLCJzbGlkZXNob3ciOiI4YzRkN2I0In0%3D\">\n\t\t\t\t\t<div class=\"e-gallery-image elementor-gallery-item__image\" data-thumbnail=\"https:\/\/saabcarmuseum.se\/wp-content\/uploads\/2024\/04\/Saab-Sonett-11.jpg\" data-width=\"3437\" data-height=\"2540\" aria-label=\"\" role=\"img\" ><\/div>\n\t\t\t\t\t\t\t\t\t\t\t<div class=\"elementor-gallery-item__overlay\"><\/div>\n\t\t\t\t\t\t\t\t\t\t\t\t\t\t\t<div class=\"elementor-gallery-item__content\">\n\t\t\t\t\t\t\t\t\t\t\t\t\t\t<div class=\"elementor-gallery-item__title\">\n\t\t\t\t\t\t\t\t\t\t\t\t\t\t\t\t\t\tSaab Sonett\t\t\t\t\t\t\t\t<\/div>\n\t\t\t\t\t\t\t\t\t\t\t\t<\/div>\n\t\t\t\t\t\t\t\t\t<\/a>\n\t\t\t\t\t\t\t<a class=\"e-gallery-item elementor-gallery-item elementor-animated-content\" href=\"https:\/\/saabcarmuseum.se\/wp-content\/uploads\/2024\/04\/Saab-Sonett-12.jpg\" data-elementor-open-lightbox=\"yes\" data-elementor-lightbox-slideshow=\"8c4d7b4\" data-e-action-hash=\"#elementor-action%3Aaction%3Dlightbox%26settings%3DeyJpZCI6MTg3MiwidXJsIjoiaHR0cHM6XC9cL3NhYWJjYXJtdXNldW0uc2VcL3dwLWNvbnRlbnRcL3VwbG9hZHNcLzIwMjRcLzA0XC9TYWFiLVNvbmV0dC0xMi5qcGciLCJzbGlkZXNob3ciOiI4YzRkN2I0In0%3D\">\n\t\t\t\t\t<div class=\"e-gallery-image elementor-gallery-item__image\" data-thumbnail=\"https:\/\/saabcarmuseum.se\/wp-content\/uploads\/2024\/04\/Saab-Sonett-12.jpg\" data-width=\"3712\" data-height=\"2350\" aria-label=\"\" role=\"img\" ><\/div>\n\t\t\t\t\t\t\t\t\t\t\t<div class=\"elementor-gallery-item__overlay\"><\/div>\n\t\t\t\t\t\t\t\t\t\t\t\t\t\t\t<div class=\"elementor-gallery-item__content\">\n\t\t\t\t\t\t\t\t\t\t\t\t\t\t<div class=\"elementor-gallery-item__title\">\n\t\t\t\t\t\t\t\t\t\t\t\t\t\t\t\t\t\tSaab Sonett\t\t\t\t\t\t\t\t<\/div>\n\t\t\t\t\t\t\t\t\t\t\t\t<\/div>\n\t\t\t\t\t\t\t\t\t<\/a>\n\t\t\t\t\t<\/div>\n\t\t\t\t\t<\/div>\n\t\t\t\t<div class=\"elementor-element elementor-element-0c9c54a elementor-widget elementor-widget-spacer\" data-id=\"0c9c54a\" data-element_type=\"widget\" data-e-type=\"widget\" data-widget_type=\"spacer.default\">\n\t\t\t\t\t\t\t<div class=\"elementor-spacer\">\n\t\t\t<div class=\"elementor-spacer-inner\"><\/div>\n\t\t<\/div>\n\t\t\t\t\t\t<\/div>\n\t\t\t\t<div class=\"elementor-element elementor-element-232f70a elementor-mobile-align-justify elementor-widget elementor-widget-button\" data-id=\"232f70a\" data-element_type=\"widget\" data-e-type=\"widget\" data-widget_type=\"button.default\">\n\t\t\t\t\t\t\t\t\t\t<a class=\"elementor-button elementor-button-link elementor-size-sm\" href=\"https:\/\/drive.google.com\/drive\/folders\/1AUYJ0qTKZZSpNhxnVgoIR8YCVuLm35CD?usp=share_link\" target=\"_blank\" rel=\"noopener\">\n\t\t\t\t\t\t<span class=\"elementor-button-content-wrapper\">\n\t\t\t\t\t\t<span class=\"elementor-button-icon\">\n\t\t\t\t<i aria-hidden=\"true\" class=\"fab fa-google-drive\"><\/i>\t\t\t<\/span>\n\t\t\t\t\t\t\t\t\t<span class=\"elementor-button-text\">Google Drive<\/span>\n\t\t\t\t\t<\/span>\n\t\t\t\t\t<\/a>\n\t\t\t\t\t\t\t\t<\/div>\n\t\t\t\t<div class=\"elementor-element elementor-element-17c7e94 elementor-widget elementor-widget-spacer\" data-id=\"17c7e94\" data-element_type=\"widget\" data-e-type=\"widget\" data-widget_type=\"spacer.default\">\n\t\t\t\t\t\t\t<div class=\"elementor-spacer\">\n\t\t\t<div class=\"elementor-spacer-inner\"><\/div>\n\t\t<\/div>\n\t\t\t\t\t\t<\/div>\n\t\t\t\t<div class=\"elementor-element elementor-element-4503ae5 elementor-mobile-align-justify elementor-widget elementor-widget-button\" data-id=\"4503ae5\" data-element_type=\"widget\" data-e-type=\"widget\" data-widget_type=\"button.default\">\n\t\t\t\t\t\t\t\t\t\t<a class=\"elementor-button elementor-button-link elementor-size-sm\" href=\"https:\/\/saabcarmuseum.se\/en\/media\/\">\n\t\t\t\t\t\t<span class=\"elementor-button-content-wrapper\">\n\t\t\t\t\t\t<span class=\"elementor-button-icon\">\n\t\t\t\t<i aria-hidden=\"true\" class=\"fas fa-arrow-left\"><\/i>\t\t\t<\/span>\n\t\t\t\t\t\t\t\t\t<span class=\"elementor-button-text\">Back to Media<\/span>\n\t\t\t\t\t<\/span>\n\t\t\t\t\t<\/a>\n\t\t\t\t\t\t\t\t<\/div>\n\t\t\t\t\t<\/div>\n\t\t\t\t<\/div>\n\t\t\t\t<\/div>","protected":false},"excerpt":{"rendered":"<p>MEDIA Saab Sonett F\u00f6r att ladda ned bilderna i h\u00f6gsta m\u00f6jliga kvalitet kan du klicka p\u00e5 knappen nedan som leder till en Google Drive-mapp. Saab Sonett Saab Sonett Saab Sonett Saab Sonett Saab Sonett Saab Sonett Saab Sonett Saab Sonett Saab Sonett Saab Sonett Saab Sonett Saab Sonett Google Drive Tillbaka till Media<\/p>","protected":false},"author":1,"featured_media":0,"parent":777,"menu_order":0,"comment_status":"closed","ping_status":"closed","template":"","meta":{"footnotes":""},"class_list":["post-1663","page","type-page","status-publish","hentry"],"_links":{"self":[{"href":"https:\/\/saabcarmuseum.se\/en\/wp-json\/wp\/v2\/pages\/1663","targetHints":{"allow":["GET"]}}],"collection":[{"href":"https:\/\/saabcarmuseum.se\/en\/wp-json\/wp\/v2\/pages"}],"about":[{"href":"https:\/\/saabcarmuseum.se\/en\/wp-json\/wp\/v2\/types\/page"}],"author":[{"embeddable":true,"href":"https:\/\/saabcarmuseum.se\/en\/wp-json\/wp\/v2\/users\/1"}],"replies":[{"embeddable":true,"href":"https:\/\/saabcarmuseum.se\/en\/wp-json\/wp\/v2\/comments?post=1663"}],"version-history":[{"count":3,"href":"https:\/\/saabcarmuseum.se\/en\/wp-json\/wp\/v2\/pages\/1663\/revisions"}],"predecessor-version":[{"id":2134,"href":"https:\/\/saabcarmuseum.se\/en\/wp-json\/wp\/v2\/pages\/1663\/revisions\/2134"}],"up":[{"embeddable":true,"href":"https:\/\/saabcarmuseum.se\/en\/wp-json\/wp\/v2\/pages\/777"}],"wp:attachment":[{"href":"https:\/\/saabcarmuseum.se\/en\/wp-json\/wp\/v2\/media?parent=1663"}],"curies":[{"name":"wp","href":"https:\/\/api.w.org\/{rel}","templated":true}]}}