{"id":342,"date":"2024-03-16T20:10:45","date_gmt":"2024-03-16T19:10:45","guid":{"rendered":"http:\/\/saab-car-museum.local\/?page_id=342"},"modified":"2024-04-10T11:41:48","modified_gmt":"2024-04-10T10:41:48","slug":"om-saab-car-museum","status":"publish","type":"page","link":"http:\/\/saabcarmuseum.se\/en\/om-saab-car-museum\/","title":{"rendered":"About the museum"},"content":{"rendered":"<div data-elementor-type=\"wp-page\" data-elementor-id=\"342\" class=\"elementor elementor-342\" data-elementor-post-type=\"page\">\n\t\t\t\t<div class=\"elementor-element elementor-element-c5b22c5 e-flex e-con-boxed e-con e-parent\" data-id=\"c5b22c5\" data-element_type=\"container\" data-e-type=\"container\" data-settings=\"{&quot;background_background&quot;:&quot;classic&quot;}\">\n\t\t\t\t\t<div class=\"e-con-inner\">\n\t\t\t\t<div class=\"elementor-element elementor-element-ea4e80e elementor-widget elementor-widget-heading\" data-id=\"ea4e80e\" data-element_type=\"widget\" data-e-type=\"widget\" data-widget_type=\"heading.default\">\n\t\t\t\t\t<h1 class=\"elementor-heading-title elementor-size-default\">About Saab Automobile<\/h1>\t\t\t\t<\/div>\n\t\t\t\t<div class=\"elementor-element elementor-element-c61d9cc elementor-widget elementor-widget-heading\" data-id=\"c61d9cc\" data-element_type=\"widget\" data-e-type=\"widget\" data-widget_type=\"heading.default\">\n\t\t\t\t\t<h2 class=\"elementor-heading-title elementor-size-default\">and Saab Car Museum<\/h2>\t\t\t\t<\/div>\n\t\t\t\t\t<\/div>\n\t\t\t\t<\/div>\n\t\t<div class=\"elementor-element elementor-element-428ab7b e-flex e-con-boxed e-con e-parent\" data-id=\"428ab7b\" data-element_type=\"container\" data-e-type=\"container\" data-settings=\"{&quot;background_background&quot;:&quot;classic&quot;}\">\n\t\t\t\t\t<div class=\"e-con-inner\">\n\t\t\t\t<div class=\"elementor-element elementor-element-5ba7b4f elementor-widget elementor-widget-text-editor\" data-id=\"5ba7b4f\" data-element_type=\"widget\" data-e-type=\"widget\" data-widget_type=\"text-editor.default\">\n\t\t\t\t\t\t\t\t\t<p>On June 10th 1947 the aircraft manufacturer Saab \u2013 Swedish Aeroplanes aktiebolaget \u2013 presented its first car, the Saab 92. Series production began in Trollh\u00e4ttan 1949. Until the end of 2011 Saab Automobile produced cars that were happily driven all over the world. At Saab Car Museum you can experience the complete story, from the first prototype to the last car ever built.<\/p>\t\t\t\t\t\t\t\t<\/div>\n\t\t\t\t<div class=\"elementor-element elementor-element-84d7644 elementor-widget elementor-widget-heading\" data-id=\"84d7644\" data-element_type=\"widget\" data-e-type=\"widget\" data-widget_type=\"heading.default\">\n\t\t\t\t\t<h2 class=\"elementor-heading-title elementor-size-default\">The Saab Car Museum today<\/h2>\t\t\t\t<\/div>\n\t\t\t\t<div class=\"elementor-element elementor-element-d5fa7a6 elementor-widget elementor-widget-text-editor\" data-id=\"d5fa7a6\" data-element_type=\"widget\" data-e-type=\"widget\" data-widget_type=\"text-editor.default\">\n\t\t\t\t\t\t\t\t\t<p>Until December 2011 the museum was owned by Saab Automobile AB. Because of the bankruptcy in 2011 the museum and its collections entered a time of uncertainty. After intense effort and the completion of the bidding process, the following constellation placed the winning bid: the City of Trollh\u00e4ttan, Saabgroup and the Marcus and Amalia Wallenberg memorial foundation. Today, the museum is owned by the City of Trollh\u00e4ttan and Saabgroup, and is run by Innovatum Science Center AB.<\/p>\t\t\t\t\t\t\t\t<\/div>\n\t\t\t\t\t<\/div>\n\t\t\t\t<\/div>\n\t\t<div class=\"elementor-element elementor-element-275b794 e-flex e-con-boxed e-con e-parent\" data-id=\"275b794\" data-element_type=\"container\" data-e-type=\"container\">\n\t\t\t\t\t<div class=\"e-con-inner\">\n\t\t\t\t<div class=\"elementor-element elementor-element-ff62de3 elementor-widget elementor-widget-heading\" data-id=\"ff62de3\" data-element_type=\"widget\" data-e-type=\"widget\" data-widget_type=\"heading.default\">\n\t\t\t\t\t<h2 class=\"elementor-heading-title elementor-size-default\">Frequently asked questions<\/h2>\t\t\t\t<\/div>\n\t\t\t\t<div class=\"elementor-element elementor-element-7d10a67 elementor-widget elementor-widget-spacer\" data-id=\"7d10a67\" data-element_type=\"widget\" data-e-type=\"widget\" data-widget_type=\"spacer.default\">\n\t\t\t\t\t\t\t<div class=\"elementor-spacer\">\n\t\t\t<div class=\"elementor-spacer-inner\"><\/div>\n\t\t<\/div>\n\t\t\t\t\t\t<\/div>\n\t\t\t\t<div class=\"elementor-element elementor-element-643d66d elementor-widget elementor-widget-heading\" data-id=\"643d66d\" data-element_type=\"widget\" data-e-type=\"widget\" data-widget_type=\"heading.default\">\n\t\t\t\t\t<h3 class=\"elementor-heading-title elementor-size-default\">Parking<\/h3>\t\t\t\t<\/div>\n\t\t\t\t<div class=\"elementor-element elementor-element-93b76c8 elementor-widget elementor-widget-text-editor\" data-id=\"93b76c8\" data-element_type=\"widget\" data-e-type=\"widget\" data-widget_type=\"text-editor.default\">\n\t\t\t\t\t\t\t\t\t<p>Weekdays: Free parking for 2 hours in the area around the museum. There are also completely free spaces.<\/p>\t\t\t\t\t\t\t\t<\/div>\n\t\t\t\t<div class=\"elementor-element elementor-element-8b238d3 elementor-widget elementor-widget-button\" data-id=\"8b238d3\" data-element_type=\"widget\" data-e-type=\"widget\" data-widget_type=\"button.default\">\n\t\t\t\t\t\t\t\t\t\t<a class=\"elementor-button elementor-button-link elementor-size-sm\" href=\"https:\/\/saabcarmuseum.se\/wp-content\/uploads\/2024\/04\/parkeringskarta.png\" target=\"_blank\">\n\t\t\t\t\t\t<span class=\"elementor-button-content-wrapper\">\n\t\t\t\t\t\t<span class=\"elementor-button-icon\">\n\t\t\t\t<i aria-hidden=\"true\" class=\"fas fa-map-marked-alt\"><\/i>\t\t\t<\/span>\n\t\t\t\t\t\t\t\t\t<span class=\"elementor-button-text\">Parking map<\/span>\n\t\t\t\t\t<\/span>\n\t\t\t\t\t<\/a>\n\t\t\t\t\t\t\t\t<\/div>\n\t\t\t\t<div class=\"elementor-element elementor-element-827e713 elementor-widget elementor-widget-text-editor\" data-id=\"827e713\" data-element_type=\"widget\" data-e-type=\"widget\" data-widget_type=\"text-editor.default\">\n\t\t\t\t\t\t\t\t\t<p>Weekends: Free parking for 24 hours.<\/p><p>Parking is registered and payed in the EasyPark app. Area code: 71364<\/p><p><a href=\"https:\/\/apps.apple.com\/se\/app\/easypark-parkera-enkelt\/id449594317\" target=\"_blank\" rel=\"noopener\"><strong>Download EasyPark here<\/strong><\/a><\/p><p>Parking spaces with charging are availble around the museum.<\/p>\t\t\t\t\t\t\t\t<\/div>\n\t\t\t\t<div class=\"elementor-element elementor-element-72ba7c7 elementor-widget-divider--view-line elementor-widget elementor-widget-divider\" data-id=\"72ba7c7\" data-element_type=\"widget\" data-e-type=\"widget\" data-widget_type=\"divider.default\">\n\t\t\t\t\t\t\t<div class=\"elementor-divider\">\n\t\t\t<span class=\"elementor-divider-separator\">\n\t\t\t\t\t\t<\/span>\n\t\t<\/div>\n\t\t\t\t\t\t<\/div>\n\t\t\t\t<div class=\"elementor-element elementor-element-32dc758 elementor-widget elementor-widget-heading\" data-id=\"32dc758\" data-element_type=\"widget\" data-e-type=\"widget\" data-widget_type=\"heading.default\">\n\t\t\t\t\t<h3 class=\"elementor-heading-title elementor-size-default\">Accessibility<\/h3>\t\t\t\t<\/div>\n\t\t\t\t<div class=\"elementor-element elementor-element-0a9ba24 elementor-widget elementor-widget-text-editor\" data-id=\"0a9ba24\" data-element_type=\"widget\" data-e-type=\"widget\" data-widget_type=\"text-editor.default\">\n\t\t\t\t\t\t\t\t\t<p><a href=\"https:\/\/www.t-d.se\/sv\/TD3\/Avtal\/Turistradet-Vastsverige\/SAAB-Car-Museum\/\" target=\"_blank\" rel=\"noopener\">Saab Car Museum in the accessibility database<\/a><\/p>\t\t\t\t\t\t\t\t<\/div>\n\t\t\t\t<div class=\"elementor-element elementor-element-c647bc5 elementor-widget-divider--view-line elementor-widget elementor-widget-divider\" data-id=\"c647bc5\" data-element_type=\"widget\" data-e-type=\"widget\" data-widget_type=\"divider.default\">\n\t\t\t\t\t\t\t<div class=\"elementor-divider\">\n\t\t\t<span class=\"elementor-divider-separator\">\n\t\t\t\t\t\t<\/span>\n\t\t<\/div>\n\t\t\t\t\t\t<\/div>\n\t\t\t\t<div class=\"elementor-element elementor-element-5b4605e elementor-widget elementor-widget-heading\" data-id=\"5b4605e\" data-element_type=\"widget\" data-e-type=\"widget\" data-widget_type=\"heading.default\">\n\t\t\t\t\t<h3 class=\"elementor-heading-title elementor-size-default\">Pre-sale<\/h3>\t\t\t\t<\/div>\n\t\t\t\t<div class=\"elementor-element elementor-element-0326e99 elementor-widget elementor-widget-text-editor\" data-id=\"0326e99\" data-element_type=\"widget\" data-e-type=\"widget\" data-widget_type=\"text-editor.default\">\n\t\t\t\t\t\t\t\t\t<p>You do not have to book a ticket in advance for your visit. You pay the admission fee at the entrance to the museum when you arrive.<\/p><p>We do not accept cash, pay with card or the swish app.<\/p>\t\t\t\t\t\t\t\t<\/div>\n\t\t\t\t<div class=\"elementor-element elementor-element-4db693a elementor-widget-divider--view-line elementor-widget elementor-widget-divider\" data-id=\"4db693a\" data-element_type=\"widget\" data-e-type=\"widget\" data-widget_type=\"divider.default\">\n\t\t\t\t\t\t\t<div class=\"elementor-divider\">\n\t\t\t<span class=\"elementor-divider-separator\">\n\t\t\t\t\t\t<\/span>\n\t\t<\/div>\n\t\t\t\t\t\t<\/div>\n\t\t\t\t<div class=\"elementor-element elementor-element-da89241 elementor-widget elementor-widget-heading\" data-id=\"da89241\" data-element_type=\"widget\" data-e-type=\"widget\" data-widget_type=\"heading.default\">\n\t\t\t\t\t<h3 class=\"elementor-heading-title elementor-size-default\">Pets<\/h3>\t\t\t\t<\/div>\n\t\t\t\t<div class=\"elementor-element elementor-element-e375b96 elementor-widget elementor-widget-text-editor\" data-id=\"e375b96\" data-element_type=\"widget\" data-e-type=\"widget\" data-widget_type=\"text-editor.default\">\n\t\t\t\t\t\t\t\t\t<p>Dogs and other pets are not allowed in the museum (with the exception of guide dogs).<\/p>\t\t\t\t\t\t\t\t<\/div>\n\t\t\t\t<div class=\"elementor-element elementor-element-7edc9bb elementor-widget-divider--view-line elementor-widget elementor-widget-divider\" data-id=\"7edc9bb\" data-element_type=\"widget\" data-e-type=\"widget\" data-widget_type=\"divider.default\">\n\t\t\t\t\t\t\t<div class=\"elementor-divider\">\n\t\t\t<span class=\"elementor-divider-separator\">\n\t\t\t\t\t\t<\/span>\n\t\t<\/div>\n\t\t\t\t\t\t<\/div>\n\t\t\t\t<div class=\"elementor-element elementor-element-c006af4 elementor-widget elementor-widget-heading\" data-id=\"c006af4\" data-element_type=\"widget\" data-e-type=\"widget\" data-widget_type=\"heading.default\">\n\t\t\t\t\t<h3 class=\"elementor-heading-title elementor-size-default\">Photography<\/h3>\t\t\t\t<\/div>\n\t\t\t\t<div class=\"elementor-element elementor-element-288c1b4 elementor-widget elementor-widget-text-editor\" data-id=\"288c1b4\" data-element_type=\"widget\" data-e-type=\"widget\" data-widget_type=\"text-editor.default\">\n\t\t\t\t\t\t\t\t\t<p>You are welcome to take pictures of the cars, but keep in mind that not all visitors want to be on camera.<\/p>\t\t\t\t\t\t\t\t<\/div>\n\t\t\t\t<div class=\"elementor-element elementor-element-59e8ff2 elementor-widget-divider--view-line elementor-widget elementor-widget-divider\" data-id=\"59e8ff2\" data-element_type=\"widget\" data-e-type=\"widget\" data-widget_type=\"divider.default\">\n\t\t\t\t\t\t\t<div class=\"elementor-divider\">\n\t\t\t<span class=\"elementor-divider-separator\">\n\t\t\t\t\t\t<\/span>\n\t\t<\/div>\n\t\t\t\t\t\t<\/div>\n\t\t\t\t<div class=\"elementor-element elementor-element-9a4bfa9 elementor-widget elementor-widget-heading\" data-id=\"9a4bfa9\" data-element_type=\"widget\" data-e-type=\"widget\" data-widget_type=\"heading.default\">\n\t\t\t\t\t<h3 class=\"elementor-heading-title elementor-size-default\">The cars<\/h3>\t\t\t\t<\/div>\n\t\t\t\t<div class=\"elementor-element elementor-element-2c8545d elementor-widget elementor-widget-text-editor\" data-id=\"2c8545d\" data-element_type=\"widget\" data-e-type=\"widget\" data-widget_type=\"text-editor.default\">\n\t\t\t\t\t\t\t\t\t<p>It is not allowed to sit in the exhibited cars. On all cars in the museum the \u201csee but don\u2019t touch\u201d policy applies.<\/p><p>This is so that we can keep the cars in their best condition possible and preserve the Saab heritage for the future.<\/p>\t\t\t\t\t\t\t\t<\/div>\n\t\t\t\t\t<\/div>\n\t\t\t\t<\/div>\n\t\t<div class=\"elementor-element elementor-element-ecf5502 e-flex e-con-boxed e-con e-parent\" data-id=\"ecf5502\" data-element_type=\"container\" data-e-type=\"container\" data-settings=\"{&quot;background_background&quot;:&quot;classic&quot;}\">\n\t\t\t\t\t<div class=\"e-con-inner\">\n\t\t\t\t<div class=\"elementor-element elementor-element-6089832 elementor-widget elementor-widget-heading\" data-id=\"6089832\" data-element_type=\"widget\" data-e-type=\"widget\" data-widget_type=\"heading.default\">\n\t\t\t\t\t<h2 class=\"elementor-heading-title elementor-size-default\">Good to know<\/h2>\t\t\t\t<\/div>\n\t\t\t\t<div class=\"elementor-element elementor-element-bd15ea0 elementor-widget elementor-widget-text-editor\" data-id=\"bd15ea0\" data-element_type=\"widget\" data-e-type=\"widget\" data-widget_type=\"text-editor.default\">\n\t\t\t\t\t\t\t\t\t<p>Saab Car Museum is cash free. You can pay with card or the swish app.<\/p><p>Attendants with a guest in need of accompanying gets free entrance when showing and accompanying certificate.<\/p><p>Free entrance for members of the Saab Car Museum Support Organisation.<\/p><p>Dogs are not allowed, with the exception of guide dogs.<\/p>\t\t\t\t\t\t\t\t<\/div>\n\t\t\t\t\t<\/div>\n\t\t\t\t<\/div>\n\t\t<div class=\"elementor-element elementor-element-6a2dc72 e-flex e-con-boxed e-con e-parent\" data-id=\"6a2dc72\" data-element_type=\"container\" data-e-type=\"container\">\n\t\t\t\t\t<div class=\"e-con-inner\">\n\t\t\t\t<div class=\"elementor-element elementor-element-39e4575 elementor-widget elementor-widget-heading\" data-id=\"39e4575\" data-element_type=\"widget\" data-e-type=\"widget\" data-widget_type=\"heading.default\">\n\t\t\t\t\t<h3 class=\"elementor-heading-title elementor-size-default\">Saab Car Museum \u00e4r en del av<\/h3>\t\t\t\t<\/div>\n\t\t\t\t<div class=\"elementor-element elementor-element-25532f4 elementor-widget__width-initial elementor-widget elementor-widget-image\" data-id=\"25532f4\" data-element_type=\"widget\" data-e-type=\"widget\" data-widget_type=\"image.default\">\n\t\t\t\t\t\t\t\t\t\t\t\t\t\t\t<img fetchpriority=\"high\" decoding=\"async\" width=\"583\" height=\"194\" src=\"https:\/\/saabcarmuseum.se\/wp-content\/uploads\/2024\/03\/hallbarhetsklivet-logo.svg\" class=\"attachment-full size-full wp-image-297\" alt=\"\" \/>\t\t\t\t\t\t\t\t\t\t\t\t\t\t\t<\/div>\n\t\t\t\t\t<\/div>\n\t\t\t\t<\/div>\n\t\t<div class=\"elementor-element elementor-element-6ba5547 e-flex e-con-boxed e-con e-parent\" data-id=\"6ba5547\" data-element_type=\"container\" data-e-type=\"container\">\n\t\t\t\t\t<div class=\"e-con-inner\">\n\t\t<div class=\"elementor-element elementor-element-a87389c e-con-full e-flex e-con e-child\" data-id=\"a87389c\" data-element_type=\"container\" data-e-type=\"container\">\n\t\t\t\t<div class=\"elementor-element elementor-element-a85e7a4 elementor-widget elementor-widget-text-editor\" data-id=\"a85e7a4\" data-element_type=\"widget\" data-e-type=\"widget\" data-widget_type=\"text-editor.default\">\n\t\t\t\t\t\t\t\t\tH\u00e5llbarhet f\u00f6r Saab Car Museum handlar om att agera ansvarsfullt och l\u00e5ngsiktigt. Museet \u00e4r en samlingsplats f\u00f6r fordonsentusiaster v\u00e4rlden \u00f6ver och social h\u00e5llbarhet \u00e4r en k\u00e4rna i alla dessa kontakter, i synnerhet i relation till de m\u00e5nga ideella akt\u00f6rer museet samverkar med. Museet visar bilar och f\u00f6retaget fr\u00e5n svunna tider men \u00e4r ocks\u00e5 en m\u00f6tesplats f\u00f6r akt\u00f6rer som arbetar med omst\u00e4llningen av fordonsindustrin i V\u00e4stra G\u00f6taland, vilket \u00e4r en del av arvet efter Saab.\t\t\t\t\t\t\t\t<\/div>\n\t\t\t\t<\/div>\n\t\t<div class=\"elementor-element elementor-element-7992683 e-con-full e-flex e-con e-child\" data-id=\"7992683\" data-element_type=\"container\" data-e-type=\"container\">\n\t\t\t\t<div class=\"elementor-element elementor-element-1e137e7 elementor-widget elementor-widget-text-editor\" data-id=\"1e137e7\" data-element_type=\"widget\" data-e-type=\"widget\" data-widget_type=\"text-editor.default\">\n\t\t\t\t\t\t\t\t\t<p><strong>De viktigaste h\u00e5llbarhetsfr\u00e5gorna, som \u00e4r v\u00e4gledande f\u00f6r prioriteringar och m\u00e5ls\u00e4ttningar \u00e4r:<\/strong><\/p><ul><li>Stolthet, arbetsgl\u00e4dje, service och j\u00e4mlikt bem\u00f6tande.<\/li><li>Resurs- och klimateffektivitet n\u00e4r vi bedriver och utvecklar verksamheten.<\/li><li>St\u00e4rka social h\u00e5llbarhet, speciellt i samverkan med ideella akt\u00f6rer.<\/li><li>Uppr\u00e4tth\u00e5llande av Saabrelaterad kunskap f\u00f6r framtiden.<\/li><\/ul>\t\t\t\t\t\t\t\t<\/div>\n\t\t\t\t<\/div>\n\t\t\t\t\t<\/div>\n\t\t\t\t<\/div>\n\t\t<div class=\"elementor-element elementor-element-3b66150 e-flex e-con-boxed e-con e-parent\" data-id=\"3b66150\" data-element_type=\"container\" data-e-type=\"container\">\n\t\t\t\t\t<div class=\"e-con-inner\">\n\t\t\t\t<div class=\"elementor-element elementor-element-57c1f65 elementor-widget elementor-widget-text-editor\" data-id=\"57c1f65\" data-element_type=\"widget\" data-e-type=\"widget\" data-widget_type=\"text-editor.default\">\n\t\t\t\t\t\t\t\t\t<p>L\u00e4s mer p\u00e5 <strong><a href=\"https:\/\/hallbarhetsklivet.se\" target=\"_blank\" rel=\"noopener\">h\u00e5llbarhetsklivet.se<\/a><\/strong><\/p>\t\t\t\t\t\t\t\t<\/div>\n\t\t\t\t\t<\/div>\n\t\t\t\t<\/div>\n\t\t\t\t<\/div>","protected":false},"excerpt":{"rendered":"<p>Om Saab Automobile och Saab Car Museum Den 10 juni 1947 presenterade flygplanstillverkaren Saab \u2013 Svenska Aeroplan aktiebolaget \u2013 sin f\u00f6rsta bil, Saab 92. 1949 startade serieproduktionen i Trollh\u00e4ttan. Fram till och med 2011 producerade Saab Automobile bilar som k\u00f6rdes med gl\u00e4dje v\u00e4rlden \u00f6ver. P\u00e5 Saab Car Museum upplever du hela historien, fr\u00e5n de f\u00f6rsta [&hellip;]<\/p>\n","protected":false},"author":1,"featured_media":0,"parent":0,"menu_order":0,"comment_status":"closed","ping_status":"closed","template":"","meta":{"footnotes":""},"class_list":["post-342","page","type-page","status-publish","hentry"],"_links":{"self":[{"href":"http:\/\/saabcarmuseum.se\/en\/wp-json\/wp\/v2\/pages\/342","targetHints":{"allow":["GET"]}}],"collection":[{"href":"http:\/\/saabcarmuseum.se\/en\/wp-json\/wp\/v2\/pages"}],"about":[{"href":"http:\/\/saabcarmuseum.se\/en\/wp-json\/wp\/v2\/types\/page"}],"author":[{"embeddable":true,"href":"http:\/\/saabcarmuseum.se\/en\/wp-json\/wp\/v2\/users\/1"}],"replies":[{"embeddable":true,"href":"http:\/\/saabcarmuseum.se\/en\/wp-json\/wp\/v2\/comments?post=342"}],"version-history":[{"count":3,"href":"http:\/\/saabcarmuseum.se\/en\/wp-json\/wp\/v2\/pages\/342\/revisions"}],"predecessor-version":[{"id":2329,"href":"http:\/\/saabcarmuseum.se\/en\/wp-json\/wp\/v2\/pages\/342\/revisions\/2329"}],"wp:attachment":[{"href":"http:\/\/saabcarmuseum.se\/en\/wp-json\/wp\/v2\/media?parent=342"}],"curies":[{"name":"wp","href":"https:\/\/api.w.org\/{rel}","templated":true}]}}