{"id":290,"date":"2024-03-16T19:20:45","date_gmt":"2024-03-16T18:20:45","guid":{"rendered":"http:\/\/saab-car-museum.local\/?page_id=290"},"modified":"2024-04-10T11:53:25","modified_gmt":"2024-04-10T10:53:25","slug":"lankar","status":"publish","type":"page","link":"http:\/\/saabcarmuseum.se\/en\/lankar\/","title":{"rendered":"Links"},"content":{"rendered":"<div data-elementor-type=\"wp-page\" data-elementor-id=\"290\" class=\"elementor elementor-290\" data-elementor-post-type=\"page\">\n\t\t\t\t<div class=\"elementor-element elementor-element-5b52af9 e-flex e-con-boxed e-con e-parent\" data-id=\"5b52af9\" data-element_type=\"container\" data-e-type=\"container\" data-settings=\"{&quot;background_background&quot;:&quot;classic&quot;}\">\n\t\t\t\t\t<div class=\"e-con-inner\">\n\t\t\t\t<div class=\"elementor-element elementor-element-2374eeb elementor-widget elementor-widget-heading\" data-id=\"2374eeb\" data-element_type=\"widget\" data-e-type=\"widget\" data-widget_type=\"heading.default\">\n\t\t\t\t\t<h1 class=\"elementor-heading-title elementor-size-default\">Links<\/h1>\t\t\t\t<\/div>\n\t\t\t\t<div class=\"elementor-element elementor-element-38f8d64 elementor-widget elementor-widget-text-editor\" data-id=\"38f8d64\" data-element_type=\"widget\" data-e-type=\"widget\" data-widget_type=\"text-editor.default\">\n\t\t\t\t\t\t\t\t\t<p>Here you will find links to companies and organizations affiliated with the Saab Car Museum.<\/p>\t\t\t\t\t\t\t\t<\/div>\n\t\t\t\t\t<\/div>\n\t\t\t\t<\/div>\n\t\t<div class=\"elementor-element elementor-element-4108419 e-grid e-con-boxed e-con e-parent\" data-id=\"4108419\" data-element_type=\"container\" data-e-type=\"container\">\n\t\t\t\t\t<div class=\"e-con-inner\">\n\t\t\t\t<div class=\"elementor-element elementor-element-758bf52 elementor-position-top elementor-widget elementor-widget-image-box\" data-id=\"758bf52\" data-element_type=\"widget\" data-e-type=\"widget\" data-widget_type=\"image-box.default\">\n\t\t\t\t\t<div class=\"elementor-image-box-wrapper\"><figure class=\"elementor-image-box-img\"><a href=\"https:\/\/supportsaabcarmuseum.se\/\" target=\"_blank\" tabindex=\"-1\"><img decoding=\"async\" width=\"283\" height=\"163\" src=\"https:\/\/saabcarmuseum.se\/wp-content\/uploads\/2024\/03\/SCMSO.svg\" class=\"attachment-full size-full wp-image-295\" alt=\"\" \/><\/a><\/figure><div class=\"elementor-image-box-content\"><h5 class=\"elementor-image-box-title\"><a href=\"https:\/\/supportsaabcarmuseum.se\/\" target=\"_blank\"> The Saab Car Museum Support Organization<\/a><\/h5><p class=\"elementor-image-box-description\">The support association was founded at the end of October 2012 and is a non-profit organization whose purpose is to promote the activities of the museum.<\/p><\/div><\/div>\t\t\t\t<\/div>\n\t\t\t\t<div class=\"elementor-element elementor-element-0470ff3 elementor-position-top elementor-widget elementor-widget-image-box\" data-id=\"0470ff3\" data-element_type=\"widget\" data-e-type=\"widget\" data-widget_type=\"image-box.default\">\n\t\t\t\t\t<div class=\"elementor-image-box-wrapper\"><figure class=\"elementor-image-box-img\"><a href=\"https:\/\/wiki.saabveteranernatrollhattan.com\/\" target=\"_blank\" tabindex=\"-1\" rel=\"noopener\"><img fetchpriority=\"high\" decoding=\"async\" width=\"473\" height=\"208\" src=\"https:\/\/saabcarmuseum.se\/wp-content\/uploads\/2024\/03\/SVT.svg\" class=\"attachment-full size-full wp-image-296\" alt=\"\" \/><\/a><\/figure><div class=\"elementor-image-box-content\"><h5 class=\"elementor-image-box-title\"><a href=\"https:\/\/wiki.saabveteranernatrollhattan.com\/\" target=\"_blank\" rel=\"noopener\">Saabveteranerna Trollh\u00e4ttan<\/a><\/h5><p class=\"elementor-image-box-description\">The association is open to all former employees of Saab Automobile AB together with spouse\/partner, as well as employees of Saab Powertrain and Saab Parts AB, regardless of the number of years worked at any of these companies.<\/p><\/div><\/div>\t\t\t\t<\/div>\n\t\t\t\t<div class=\"elementor-element elementor-element-296f3c1 elementor-position-top elementor-widget elementor-widget-image-box\" data-id=\"296f3c1\" data-element_type=\"widget\" data-e-type=\"widget\" data-widget_type=\"image-box.default\">\n\t\t\t\t\t<div class=\"elementor-image-box-wrapper\"><figure class=\"elementor-image-box-img\"><a href=\"https:\/\/www.vastsverige.com\/visittrollhattanvanersborg\/\" target=\"_blank\" tabindex=\"-1\" rel=\"noopener\"><img decoding=\"async\" width=\"496\" height=\"234\" src=\"https:\/\/saabcarmuseum.se\/wp-content\/uploads\/2024\/03\/visit.svg\" class=\"attachment-full size-full wp-image-308\" alt=\"\" \/><\/a><\/figure><div class=\"elementor-image-box-content\"><h5 class=\"elementor-image-box-title\"><a href=\"https:\/\/www.vastsverige.com\/visittrollhattanvanersborg\/\" target=\"_blank\" rel=\"noopener\">Visit Trollh\u00e4ttan V\u00e4nersborg<\/a><\/h5><p class=\"elementor-image-box-description\">V\u00e4lkommen till Trollh\u00e4ttan-V\u00e4nersborg. N\u00e4rheten till det unika Fall-och slussomr\u00e5det, Sveriges st\u00f6rsta sj\u00f6 V\u00e4nern och Ekopark Halle-Hunneberg g\u00f6r v\u00e5r destination v\u00e4l v\u00e4rt ett bes\u00f6k.<\/p><\/div><\/div>\t\t\t\t<\/div>\n\t\t\t\t<div class=\"elementor-element elementor-element-7079ad8 elementor-position-top elementor-widget elementor-widget-image-box\" data-id=\"7079ad8\" data-element_type=\"widget\" data-e-type=\"widget\" data-widget_type=\"image-box.default\">\n\t\t\t\t\t<div class=\"elementor-image-box-wrapper\"><figure class=\"elementor-image-box-img\"><a href=\"https:\/\/www.novamatochmoten.se\/\" target=\"_blank\" tabindex=\"-1\" rel=\"noopener\"><img loading=\"lazy\" decoding=\"async\" width=\"474\" height=\"201\" src=\"https:\/\/saabcarmuseum.se\/wp-content\/uploads\/2024\/03\/nova.svg\" class=\"attachment-full size-full wp-image-312\" alt=\"\" \/><\/a><\/figure><div class=\"elementor-image-box-content\"><h5 class=\"elementor-image-box-title\"><a href=\"https:\/\/www.novamatochmoten.se\/\" target=\"_blank\" rel=\"noopener\">Nova Mat och M\u00f6ten<\/a><\/h5><p class=\"elementor-image-box-description\">The Nova restaurant is located next to us at the museum and offers, among other things, today's lunch.<\/p><\/div><\/div>\t\t\t\t<\/div>\n\t\t\t\t<div class=\"elementor-element elementor-element-2dd47c0 elementor-position-top elementor-widget elementor-widget-image-box\" data-id=\"2dd47c0\" data-element_type=\"widget\" data-e-type=\"widget\" data-widget_type=\"image-box.default\">\n\t\t\t\t\t<div class=\"elementor-image-box-wrapper\"><figure class=\"elementor-image-box-img\"><a href=\"https:\/\/hallbarhetsklivet.se\/aktorer\/saab-car-museum\/\" target=\"_blank\" tabindex=\"-1\" rel=\"noopener\"><img loading=\"lazy\" decoding=\"async\" width=\"583\" height=\"194\" src=\"https:\/\/saabcarmuseum.se\/wp-content\/uploads\/2024\/03\/hallbarhetsklivet-logo.svg\" class=\"attachment-full size-full wp-image-297\" alt=\"\" \/><\/a><\/figure><div class=\"elementor-image-box-content\"><h5 class=\"elementor-image-box-title\"><a href=\"https:\/\/hallbarhetsklivet.se\/aktorer\/saab-car-museum\/\" target=\"_blank\" rel=\"noopener\">H\u00e5llbarhetsklivet<\/a><\/h5><p class=\"elementor-image-box-description\">The Saab Car Museum is part of \"H\u00e5llbarhetsklivet\". Sustainability for the Saab Car Museum means acting responsibly and with a long-term perspective. Read more at h\u00e5llbarhetsklivet.se.<\/p><\/div><\/div>\t\t\t\t<\/div>\n\t\t\t\t<div class=\"elementor-element elementor-element-fd765eb elementor-position-top elementor-widget elementor-widget-image-box\" data-id=\"fd765eb\" data-element_type=\"widget\" data-e-type=\"widget\" data-widget_type=\"image-box.default\">\n\t\t\t\t\t<div class=\"elementor-image-box-wrapper\"><figure class=\"elementor-image-box-img\"><a href=\"https:\/\/portal.hedinparts.com\" target=\"_blank\" tabindex=\"-1\" rel=\"noopener\"><img loading=\"lazy\" decoding=\"async\" width=\"792\" height=\"88\" src=\"https:\/\/saabcarmuseum.se\/wp-content\/uploads\/2024\/03\/hedin-parts-black.svg\" class=\"attachment-full size-full wp-image-1033\" alt=\"\" \/><\/a><\/figure><div class=\"elementor-image-box-content\"><h5 class=\"elementor-image-box-title\"><a href=\"https:\/\/portal.hedinparts.com\" target=\"_blank\" rel=\"noopener\">Hedin Parts<\/a><\/h5><p class=\"elementor-image-box-description\">Hedin Parts is a global spare parts and logistics company. Our roots in the automotive industry, aftermarket, and spare parts date back to 1947, and we have been responsible for Saab Automobile's spare parts in-house since 2010.<\/p><\/div><\/div>\t\t\t\t<\/div>\n\t\t\t\t<div class=\"elementor-element elementor-element-d26c53d elementor-position-top elementor-widget elementor-widget-image-box\" data-id=\"d26c53d\" data-element_type=\"widget\" data-e-type=\"widget\" data-widget_type=\"image-box.default\">\n\t\t\t\t\t<div class=\"elementor-image-box-wrapper\"><figure class=\"elementor-image-box-img\"><a href=\"https:\/\/www.saab.com\/\" target=\"_blank\" tabindex=\"-1\" rel=\"noopener\"><img loading=\"lazy\" decoding=\"async\" width=\"600\" height=\"191\" src=\"https:\/\/saabcarmuseum.se\/wp-content\/uploads\/2024\/03\/footer-logo-03.png\" class=\"attachment-full size-full wp-image-145\" alt=\"\" \/><\/a><\/figure><div class=\"elementor-image-box-content\"><h5 class=\"elementor-image-box-title\"><a href=\"https:\/\/www.saab.com\/\" target=\"_blank\" rel=\"noopener\">Saab AB<\/a><\/h5><p class=\"elementor-image-box-description\">Saab AB is currently a part-owner of the Saab Car Museum and owns all brand rights.<\/p><\/div><\/div>\t\t\t\t<\/div>\n\t\t\t\t\t<\/div>\n\t\t\t\t<\/div>\n\t\t\t\t<\/div>","protected":false},"excerpt":{"rendered":"<p>L\u00e4nkar H\u00e4r hittar du l\u00e4nkar till f\u00f6retag och organisationer som har kopplingar till Saab Car Museum. Saab Car Museum Support Organization St\u00f6df\u00f6reningen grundades i slutet av oktober 2012 och \u00e4r en ideell f\u00f6rening vars \u00e4ndam\u00e5l \u00e4r att fr\u00e4mja museets verksamhet. Saabveteranerna Trollh\u00e4ttan F\u00f6reningen \u00e4r \u00f6ppen f\u00f6r alla f\u00f6re detta anst\u00e4llda vid Saab Automobile AB j\u00e4mte [&hellip;]<\/p>\n","protected":false},"author":1,"featured_media":0,"parent":0,"menu_order":0,"comment_status":"closed","ping_status":"closed","template":"","meta":{"footnotes":""},"class_list":["post-290","page","type-page","status-publish","hentry"],"_links":{"self":[{"href":"http:\/\/saabcarmuseum.se\/en\/wp-json\/wp\/v2\/pages\/290","targetHints":{"allow":["GET"]}}],"collection":[{"href":"http:\/\/saabcarmuseum.se\/en\/wp-json\/wp\/v2\/pages"}],"about":[{"href":"http:\/\/saabcarmuseum.se\/en\/wp-json\/wp\/v2\/types\/page"}],"author":[{"embeddable":true,"href":"http:\/\/saabcarmuseum.se\/en\/wp-json\/wp\/v2\/users\/1"}],"replies":[{"embeddable":true,"href":"http:\/\/saabcarmuseum.se\/en\/wp-json\/wp\/v2\/comments?post=290"}],"version-history":[{"count":3,"href":"http:\/\/saabcarmuseum.se\/en\/wp-json\/wp\/v2\/pages\/290\/revisions"}],"predecessor-version":[{"id":2344,"href":"http:\/\/saabcarmuseum.se\/en\/wp-json\/wp\/v2\/pages\/290\/revisions\/2344"}],"wp:attachment":[{"href":"http:\/\/saabcarmuseum.se\/en\/wp-json\/wp\/v2\/media?parent=290"}],"curies":[{"name":"wp","href":"https:\/\/api.w.org\/{rel}","templated":true}]}}